{"id":120,"date":"2016-10-21T12:05:41","date_gmt":"2016-10-21T12:05:41","guid":{"rendered":"https:\/\/hilfe.telekom-cloudcenter.de\/?page_id=120"},"modified":"2016-10-21T12:30:37","modified_gmt":"2016-10-21T12:30:37","slug":"verfugbare-domain-auswahlen","status":"publish","type":"page","link":"https:\/\/hilfe.telekom-cloudcenter.de\/index.php\/domainverwaltung\/domain-beauftragen\/verfugbare-domain-auswahlen\/","title":{"rendered":"Verf\u00fcgbare Domain ausw\u00e4hlen"},"content":{"rendered":"<p>Als Ergebnis der Verf\u00fcgbarkeitspr\u00fcfung \u00a0wird Ihnen angezeigt, ob Ihre Wunschdomain verf\u00fcgbar ist. Sollte Ihre Wunschdomain bereits vergeben sein, erhalten wird Ihnen eine Liste mit weiteren Vorschl\u00e4gen angezeigt. Sie haben dann die M\u00f6glichkeit eine noch verf\u00fcgbare Domain zu registrieren, indem Sie die Schaltfl\u00e4che &#8220;beauftragen&#8221; w\u00e4hlen. Eine bereits vergebene Domain k\u00f6nnen Sie, sofern Sie der Domaininhaber sind, in den Cloud Manager \u00fcbernehmen. W\u00e4hlen Sie dazu die Schaltfl\u00e4che &#8220;\u00fcbertragen&#8221;. Im n\u00e4chsten Schritt k\u00f6nnen Sie die <a href=\"https:\/\/hilfe.telekom-cloudcenter.de\/index.php\/domainverwaltung\/domain-beauftragen\/domaindaten-erfassen\/\">Domaindaten f\u00fcr Ihre Domain erfassen<\/a>.<\/p>\n","protected":false},"excerpt":{"rendered":"<p>Als Ergebnis der Verf\u00fcgbarkeitspr\u00fcfung \u00a0wird Ihnen angezeigt, ob Ihre Wunschdomain verf\u00fcgbar ist. Sollte Ihre Wunschdomain bereits vergeben sein, erhalten wird Ihnen eine Liste mit weiteren Vorschl\u00e4gen angezeigt. Sie haben dann die M\u00f6glichkeit eine noch verf\u00fcgbare Domain zu registrieren, indem Sie die Schaltfl\u00e4che &#8220;beauftragen&#8221; w\u00e4hlen. Eine bereits vergebene Domain k\u00f6nnen Sie, sofern Sie der Domaininhaber sind,&#8230; <a href=\"https:\/\/hilfe.telekom-cloudcenter.de\/index.php\/domainverwaltung\/domain-beauftragen\/verfugbare-domain-auswahlen\/\">read more &raquo;<\/a><\/p>\n","protected":false},"author":1,"featured_media":0,"parent":95,"menu_order":0,"comment_status":"closed","ping_status":"closed","template":"","meta":{"footnotes":""},"_links":{"self":[{"href":"https:\/\/hilfe.telekom-cloudcenter.de\/index.php\/wp-json\/wp\/v2\/pages\/120"}],"collection":[{"href":"https:\/\/hilfe.telekom-cloudcenter.de\/index.php\/wp-json\/wp\/v2\/pages"}],"about":[{"href":"https:\/\/hilfe.telekom-cloudcenter.de\/index.php\/wp-json\/wp\/v2\/types\/page"}],"author":[{"embeddable":true,"href":"https:\/\/hilfe.telekom-cloudcenter.de\/index.php\/wp-json\/wp\/v2\/users\/1"}],"replies":[{"embeddable":true,"href":"https:\/\/hilfe.telekom-cloudcenter.de\/index.php\/wp-json\/wp\/v2\/comments?post=120"}],"version-history":[{"count":3,"href":"https:\/\/hilfe.telekom-cloudcenter.de\/index.php\/wp-json\/wp\/v2\/pages\/120\/revisions"}],"predecessor-version":[{"id":130,"href":"https:\/\/hilfe.telekom-cloudcenter.de\/index.php\/wp-json\/wp\/v2\/pages\/120\/revisions\/130"}],"up":[{"embeddable":true,"href":"https:\/\/hilfe.telekom-cloudcenter.de\/index.php\/wp-json\/wp\/v2\/pages\/95"}],"wp:attachment":[{"href":"https:\/\/hilfe.telekom-cloudcenter.de\/index.php\/wp-json\/wp\/v2\/media?parent=120"}],"curies":[{"name":"wp","href":"https:\/\/api.w.org\/{rel}","templated":true}]}}