{"id":139,"date":"2016-10-24T13:11:08","date_gmt":"2016-10-24T13:11:08","guid":{"rendered":"https:\/\/hilfe.telekom-cloudcenter.de\/?page_id=139"},"modified":"2023-11-17T08:26:09","modified_gmt":"2023-11-17T08:26:09","slug":"service","status":"publish","type":"page","link":"https:\/\/hilfe.telekom-cloudcenter.de\/index.php\/service\/","title":{"rendered":"Service"},"content":{"rendered":"<p>Der Men\u00fcpunkt <strong>&#8220;Service&#8221;<\/strong> bietet Ihnen zun\u00e4chst eine \u00dcbersicht zu den Themen <a href=\"https:\/\/hilfe.telekom-cloudcenter.de\/index.php\/service\/faq\/\"><strong>&#8220;FAQ&#8221;<\/strong><\/a>, <a href=\"https:\/\/hilfe.telekom-cloudcenter.de\/index.php\/service\/downloads\/\"><strong>&#8220;Downloads&#8221;<\/strong><\/a>, <strong>&#8220;Kundenservice&#8221;<\/strong> und <a href=\"https:\/\/hilfe.telekom-cloudcenter.de\/index.php\/service\/kontakt\/\"><strong>&#8220;Kontakt&#8221;<\/strong><\/a>. Weiterhin gelangen Sie \u00fcber den Untermen\u00fcpunkt <a href=\"https:\/\/hilfe.telekom-cloudcenter.de\/index.php\/service\/prozessmonitor\/\"><strong>&#8220;Prozessmonitor&#8221;<\/strong><\/a> in die \u00dcbersicht der Prozesse f\u00fcr Ihre Organisation.<\/p>\n","protected":false},"excerpt":{"rendered":"<p>Der Men\u00fcpunkt &#8220;Service&#8221; bietet Ihnen zun\u00e4chst eine \u00dcbersicht zu den Themen &#8220;FAQ&#8221;, &#8220;Downloads&#8221;, &#8220;Kundenservice&#8221; und &#8220;Kontakt&#8221;. Weiterhin gelangen Sie \u00fcber den Untermen\u00fcpunkt &#8220;Prozessmonitor&#8221; in die \u00dcbersicht der Prozesse f\u00fcr Ihre Organisation.<\/p>\n","protected":false},"author":1,"featured_media":0,"parent":0,"menu_order":0,"comment_status":"closed","ping_status":"closed","template":"","meta":{"footnotes":""},"_links":{"self":[{"href":"https:\/\/hilfe.telekom-cloudcenter.de\/index.php\/wp-json\/wp\/v2\/pages\/139"}],"collection":[{"href":"https:\/\/hilfe.telekom-cloudcenter.de\/index.php\/wp-json\/wp\/v2\/pages"}],"about":[{"href":"https:\/\/hilfe.telekom-cloudcenter.de\/index.php\/wp-json\/wp\/v2\/types\/page"}],"author":[{"embeddable":true,"href":"https:\/\/hilfe.telekom-cloudcenter.de\/index.php\/wp-json\/wp\/v2\/users\/1"}],"replies":[{"embeddable":true,"href":"https:\/\/hilfe.telekom-cloudcenter.de\/index.php\/wp-json\/wp\/v2\/comments?post=139"}],"version-history":[{"count":6,"href":"https:\/\/hilfe.telekom-cloudcenter.de\/index.php\/wp-json\/wp\/v2\/pages\/139\/revisions"}],"predecessor-version":[{"id":6284,"href":"https:\/\/hilfe.telekom-cloudcenter.de\/index.php\/wp-json\/wp\/v2\/pages\/139\/revisions\/6284"}],"wp:attachment":[{"href":"https:\/\/hilfe.telekom-cloudcenter.de\/index.php\/wp-json\/wp\/v2\/media?parent=139"}],"curies":[{"name":"wp","href":"https:\/\/api.w.org\/{rel}","templated":true}]}}