{"id":143,"date":"2016-10-24T13:14:28","date_gmt":"2016-10-24T13:14:28","guid":{"rendered":"https:\/\/hilfe.telekom-cloudcenter.de\/?page_id=143"},"modified":"2016-10-24T13:14:28","modified_gmt":"2016-10-24T13:14:28","slug":"domain-transferieren","status":"publish","type":"page","link":"https:\/\/hilfe.telekom-cloudcenter.de\/index.php\/domainverwaltung\/domain-transferieren\/","title":{"rendered":"Domain transferieren"},"content":{"rendered":"<p>Um eine \u00fcber den Cloud Manager registrierte Domain zu einem anderen Provider zu transferieren (KK-Auftrag), veranlassen Sie den Domaintransfer (Domain\u00fcbernahme) bitte bei Ihrem neuen Provider. Den hierf\u00fcr ggf. n\u00f6tigen Authorisierungscode k\u00f6nnen Sie \u00fcber die Domaindetails anfordern.<\/p>\n","protected":false},"excerpt":{"rendered":"<p>Um eine \u00fcber den Cloud Manager registrierte Domain zu einem anderen Provider zu transferieren (KK-Auftrag), veranlassen Sie den Domaintransfer (Domain\u00fcbernahme) bitte bei Ihrem neuen Provider. Den hierf\u00fcr ggf. n\u00f6tigen Authorisierungscode k\u00f6nnen Sie \u00fcber die Domaindetails anfordern.<\/p>\n","protected":false},"author":1,"featured_media":0,"parent":56,"menu_order":0,"comment_status":"closed","ping_status":"closed","template":"","meta":{"footnotes":""},"_links":{"self":[{"href":"https:\/\/hilfe.telekom-cloudcenter.de\/index.php\/wp-json\/wp\/v2\/pages\/143"}],"collection":[{"href":"https:\/\/hilfe.telekom-cloudcenter.de\/index.php\/wp-json\/wp\/v2\/pages"}],"about":[{"href":"https:\/\/hilfe.telekom-cloudcenter.de\/index.php\/wp-json\/wp\/v2\/types\/page"}],"author":[{"embeddable":true,"href":"https:\/\/hilfe.telekom-cloudcenter.de\/index.php\/wp-json\/wp\/v2\/users\/1"}],"replies":[{"embeddable":true,"href":"https:\/\/hilfe.telekom-cloudcenter.de\/index.php\/wp-json\/wp\/v2\/comments?post=143"}],"version-history":[{"count":1,"href":"https:\/\/hilfe.telekom-cloudcenter.de\/index.php\/wp-json\/wp\/v2\/pages\/143\/revisions"}],"predecessor-version":[{"id":144,"href":"https:\/\/hilfe.telekom-cloudcenter.de\/index.php\/wp-json\/wp\/v2\/pages\/143\/revisions\/144"}],"up":[{"embeddable":true,"href":"https:\/\/hilfe.telekom-cloudcenter.de\/index.php\/wp-json\/wp\/v2\/pages\/56"}],"wp:attachment":[{"href":"https:\/\/hilfe.telekom-cloudcenter.de\/index.php\/wp-json\/wp\/v2\/media?parent=143"}],"curies":[{"name":"wp","href":"https:\/\/api.w.org\/{rel}","templated":true}]}}