{"id":146,"date":"2016-10-24T13:23:06","date_gmt":"2016-10-24T13:23:06","guid":{"rendered":"https:\/\/hilfe.telekom-cloudcenter.de\/?page_id=146"},"modified":"2016-10-25T13:38:53","modified_gmt":"2016-10-25T13:38:53","slug":"domaindetails-anzeigen","status":"publish","type":"page","link":"https:\/\/hilfe.telekom-cloudcenter.de\/index.php\/domainverwaltung\/domaindetails-anzeigen\/","title":{"rendered":"Domaindetails anzeigen"},"content":{"rendered":"<p>Nach Auswahl einer Domain in der Domain\u00fcbersicht werden Ihnen die Domaindetails angezeigt. Die Detailanzeige beschr\u00e4nkt sich bei fremdgehosteten Domains auf die Anzeige der Domaindaten sowie die M\u00f6glichkeit zum <a href=\"https:\/\/hilfe.telekom-cloudcenter.de\/index.php\/domainverwaltung\/domain-bearbeiten\/\">Bearbeiten der Domaindaten<\/a>.<\/p>\n<p>Bei Domains, die Sie \u00fcber den Cloud Manager registriert haben, werden Ihnen zus\u00e4tzlich zu den Domaindaten folgende Informationen angezeigt:<\/p>\n<ul>\n<li>A-Records zu Ihrer Domain<\/li>\n<li>MX-Records zu Ihrer Domain<\/li>\n<li>Kontaktdaten zu Ihrer Domain<\/li>\n<\/ul>\n<p>Weiterhin stehen Ihnen f\u00fcr registrierte Domains folgende Bearbeitungsm\u00f6glichkeiten zur Verf\u00fcgung:<\/p>\n<ul>\n<li><a href=\"https:\/\/hilfe.telekom-cloudcenter.de\/index.php\/domainverwaltung\/domaindetails-anzeigen\/domainkontaktdaten-andern\/\"><strong>Bearbeiten der Kontaktdaten<\/strong><\/a><\/li>\n<li><a href=\"https:\/\/hilfe.telekom-cloudcenter.de\/index.php\/domainverwaltung\/domain-bearbeiten\/\"><strong>Bearbeiten der MX-Records<\/strong><\/a><\/li>\n<li><a href=\"https:\/\/hilfe.telekom-cloudcenter.de\/index.php\/domainverwaltung\/domaindetails-anzeigen\/authorisierungscode-anfordern-zurucksetzen\/\"><strong>Anfordern eines Authorisierungscodes<\/strong><\/a> f\u00fcr die \u00dcbernahme der Domain zu einem anderen Provider<\/li>\n<\/ul>\n","protected":false},"excerpt":{"rendered":"<p>Nach Auswahl einer Domain in der Domain\u00fcbersicht werden Ihnen die Domaindetails angezeigt. Die Detailanzeige beschr\u00e4nkt sich bei fremdgehosteten Domains auf die Anzeige der Domaindaten sowie die M\u00f6glichkeit zum Bearbeiten der Domaindaten. Bei Domains, die Sie \u00fcber den Cloud Manager registriert haben, werden Ihnen zus\u00e4tzlich zu den Domaindaten folgende Informationen angezeigt: A-Records zu Ihrer Domain MX-Records&#8230; <a href=\"https:\/\/hilfe.telekom-cloudcenter.de\/index.php\/domainverwaltung\/domaindetails-anzeigen\/\">read more &raquo;<\/a><\/p>\n","protected":false},"author":1,"featured_media":0,"parent":56,"menu_order":0,"comment_status":"closed","ping_status":"closed","template":"","meta":{"footnotes":""},"_links":{"self":[{"href":"https:\/\/hilfe.telekom-cloudcenter.de\/index.php\/wp-json\/wp\/v2\/pages\/146"}],"collection":[{"href":"https:\/\/hilfe.telekom-cloudcenter.de\/index.php\/wp-json\/wp\/v2\/pages"}],"about":[{"href":"https:\/\/hilfe.telekom-cloudcenter.de\/index.php\/wp-json\/wp\/v2\/types\/page"}],"author":[{"embeddable":true,"href":"https:\/\/hilfe.telekom-cloudcenter.de\/index.php\/wp-json\/wp\/v2\/users\/1"}],"replies":[{"embeddable":true,"href":"https:\/\/hilfe.telekom-cloudcenter.de\/index.php\/wp-json\/wp\/v2\/comments?post=146"}],"version-history":[{"count":6,"href":"https:\/\/hilfe.telekom-cloudcenter.de\/index.php\/wp-json\/wp\/v2\/pages\/146\/revisions"}],"predecessor-version":[{"id":235,"href":"https:\/\/hilfe.telekom-cloudcenter.de\/index.php\/wp-json\/wp\/v2\/pages\/146\/revisions\/235"}],"up":[{"embeddable":true,"href":"https:\/\/hilfe.telekom-cloudcenter.de\/index.php\/wp-json\/wp\/v2\/pages\/56"}],"wp:attachment":[{"href":"https:\/\/hilfe.telekom-cloudcenter.de\/index.php\/wp-json\/wp\/v2\/media?parent=146"}],"curies":[{"name":"wp","href":"https:\/\/api.w.org\/{rel}","templated":true}]}}