{"id":148,"date":"2016-10-24T13:23:41","date_gmt":"2016-10-24T13:23:41","guid":{"rendered":"https:\/\/hilfe.telekom-cloudcenter.de\/?page_id=148"},"modified":"2016-10-24T13:23:41","modified_gmt":"2016-10-24T13:23:41","slug":"authorisierungscode-anfordern-zurucksetzen","status":"publish","type":"page","link":"https:\/\/hilfe.telekom-cloudcenter.de\/index.php\/domainverwaltung\/domaindetails-anzeigen\/authorisierungscode-anfordern-zurucksetzen\/","title":{"rendered":"Authorisierungscode anfordern \/ zur\u00fccksetzen"},"content":{"rendered":"<p>F\u00fcr den Umzug einer \u00fcber den Cloud Manager registrierten Domain zu einem anderen Provider ben\u00f6tigen Sie gegebenenfalls einen Authorisierungscode. Diesen k\u00f6nnen Sie \u00fcber die Domainverwaltung anfordern, wonach der Authorisierungscode an die angegebene E-Mailadresse des Domaininhabers gesendet wird. Das Zur\u00fccksetzen eines bereits vorhandenen Authorisierungscodes ist ebenfalls \u00fcber die Domainverwaltung m\u00f6glich, wonach dieser gel\u00f6scht wird und Sie \u00fcber die entsprechende Funktion einen neuen Authorisierungscode anfordern k\u00f6nnen.<\/p>\n","protected":false},"excerpt":{"rendered":"<p>F\u00fcr den Umzug einer \u00fcber den Cloud Manager registrierten Domain zu einem anderen Provider ben\u00f6tigen Sie gegebenenfalls einen Authorisierungscode. Diesen k\u00f6nnen Sie \u00fcber die Domainverwaltung anfordern, wonach der Authorisierungscode an die angegebene E-Mailadresse des Domaininhabers gesendet wird. Das Zur\u00fccksetzen eines bereits vorhandenen Authorisierungscodes ist ebenfalls \u00fcber die Domainverwaltung m\u00f6glich, wonach dieser gel\u00f6scht wird und Sie&#8230; <a href=\"https:\/\/hilfe.telekom-cloudcenter.de\/index.php\/domainverwaltung\/domaindetails-anzeigen\/authorisierungscode-anfordern-zurucksetzen\/\">read more &raquo;<\/a><\/p>\n","protected":false},"author":1,"featured_media":0,"parent":146,"menu_order":0,"comment_status":"closed","ping_status":"closed","template":"","meta":{"footnotes":""},"_links":{"self":[{"href":"https:\/\/hilfe.telekom-cloudcenter.de\/index.php\/wp-json\/wp\/v2\/pages\/148"}],"collection":[{"href":"https:\/\/hilfe.telekom-cloudcenter.de\/index.php\/wp-json\/wp\/v2\/pages"}],"about":[{"href":"https:\/\/hilfe.telekom-cloudcenter.de\/index.php\/wp-json\/wp\/v2\/types\/page"}],"author":[{"embeddable":true,"href":"https:\/\/hilfe.telekom-cloudcenter.de\/index.php\/wp-json\/wp\/v2\/users\/1"}],"replies":[{"embeddable":true,"href":"https:\/\/hilfe.telekom-cloudcenter.de\/index.php\/wp-json\/wp\/v2\/comments?post=148"}],"version-history":[{"count":1,"href":"https:\/\/hilfe.telekom-cloudcenter.de\/index.php\/wp-json\/wp\/v2\/pages\/148\/revisions"}],"predecessor-version":[{"id":149,"href":"https:\/\/hilfe.telekom-cloudcenter.de\/index.php\/wp-json\/wp\/v2\/pages\/148\/revisions\/149"}],"up":[{"embeddable":true,"href":"https:\/\/hilfe.telekom-cloudcenter.de\/index.php\/wp-json\/wp\/v2\/pages\/146"}],"wp:attachment":[{"href":"https:\/\/hilfe.telekom-cloudcenter.de\/index.php\/wp-json\/wp\/v2\/media?parent=148"}],"curies":[{"name":"wp","href":"https:\/\/api.w.org\/{rel}","templated":true}]}}