{"id":155,"date":"2016-10-24T13:55:01","date_gmt":"2016-10-24T13:55:01","guid":{"rendered":"https:\/\/hilfe.telekom-cloudcenter.de\/?page_id=155"},"modified":"2016-10-24T13:55:01","modified_gmt":"2016-10-24T13:55:01","slug":"domainkontaktdaten-andern","status":"publish","type":"page","link":"https:\/\/hilfe.telekom-cloudcenter.de\/index.php\/domainverwaltung\/domaindetails-anzeigen\/domainkontaktdaten-andern\/","title":{"rendered":"Domainkontaktdaten \u00e4ndern"},"content":{"rendered":"<p>F\u00fcr Domains, die \u00fcber den Cloud Manager registriert wurden (Status &#8220;registriert&#8221;) k\u00f6nnen die Domainkontaktdaten des Inhabers und des Admin-C (technischer Ansprechpartner) ge\u00e4ndert werden. Um die Domainkontaktdaten zu bearbeiten, w\u00e4hlen Sie in den Domaindetails die Schaltfl\u00e4che <strong>&#8220;Bearbeiten&#8221;<\/strong> (Stift-Symbol) im Bereich <strong>&#8220;Kontaktdaten&#8221;<\/strong>. Bitte beachten Sie, dass die \u00c4nderung der Kontaktdaten einer Domain ggf. auch weitere Domains betrifft, sofern sich die Domains in der gleichen Handlegruppe befinden. Verf\u00fcgen Sie bspw. \u00fcber mehrere .de-Domains werden bei \u00c4nderung der Kontaktdaten f\u00fcr eine Domain automatisch die Kontaktdaten aller anderen .de-Domains ebenfalls ge\u00e4ndert. Die \u00c4nderung bestimmter Kontaktdaten\u00a0wie bspw. der E-Mailadresse\u00a0muss durch den jeweiligen Ansprechpartner best\u00e4tigt werden.\u00a0Dazu erh\u00e4lt der angegebene Ansprechpartner an die (bis dato) angegebene E-Mailadresse eine E-Mail mit der\u00a0Bitte, die Kontaktdaten\u00e4nderung \u00fcber einen Best\u00e4tigungslink zu best\u00e4tigen. Erst nach Abschluss der Best\u00e4tigung werden die Kontaktdaten ge\u00e4ndert.<\/p>\n","protected":false},"excerpt":{"rendered":"<p>F\u00fcr Domains, die \u00fcber den Cloud Manager registriert wurden (Status &#8220;registriert&#8221;) k\u00f6nnen die Domainkontaktdaten des Inhabers und des Admin-C (technischer Ansprechpartner) ge\u00e4ndert werden. Um die Domainkontaktdaten zu bearbeiten, w\u00e4hlen Sie in den Domaindetails die Schaltfl\u00e4che &#8220;Bearbeiten&#8221; (Stift-Symbol) im Bereich &#8220;Kontaktdaten&#8221;. Bitte beachten Sie, dass die \u00c4nderung der Kontaktdaten einer Domain ggf. auch weitere Domains betrifft,&#8230; <a href=\"https:\/\/hilfe.telekom-cloudcenter.de\/index.php\/domainverwaltung\/domaindetails-anzeigen\/domainkontaktdaten-andern\/\">read more &raquo;<\/a><\/p>\n","protected":false},"author":1,"featured_media":0,"parent":146,"menu_order":0,"comment_status":"closed","ping_status":"closed","template":"","meta":{"footnotes":""},"_links":{"self":[{"href":"https:\/\/hilfe.telekom-cloudcenter.de\/index.php\/wp-json\/wp\/v2\/pages\/155"}],"collection":[{"href":"https:\/\/hilfe.telekom-cloudcenter.de\/index.php\/wp-json\/wp\/v2\/pages"}],"about":[{"href":"https:\/\/hilfe.telekom-cloudcenter.de\/index.php\/wp-json\/wp\/v2\/types\/page"}],"author":[{"embeddable":true,"href":"https:\/\/hilfe.telekom-cloudcenter.de\/index.php\/wp-json\/wp\/v2\/users\/1"}],"replies":[{"embeddable":true,"href":"https:\/\/hilfe.telekom-cloudcenter.de\/index.php\/wp-json\/wp\/v2\/comments?post=155"}],"version-history":[{"count":1,"href":"https:\/\/hilfe.telekom-cloudcenter.de\/index.php\/wp-json\/wp\/v2\/pages\/155\/revisions"}],"predecessor-version":[{"id":156,"href":"https:\/\/hilfe.telekom-cloudcenter.de\/index.php\/wp-json\/wp\/v2\/pages\/155\/revisions\/156"}],"up":[{"embeddable":true,"href":"https:\/\/hilfe.telekom-cloudcenter.de\/index.php\/wp-json\/wp\/v2\/pages\/146"}],"wp:attachment":[{"href":"https:\/\/hilfe.telekom-cloudcenter.de\/index.php\/wp-json\/wp\/v2\/media?parent=155"}],"curies":[{"name":"wp","href":"https:\/\/api.w.org\/{rel}","templated":true}]}}