{"id":172,"date":"2016-10-25T09:43:12","date_gmt":"2016-10-25T09:43:12","guid":{"rendered":"https:\/\/hilfe.telekom-cloudcenter.de\/?page_id=172"},"modified":"2016-10-25T14:43:50","modified_gmt":"2016-10-25T14:43:50","slug":"nutzer-bearbeiten","status":"publish","type":"page","link":"https:\/\/hilfe.telekom-cloudcenter.de\/index.php\/nutzerverwaltung\/nutzerdetails\/nutzer-bearbeiten\/","title":{"rendered":"Nutzerdaten bearbeiten"},"content":{"rendered":"<p>Die Nutzerdaten k\u00f6nnen Sie in den Nutzerdetails bearbeiten, indem Sie in der Datenbox &#8220;Nutzerdaten&#8221; das Stift-Symbol w\u00e4hlen. Anschlie\u00dfend wird Ihnen der Bearbeitungsmodus angezeigt und Sie k\u00f6nnen alle Daten des Nutzers bearbeiten bzw. \u00e4ndern.<\/p>\n<p><strong>Bitte beachten Sie:<\/strong> Wenn Sie als Administrator Ihren eigenen Loginnamen \u00e4ndern, werden Sie nach der \u00c4nderung vom Cloud Manager abgemeldet und m\u00fcssen sich aus Sicherheitsgr\u00fcnden erneut mit Ihrem neuen Loginnamen anmelden.<\/p>\n","protected":false},"excerpt":{"rendered":"<p>Die Nutzerdaten k\u00f6nnen Sie in den Nutzerdetails bearbeiten, indem Sie in der Datenbox &#8220;Nutzerdaten&#8221; das Stift-Symbol w\u00e4hlen. Anschlie\u00dfend wird Ihnen der Bearbeitungsmodus angezeigt und Sie k\u00f6nnen alle Daten des Nutzers bearbeiten bzw. \u00e4ndern. Bitte beachten Sie: Wenn Sie als Administrator Ihren eigenen Loginnamen \u00e4ndern, werden Sie nach der \u00c4nderung vom Cloud Manager abgemeldet und m\u00fcssen&#8230; <a href=\"https:\/\/hilfe.telekom-cloudcenter.de\/index.php\/nutzerverwaltung\/nutzerdetails\/nutzer-bearbeiten\/\">read more &raquo;<\/a><\/p>\n","protected":false},"author":1,"featured_media":0,"parent":174,"menu_order":0,"comment_status":"closed","ping_status":"closed","template":"","meta":{"footnotes":""},"_links":{"self":[{"href":"https:\/\/hilfe.telekom-cloudcenter.de\/index.php\/wp-json\/wp\/v2\/pages\/172"}],"collection":[{"href":"https:\/\/hilfe.telekom-cloudcenter.de\/index.php\/wp-json\/wp\/v2\/pages"}],"about":[{"href":"https:\/\/hilfe.telekom-cloudcenter.de\/index.php\/wp-json\/wp\/v2\/types\/page"}],"author":[{"embeddable":true,"href":"https:\/\/hilfe.telekom-cloudcenter.de\/index.php\/wp-json\/wp\/v2\/users\/1"}],"replies":[{"embeddable":true,"href":"https:\/\/hilfe.telekom-cloudcenter.de\/index.php\/wp-json\/wp\/v2\/comments?post=172"}],"version-history":[{"count":4,"href":"https:\/\/hilfe.telekom-cloudcenter.de\/index.php\/wp-json\/wp\/v2\/pages\/172\/revisions"}],"predecessor-version":[{"id":243,"href":"https:\/\/hilfe.telekom-cloudcenter.de\/index.php\/wp-json\/wp\/v2\/pages\/172\/revisions\/243"}],"up":[{"embeddable":true,"href":"https:\/\/hilfe.telekom-cloudcenter.de\/index.php\/wp-json\/wp\/v2\/pages\/174"}],"wp:attachment":[{"href":"https:\/\/hilfe.telekom-cloudcenter.de\/index.php\/wp-json\/wp\/v2\/media?parent=172"}],"curies":[{"name":"wp","href":"https:\/\/api.w.org\/{rel}","templated":true}]}}