{"id":1726,"date":"2017-08-07T12:59:31","date_gmt":"2017-08-07T12:59:31","guid":{"rendered":"https:\/\/hilfe.telekom-cloudcenter.de\/?page_id=1726"},"modified":"2023-06-21T07:48:45","modified_gmt":"2023-06-21T07:48:45","slug":"wichtige-information","status":"publish","type":"page","link":"https:\/\/hilfe.telekom-cloudcenter.de\/index.php\/service\/wichtige-information\/","title":{"rendered":"Wichtige Informationen"},"content":{"rendered":"<p><strong>Keine Unterst\u00fctzung mehr f\u00fcr Windows XP und IE 6 &#8211; Technischer Hintergrund<br \/><\/strong><\/p>\n<p>Die Cipher Suite ist eine standardisierte Sammlung kryptografischer Verfahren, beispielsweise zur Verschl\u00fcsselung.<\/p>\n<p>Im Protokoll Transport Layer Security (TLS) (fr\u00fcher SSL) legt die Cipher Suite fest, welche Algorithmen zum Aufbau einer gesicherten Datenverbindung verwendet werden sollen.<\/p>\n<p>Die Cipher Suite identifiziert eine Kombination aus vier Algorithmen:<\/p>\n<ul>\n<li>Schl\u00fcsselaustausch<\/li>\n<li>Authentifizierung<\/li>\n<li>Hashfunktion<\/li>\n<li>Verschl\u00fcsselung<\/li>\n<\/ul>\n<p>Entscheidend bei der Konfiguration der Cipher Suite sind die angebotenen Verschl\u00fcsselungsalgorithmen und deren Reihenfolge. Die in der Kommunikation verwendeten Algorithmen werden zwischen Clientapplikation und unseren Services ausgehandelt.<\/p>\n<p>Ende August 2017 werden die folgenden kryptographischen Verfahren f\u00fcr den Zugriff auf alle Services abgeschaltet:<\/p>\n<ul>\n<li>RC4<\/li>\n<li>DES \/ Triple-DES<\/li>\n<\/ul>\n<p>Damit k\u00f6nnen entsprechende Cipher-Suites nicht mehr f\u00fcr die Herstellung einer gesicherten Datenverbindung verwendet werden.<\/p>\n\n\n<p><strong>Sender Policy Framework &#8211; SPF Record<\/strong><\/p>\n\n\n\n<p>Der SPF Record wird im DNS der gew\u00fcnschten Domain als TXT Record gesetzt. F\u00fcr unsere sendenden Systeme haben wir einen dynamischen SPF Record eingerichtet, hinter dem sich die IP Adressen der Gateways befinden:<\/p>\n\n\n\n<p>spf.mas.t-systems-service.com<\/p>\n\n\n\n<p>Syntax Beispiel: v=spf1 a:spf.mas.t-systems-service.com ~all ( Soft Fail ) oder -all ( Block &#8211; Hard Fail )<\/p>\n\n\n\n<p><strong>Wichtig:<\/strong>&nbsp;Der oben genannte Eintrag bezieht sich nur auf BCS Gateways und legitimiert nur BCS Gateways im Namen der Kundendomain zu versenden.<\/p>\n\n\n\n<p>Sollten weitere ( aus BCS Sicht externe ) Systeme genutzt werden, die im Namen der Domain versenden, dann m\u00fcssen diese beim Setzen des SPF Records ebenfalls ber\u00fccksichtigt werden. Geschieht dies nicht, besteht eine gro\u00dfe Wahrscheinlichkeit, dass diese Systeme, wenn sie in Namen der Kundendomain senden, auf Empf\u00e4ngerseite abgewiesen oder E-Mails von diesen Systemen als SPAM getagged werden.<\/p>\n","protected":false},"excerpt":{"rendered":"<p>Keine Unterst\u00fctzung mehr f\u00fcr Windows XP und IE 6 &#8211; Technischer Hintergrund Die Cipher Suite ist eine standardisierte Sammlung kryptografischer Verfahren, beispielsweise zur Verschl\u00fcsselung. Im Protokoll Transport Layer Security (TLS) (fr\u00fcher SSL) legt die Cipher Suite fest, welche Algorithmen zum Aufbau einer gesicherten Datenverbindung verwendet werden sollen. Die Cipher Suite identifiziert eine Kombination aus vier&#8230; <a href=\"https:\/\/hilfe.telekom-cloudcenter.de\/index.php\/service\/wichtige-information\/\">read more &raquo;<\/a><\/p>\n","protected":false},"author":1,"featured_media":0,"parent":139,"menu_order":0,"comment_status":"closed","ping_status":"closed","template":"","meta":{"footnotes":""},"_links":{"self":[{"href":"https:\/\/hilfe.telekom-cloudcenter.de\/index.php\/wp-json\/wp\/v2\/pages\/1726"}],"collection":[{"href":"https:\/\/hilfe.telekom-cloudcenter.de\/index.php\/wp-json\/wp\/v2\/pages"}],"about":[{"href":"https:\/\/hilfe.telekom-cloudcenter.de\/index.php\/wp-json\/wp\/v2\/types\/page"}],"author":[{"embeddable":true,"href":"https:\/\/hilfe.telekom-cloudcenter.de\/index.php\/wp-json\/wp\/v2\/users\/1"}],"replies":[{"embeddable":true,"href":"https:\/\/hilfe.telekom-cloudcenter.de\/index.php\/wp-json\/wp\/v2\/comments?post=1726"}],"version-history":[{"count":4,"href":"https:\/\/hilfe.telekom-cloudcenter.de\/index.php\/wp-json\/wp\/v2\/pages\/1726\/revisions"}],"predecessor-version":[{"id":6199,"href":"https:\/\/hilfe.telekom-cloudcenter.de\/index.php\/wp-json\/wp\/v2\/pages\/1726\/revisions\/6199"}],"up":[{"embeddable":true,"href":"https:\/\/hilfe.telekom-cloudcenter.de\/index.php\/wp-json\/wp\/v2\/pages\/139"}],"wp:attachment":[{"href":"https:\/\/hilfe.telekom-cloudcenter.de\/index.php\/wp-json\/wp\/v2\/media?parent=1726"}],"curies":[{"name":"wp","href":"https:\/\/api.w.org\/{rel}","templated":true}]}}