{"id":174,"date":"2016-10-25T09:43:32","date_gmt":"2016-10-25T09:43:32","guid":{"rendered":"https:\/\/hilfe.telekom-cloudcenter.de\/?page_id=174"},"modified":"2023-11-17T08:49:21","modified_gmt":"2023-11-17T08:49:21","slug":"nutzerdetails","status":"publish","type":"page","link":"https:\/\/hilfe.telekom-cloudcenter.de\/index.php\/nutzerverwaltung\/nutzerdetails\/","title":{"rendered":"Nutzerdetails"},"content":{"rendered":"\n<p>Nach Auswahl eines Nutzers in der Nutzer\u00fcbersicht werden Ihnen die Nutzerdetails angezeigt. In der Detailanzeige sind folgende Informationen ersichtlich:<\/p>\n\n\n\n<ul>\n<li>Nutzerdaten bestehend aus allgemeinen Nutzerdaten, gesch\u00e4ftlichen Daten, Login-Daten und der Mail-Enabled User Option<\/li>\n\n\n\n<li>Produktzuweisungen des Nutzers<\/li>\n<\/ul>\n\n\n\n<p>Die einzelnen Nutzer- und Produktdaten werden in separaten Datenboxen angezeigt, die Sie einzeln bearbeiten k\u00f6nnen. W\u00e4hlen Sie zum Bearbeiten das Stift-Symbol in der jeweiligen Datenbox.<\/p>\n\n\n\n<p>Weiterhin stehen Ihnen folgende Bearbeitungsm\u00f6glichkeiten zur Verf\u00fcgung:<\/p>\n\n\n\n<ul>\n<li><a href=\"https:\/\/hilfe.telekom-cloudcenter.de\/index.php\/nutzerverwaltung\/nutzerdetails\/nutzer-bearbeiten\/\"><strong>Bearbeiten der Nutzerdaten<\/strong><\/a><\/li>\n\n\n\n<li><a href=\"https:\/\/hilfe.telekom-cloudcenter.de\/index.php\/nutzerverwaltung\/nutzerdetails\/passwort-zurucksetzen\/\"><strong>Zur\u00fccksetzen des Passworts des Nutzers<\/strong><\/a><\/li>\n\n\n\n<li><a href=\"https:\/\/hilfe.telekom-cloudcenter.de\/index.php\/nutzerverwaltung\/nutzerdetails\/mailboxdaten-bearbeiten\/\"><strong>Bearbeiten der Mailboxdaten des Nutzers<\/strong><\/a><\/li>\n\n\n\n<li><a href=\"https:\/\/hilfe.telekom-cloudcenter.de\/index.php\/nutzerverwaltung\/nutzerdetails\/sharepoint-nutzerdaten-bearbeiten\/\"><strong>Bearbeiten der SharePoint-Nutzerdaten<\/strong><\/a><\/li>\n\n\n\n<li><a href=\"https:\/\/hilfe.telekom-cloudcenter.de\/index.php\/nutzerverwaltung\/nutzerdetails\/__trashed\/\" data-type=\"page\" data-id=\"6220\"><strong>Bearbeiten der E-Mail Protect Pro Lizenzdaten<\/strong><\/a><\/li>\n\n\n\n<li><a href=\"https:\/\/hilfe.telekom-cloudcenter.de\/index.php\/nutzerverwaltung\/nutzerdetails\/produktzuweisung-entfernen\/\"><strong>Entfernen von Produktzuweisungen<\/strong><\/a><\/li>\n<\/ul>\n","protected":false},"excerpt":{"rendered":"<p>Nach Auswahl eines Nutzers in der Nutzer\u00fcbersicht werden Ihnen die Nutzerdetails angezeigt. In der Detailanzeige sind folgende Informationen ersichtlich: Die einzelnen Nutzer- und Produktdaten werden in separaten Datenboxen angezeigt, die Sie einzeln bearbeiten k\u00f6nnen. W\u00e4hlen Sie zum Bearbeiten das Stift-Symbol in der jeweiligen Datenbox. Weiterhin stehen Ihnen folgende Bearbeitungsm\u00f6glichkeiten zur Verf\u00fcgung:<\/p>\n","protected":false},"author":1,"featured_media":0,"parent":33,"menu_order":0,"comment_status":"closed","ping_status":"closed","template":"","meta":{"footnotes":""},"_links":{"self":[{"href":"https:\/\/hilfe.telekom-cloudcenter.de\/index.php\/wp-json\/wp\/v2\/pages\/174"}],"collection":[{"href":"https:\/\/hilfe.telekom-cloudcenter.de\/index.php\/wp-json\/wp\/v2\/pages"}],"about":[{"href":"https:\/\/hilfe.telekom-cloudcenter.de\/index.php\/wp-json\/wp\/v2\/types\/page"}],"author":[{"embeddable":true,"href":"https:\/\/hilfe.telekom-cloudcenter.de\/index.php\/wp-json\/wp\/v2\/users\/1"}],"replies":[{"embeddable":true,"href":"https:\/\/hilfe.telekom-cloudcenter.de\/index.php\/wp-json\/wp\/v2\/comments?post=174"}],"version-history":[{"count":6,"href":"https:\/\/hilfe.telekom-cloudcenter.de\/index.php\/wp-json\/wp\/v2\/pages\/174\/revisions"}],"predecessor-version":[{"id":6290,"href":"https:\/\/hilfe.telekom-cloudcenter.de\/index.php\/wp-json\/wp\/v2\/pages\/174\/revisions\/6290"}],"up":[{"embeddable":true,"href":"https:\/\/hilfe.telekom-cloudcenter.de\/index.php\/wp-json\/wp\/v2\/pages\/33"}],"wp:attachment":[{"href":"https:\/\/hilfe.telekom-cloudcenter.de\/index.php\/wp-json\/wp\/v2\/media?parent=174"}],"curies":[{"name":"wp","href":"https:\/\/api.w.org\/{rel}","templated":true}]}}