{"id":177,"date":"2016-10-25T09:45:33","date_gmt":"2016-10-25T09:45:33","guid":{"rendered":"https:\/\/hilfe.telekom-cloudcenter.de\/?page_id=177"},"modified":"2016-10-25T14:50:46","modified_gmt":"2016-10-25T14:50:46","slug":"passwort-zurucksetzen","status":"publish","type":"page","link":"https:\/\/hilfe.telekom-cloudcenter.de\/index.php\/nutzerverwaltung\/nutzerdetails\/passwort-zurucksetzen\/","title":{"rendered":"Passwort zur\u00fccksetzen"},"content":{"rendered":"<p>Um einem Nutzer ein neues Passwort zuzuweisen, w\u00e4hlen Sie die Schaltfl\u00e4che &#8220;Bearbeiten&#8221; (Stift-Symbol) in der Datenbox &#8220;Passwort zur\u00fccksetzen&#8221;. Anschlie\u00dfend k\u00f6nnen Sie das neue Passwort entsprechend der <a href=\"https:\/\/hilfe.telekom-cloudcenter.de\/index.php\/einstellungen\/passwort-andern\/\"><strong>Konventionen f\u00fcr Passw\u00f6rter<\/strong><\/a>\u00a0vergeben und durch Wahl der Schaltfl\u00e4che &#8220;Speichern&#8221; f\u00fcr den Nutzer festlegen.<\/p>\n<p><strong>Hinweis:<\/strong> Diese Vorgehensweise k\u00f6nnen Sie nicht zum \u00c4ndern des eigenen Administrator-Passworts verwenden. Dieses \u00e4ndern Sie \u00fcber den Men\u00fcpunkt <a href=\"https:\/\/hilfe.telekom-cloudcenter.de\/index.php\/einstellungen\/\"><strong>&#8220;Einstellungen&#8221;<\/strong><\/a>, <a href=\"https:\/\/hilfe.telekom-cloudcenter.de\/index.php\/einstellungen\/passwort-andern\/\"><strong>&#8220;Passwort&#8221;<\/strong><\/a>.<\/p>\n","protected":false},"excerpt":{"rendered":"<p>Um einem Nutzer ein neues Passwort zuzuweisen, w\u00e4hlen Sie die Schaltfl\u00e4che &#8220;Bearbeiten&#8221; (Stift-Symbol) in der Datenbox &#8220;Passwort zur\u00fccksetzen&#8221;. Anschlie\u00dfend k\u00f6nnen Sie das neue Passwort entsprechend der Konventionen f\u00fcr Passw\u00f6rter\u00a0vergeben und durch Wahl der Schaltfl\u00e4che &#8220;Speichern&#8221; f\u00fcr den Nutzer festlegen. Hinweis: Diese Vorgehensweise k\u00f6nnen Sie nicht zum \u00c4ndern des eigenen Administrator-Passworts verwenden. Dieses \u00e4ndern Sie \u00fcber&#8230; <a href=\"https:\/\/hilfe.telekom-cloudcenter.de\/index.php\/nutzerverwaltung\/nutzerdetails\/passwort-zurucksetzen\/\">read more &raquo;<\/a><\/p>\n","protected":false},"author":1,"featured_media":0,"parent":174,"menu_order":0,"comment_status":"closed","ping_status":"closed","template":"","meta":{"footnotes":""},"_links":{"self":[{"href":"https:\/\/hilfe.telekom-cloudcenter.de\/index.php\/wp-json\/wp\/v2\/pages\/177"}],"collection":[{"href":"https:\/\/hilfe.telekom-cloudcenter.de\/index.php\/wp-json\/wp\/v2\/pages"}],"about":[{"href":"https:\/\/hilfe.telekom-cloudcenter.de\/index.php\/wp-json\/wp\/v2\/types\/page"}],"author":[{"embeddable":true,"href":"https:\/\/hilfe.telekom-cloudcenter.de\/index.php\/wp-json\/wp\/v2\/users\/1"}],"replies":[{"embeddable":true,"href":"https:\/\/hilfe.telekom-cloudcenter.de\/index.php\/wp-json\/wp\/v2\/comments?post=177"}],"version-history":[{"count":2,"href":"https:\/\/hilfe.telekom-cloudcenter.de\/index.php\/wp-json\/wp\/v2\/pages\/177\/revisions"}],"predecessor-version":[{"id":245,"href":"https:\/\/hilfe.telekom-cloudcenter.de\/index.php\/wp-json\/wp\/v2\/pages\/177\/revisions\/245"}],"up":[{"embeddable":true,"href":"https:\/\/hilfe.telekom-cloudcenter.de\/index.php\/wp-json\/wp\/v2\/pages\/174"}],"wp:attachment":[{"href":"https:\/\/hilfe.telekom-cloudcenter.de\/index.php\/wp-json\/wp\/v2\/media?parent=177"}],"curies":[{"name":"wp","href":"https:\/\/api.w.org\/{rel}","templated":true}]}}