{"id":179,"date":"2016-10-25T09:47:34","date_gmt":"2016-10-25T09:47:34","guid":{"rendered":"https:\/\/hilfe.telekom-cloudcenter.de\/?page_id=179"},"modified":"2019-11-21T14:18:31","modified_gmt":"2019-11-21T14:18:31","slug":"mailboxdaten-bearbeiten","status":"publish","type":"page","link":"https:\/\/hilfe.telekom-cloudcenter.de\/index.php\/nutzerverwaltung\/nutzerdetails\/mailboxdaten-bearbeiten\/","title":{"rendered":"Mailboxdaten bearbeiten"},"content":{"rendered":"<p>Um die Mailboxdaten eines Nutzers zu bearbeiten, w\u00e4hlen Sie das Stift-Symbol in der Datenbox &#8220;Mailboxdaten&#8221;. Anschlie\u00dfend k\u00f6nnen Sie im Bearbeitungsmodus folgende \u00c4nderungen vornehmen:<\/p>\n<ul>\n<li>Hinzuf\u00fcgen weiterer E-Mailadressen (Aliase)<\/li>\n<li>Entfernen von E-Mailadressen (Aliase)<\/li>\n<li>Festlegen der prim\u00e4ren E-Mailadresse<\/li>\n<li>\u00c4ndern des Mailboxlizenztyps<\/li>\n<li>\u00c4ndern der Mailbox Gr\u00f6\u00dfe (Mailboxspeicher)<\/li>\n<li>Aktivieren\/Deaktivieren von zus\u00e4tzlichen Mailbox Optionen<\/li>\n<li>Aktivieren\/Deaktivieren von zus\u00e4tzlichen E-Mail Sicherheitsoptionen<\/li>\n<li>Festlegen von zus\u00e4tzlichen Benutzerrechten<\/li>\n<\/ul>\n<p>Bitte beachten Sie, dass das \u00c4ndern des Mailboxlizenztyps sowie das Aktivieren von zus\u00e4tzlichen Mailbox (Sicherheits-)\u00a0Optionen nur dann m\u00f6glich ist, wenn Sie \u00fcber frei verf\u00fcgbare Lizenzen f\u00fcr die jeweilige Produktoption verf\u00fcgen.<\/p>\n<hr \/>\n<p><strong>Mailboxlizenz zuweisen<\/strong><\/p>\n<p>Einem Nutzer ohne zugewiesene Mailboxlizenz k\u00f6nnen Sie in der Datenbox &#8220;Mailboxdaten&#8221; eine Mailboxlizenz zuweisen und die Mailboxdaten entsprechend konfigurieren. F\u00fcr die Konfiguration stehen Ihnen die gleichen Funktionen wie beim Bearbeiten der Mailboxdaten (siehe oben) zur Verf\u00fcgung.\u00a0W\u00e4hlen Sie hierzu die Schaltfl\u00e4che <strong>&#8220;Microsoft Exchange zuweisen&#8221;<\/strong>. Sie gelangen anschlie\u00dfend in die Ansicht zum Zuweisen der Mailboxlizenz. Weiterf\u00fchrende Informationen zu den einzelnen Mailboxeinstellungen finden Sie unter <a href=\"https:\/\/hilfe.telekom-cloudcenter.de\/index.php\/produkte\/microsoft-exchange\/mailboxen\/mailbox-anlegen\/\"><strong>&#8220;Mailbox anlegen&#8221;<\/strong><\/a>.<\/p>\n","protected":false},"excerpt":{"rendered":"<p>Um die Mailboxdaten eines Nutzers zu bearbeiten, w\u00e4hlen Sie das Stift-Symbol in der Datenbox &#8220;Mailboxdaten&#8221;. Anschlie\u00dfend k\u00f6nnen Sie im Bearbeitungsmodus folgende \u00c4nderungen vornehmen: Hinzuf\u00fcgen weiterer E-Mailadressen (Aliase) Entfernen von E-Mailadressen (Aliase) Festlegen der prim\u00e4ren E-Mailadresse \u00c4ndern des Mailboxlizenztyps \u00c4ndern der Mailbox Gr\u00f6\u00dfe (Mailboxspeicher) Aktivieren\/Deaktivieren von zus\u00e4tzlichen Mailbox Optionen Aktivieren\/Deaktivieren von zus\u00e4tzlichen E-Mail Sicherheitsoptionen Festlegen von&#8230; <a href=\"https:\/\/hilfe.telekom-cloudcenter.de\/index.php\/nutzerverwaltung\/nutzerdetails\/mailboxdaten-bearbeiten\/\">read more &raquo;<\/a><\/p>\n","protected":false},"author":1,"featured_media":0,"parent":174,"menu_order":0,"comment_status":"closed","ping_status":"closed","template":"","meta":{"footnotes":""},"_links":{"self":[{"href":"https:\/\/hilfe.telekom-cloudcenter.de\/index.php\/wp-json\/wp\/v2\/pages\/179"}],"collection":[{"href":"https:\/\/hilfe.telekom-cloudcenter.de\/index.php\/wp-json\/wp\/v2\/pages"}],"about":[{"href":"https:\/\/hilfe.telekom-cloudcenter.de\/index.php\/wp-json\/wp\/v2\/types\/page"}],"author":[{"embeddable":true,"href":"https:\/\/hilfe.telekom-cloudcenter.de\/index.php\/wp-json\/wp\/v2\/users\/1"}],"replies":[{"embeddable":true,"href":"https:\/\/hilfe.telekom-cloudcenter.de\/index.php\/wp-json\/wp\/v2\/comments?post=179"}],"version-history":[{"count":6,"href":"https:\/\/hilfe.telekom-cloudcenter.de\/index.php\/wp-json\/wp\/v2\/pages\/179\/revisions"}],"predecessor-version":[{"id":4822,"href":"https:\/\/hilfe.telekom-cloudcenter.de\/index.php\/wp-json\/wp\/v2\/pages\/179\/revisions\/4822"}],"up":[{"embeddable":true,"href":"https:\/\/hilfe.telekom-cloudcenter.de\/index.php\/wp-json\/wp\/v2\/pages\/174"}],"wp:attachment":[{"href":"https:\/\/hilfe.telekom-cloudcenter.de\/index.php\/wp-json\/wp\/v2\/media?parent=179"}],"curies":[{"name":"wp","href":"https:\/\/api.w.org\/{rel}","templated":true}]}}