{"id":189,"date":"2016-10-25T09:55:13","date_gmt":"2016-10-25T09:55:13","guid":{"rendered":"https:\/\/hilfe.telekom-cloudcenter.de\/?page_id=189"},"modified":"2016-11-21T15:19:29","modified_gmt":"2016-11-21T15:19:29","slug":"nutzer-loschen","status":"publish","type":"page","link":"https:\/\/hilfe.telekom-cloudcenter.de\/index.php\/nutzerverwaltung\/nutzer-loschen\/","title":{"rendered":"Nutzer l\u00f6schen"},"content":{"rendered":"<p>Zum L\u00f6schen eines Nutzers w\u00e4hlen Sie entweder\u00a0einen oder mehrere Nutzer in der Nutzer\u00fcbersicht durch Aktivieren der Checkbox aus oder \u00f6ffnen die <a href=\"https:\/\/hilfe.telekom-cloudcenter.de\/index.php\/nutzerverwaltung\/nutzerdetails\/\">Detailansicht<\/a> des zu l\u00f6schenden Nutzers. Anschlie\u00dfend w\u00e4hlen Sie die Schaltfl\u00e4che &#8220;L\u00f6schen&#8221; und best\u00e4tigen die Sicherheitsabfrage mit &#8220;Ok&#8221;.<\/p>\n<p>Beim L\u00f6schen eines Nutzers werden alle Nutzerdaten sowie die dem Nutzer ggf. zugewiesenen Produkte (z.B. Mailboxlizenz) gel\u00f6scht.<\/p>\n<p><strong>Wichtiger Hinweis!<\/strong><\/p>\n<p>Es k\u00f6nnen nur Nutzer gel\u00f6scht werden, die nicht als Verwalter einer SharePoint Site Collection, einer Verteilerliste oder Ressourcenbox festgelegt sind. Kann ein Nutzer aufgrund der genannten Konvention nicht gel\u00f6scht werden, erhalten Sie nach Best\u00e4tigung der L\u00f6schung eine Fehlermeldung.<\/p>\n","protected":false},"excerpt":{"rendered":"<p>Zum L\u00f6schen eines Nutzers w\u00e4hlen Sie entweder\u00a0einen oder mehrere Nutzer in der Nutzer\u00fcbersicht durch Aktivieren der Checkbox aus oder \u00f6ffnen die Detailansicht des zu l\u00f6schenden Nutzers. Anschlie\u00dfend w\u00e4hlen Sie die Schaltfl\u00e4che &#8220;L\u00f6schen&#8221; und best\u00e4tigen die Sicherheitsabfrage mit &#8220;Ok&#8221;. Beim L\u00f6schen eines Nutzers werden alle Nutzerdaten sowie die dem Nutzer ggf. zugewiesenen Produkte (z.B. Mailboxlizenz) gel\u00f6scht&#8230;. <a href=\"https:\/\/hilfe.telekom-cloudcenter.de\/index.php\/nutzerverwaltung\/nutzer-loschen\/\">read more &raquo;<\/a><\/p>\n","protected":false},"author":1,"featured_media":0,"parent":33,"menu_order":0,"comment_status":"closed","ping_status":"closed","template":"","meta":{"footnotes":""},"_links":{"self":[{"href":"https:\/\/hilfe.telekom-cloudcenter.de\/index.php\/wp-json\/wp\/v2\/pages\/189"}],"collection":[{"href":"https:\/\/hilfe.telekom-cloudcenter.de\/index.php\/wp-json\/wp\/v2\/pages"}],"about":[{"href":"https:\/\/hilfe.telekom-cloudcenter.de\/index.php\/wp-json\/wp\/v2\/types\/page"}],"author":[{"embeddable":true,"href":"https:\/\/hilfe.telekom-cloudcenter.de\/index.php\/wp-json\/wp\/v2\/users\/1"}],"replies":[{"embeddable":true,"href":"https:\/\/hilfe.telekom-cloudcenter.de\/index.php\/wp-json\/wp\/v2\/comments?post=189"}],"version-history":[{"count":3,"href":"https:\/\/hilfe.telekom-cloudcenter.de\/index.php\/wp-json\/wp\/v2\/pages\/189\/revisions"}],"predecessor-version":[{"id":518,"href":"https:\/\/hilfe.telekom-cloudcenter.de\/index.php\/wp-json\/wp\/v2\/pages\/189\/revisions\/518"}],"up":[{"embeddable":true,"href":"https:\/\/hilfe.telekom-cloudcenter.de\/index.php\/wp-json\/wp\/v2\/pages\/33"}],"wp:attachment":[{"href":"https:\/\/hilfe.telekom-cloudcenter.de\/index.php\/wp-json\/wp\/v2\/media?parent=189"}],"curies":[{"name":"wp","href":"https:\/\/api.w.org\/{rel}","templated":true}]}}