{"id":191,"date":"2016-10-25T09:56:22","date_gmt":"2016-10-25T09:56:22","guid":{"rendered":"https:\/\/hilfe.telekom-cloudcenter.de\/?page_id=191"},"modified":"2016-10-26T11:26:17","modified_gmt":"2016-10-26T11:26:17","slug":"produktzuweisung-entfernen","status":"publish","type":"page","link":"https:\/\/hilfe.telekom-cloudcenter.de\/index.php\/nutzerverwaltung\/nutzerdetails\/produktzuweisung-entfernen\/","title":{"rendered":"Produktzuweisung entfernen"},"content":{"rendered":"<p>In den Nutzerdetails haben Sie ebenso die M\u00f6glichkeit vorhandene Produktzuweisungen f\u00fcr einen Nutzer zu entfernen. W\u00e4hlen Sie hierzu die entsprechende Schaltfl\u00e4che zum L\u00f6schen bzw. Entziehen von Produkt- und\/oder Lizenzzuweisungen in der jeweiligen Datenbox (z.B. Mailboxdaten).\u00a0Zum Abschlie\u00dfen des Vorgangs best\u00e4tigen Sie die anschlie\u00dfende Sicherheitsabfrage mit &#8220;OK&#8221;.<\/p>\n<p><strong>Hinweis:<\/strong> Das Entfernen einer Produktzuweisung ist nur dann m\u00f6glich, wenn der Nutzer nicht f\u00fcr bestimmte administrative Aufgaben wie bspw. als Verwalter einer Ressourcenmailbox oder einer SharePoint Site-Collection festgelegt wurde. In den Details der jeweiligen Produktzuweisung wird Ihnen ein Hinweis angezeigt,\u00a0wenn das Entfernen der Produktzuweisung nicht m\u00f6glich ist.<\/p>\n","protected":false},"excerpt":{"rendered":"<p>In den Nutzerdetails haben Sie ebenso die M\u00f6glichkeit vorhandene Produktzuweisungen f\u00fcr einen Nutzer zu entfernen. W\u00e4hlen Sie hierzu die entsprechende Schaltfl\u00e4che zum L\u00f6schen bzw. Entziehen von Produkt- und\/oder Lizenzzuweisungen in der jeweiligen Datenbox (z.B. Mailboxdaten).\u00a0Zum Abschlie\u00dfen des Vorgangs best\u00e4tigen Sie die anschlie\u00dfende Sicherheitsabfrage mit &#8220;OK&#8221;. Hinweis: Das Entfernen einer Produktzuweisung ist nur dann m\u00f6glich, wenn&#8230; <a href=\"https:\/\/hilfe.telekom-cloudcenter.de\/index.php\/nutzerverwaltung\/nutzerdetails\/produktzuweisung-entfernen\/\">read more &raquo;<\/a><\/p>\n","protected":false},"author":1,"featured_media":0,"parent":174,"menu_order":0,"comment_status":"closed","ping_status":"closed","template":"","meta":{"footnotes":""},"_links":{"self":[{"href":"https:\/\/hilfe.telekom-cloudcenter.de\/index.php\/wp-json\/wp\/v2\/pages\/191"}],"collection":[{"href":"https:\/\/hilfe.telekom-cloudcenter.de\/index.php\/wp-json\/wp\/v2\/pages"}],"about":[{"href":"https:\/\/hilfe.telekom-cloudcenter.de\/index.php\/wp-json\/wp\/v2\/types\/page"}],"author":[{"embeddable":true,"href":"https:\/\/hilfe.telekom-cloudcenter.de\/index.php\/wp-json\/wp\/v2\/users\/1"}],"replies":[{"embeddable":true,"href":"https:\/\/hilfe.telekom-cloudcenter.de\/index.php\/wp-json\/wp\/v2\/comments?post=191"}],"version-history":[{"count":4,"href":"https:\/\/hilfe.telekom-cloudcenter.de\/index.php\/wp-json\/wp\/v2\/pages\/191\/revisions"}],"predecessor-version":[{"id":293,"href":"https:\/\/hilfe.telekom-cloudcenter.de\/index.php\/wp-json\/wp\/v2\/pages\/191\/revisions\/293"}],"up":[{"embeddable":true,"href":"https:\/\/hilfe.telekom-cloudcenter.de\/index.php\/wp-json\/wp\/v2\/pages\/174"}],"wp:attachment":[{"href":"https:\/\/hilfe.telekom-cloudcenter.de\/index.php\/wp-json\/wp\/v2\/media?parent=191"}],"curies":[{"name":"wp","href":"https:\/\/api.w.org\/{rel}","templated":true}]}}