{"id":195,"date":"2016-10-25T10:10:16","date_gmt":"2016-10-25T10:10:16","guid":{"rendered":"https:\/\/hilfe.telekom-cloudcenter.de\/?page_id=195"},"modified":"2016-10-27T08:24:34","modified_gmt":"2016-10-27T08:24:34","slug":"neue-nutzergruppe-anlegen","status":"publish","type":"page","link":"https:\/\/hilfe.telekom-cloudcenter.de\/index.php\/nutzerverwaltung\/neue-nutzergruppe-anlegen\/","title":{"rendered":"Neue Nutzergruppe anlegen"},"content":{"rendered":"<p>Zur Vereinfachung von administrativen Aufgaben k\u00f6nnen Sie Nutzer zu Gruppen zusammenfassen, um sp\u00e4ter bspw. Nutzer- oder Produktdaten in nur wenigen Schritten zu \u00e4ndern. Zum Anlegen einer neuen Gruppe w\u00e4hlen Sie die Schaltfl\u00e4che <strong>&#8220;als Gruppe speichern&#8221;<\/strong> in der Nutzer\u00fcbersicht. Bitte beachten Sie, dass die Schaltfl\u00e4che nur dann aktiv ist, wenn Sie sich entweder in der Detailansicht eines einzelnen Nutzers befinden oder mindestens einen Nutzer per aktivierte Checkbox in der Nutzer\u00fcbersicht ausgew\u00e4hlt haben.<\/p>\n<p>Haben Sie die Schaltfl\u00e4che <strong>&#8220;als Gruppe speichern&#8221;<\/strong> gew\u00e4hlt, vergeben Sie im folgenden Dialog einen Gruppennamen und best\u00e4tigen die Gruppenanlage mit <strong>&#8220;Ok&#8221;<\/strong>. Anschlie\u00dfend k\u00f6nnen Sie die neu angelegte Gruppe in der <a href=\"https:\/\/hilfe.saase.local\/index.php\/nutzerverwaltung\/gruppen\/\"><strong>Gruppen\u00fcbersicht<\/strong><\/a> verwalten.<\/p>\n","protected":false},"excerpt":{"rendered":"<p>Zur Vereinfachung von administrativen Aufgaben k\u00f6nnen Sie Nutzer zu Gruppen zusammenfassen, um sp\u00e4ter bspw. Nutzer- oder Produktdaten in nur wenigen Schritten zu \u00e4ndern. Zum Anlegen einer neuen Gruppe w\u00e4hlen Sie die Schaltfl\u00e4che &#8220;als Gruppe speichern&#8221; in der Nutzer\u00fcbersicht. Bitte beachten Sie, dass die Schaltfl\u00e4che nur dann aktiv ist, wenn Sie sich entweder in der Detailansicht&#8230; <a href=\"https:\/\/hilfe.telekom-cloudcenter.de\/index.php\/nutzerverwaltung\/neue-nutzergruppe-anlegen\/\">read more &raquo;<\/a><\/p>\n","protected":false},"author":1,"featured_media":0,"parent":33,"menu_order":0,"comment_status":"closed","ping_status":"closed","template":"","meta":{"footnotes":""},"_links":{"self":[{"href":"https:\/\/hilfe.telekom-cloudcenter.de\/index.php\/wp-json\/wp\/v2\/pages\/195"}],"collection":[{"href":"https:\/\/hilfe.telekom-cloudcenter.de\/index.php\/wp-json\/wp\/v2\/pages"}],"about":[{"href":"https:\/\/hilfe.telekom-cloudcenter.de\/index.php\/wp-json\/wp\/v2\/types\/page"}],"author":[{"embeddable":true,"href":"https:\/\/hilfe.telekom-cloudcenter.de\/index.php\/wp-json\/wp\/v2\/users\/1"}],"replies":[{"embeddable":true,"href":"https:\/\/hilfe.telekom-cloudcenter.de\/index.php\/wp-json\/wp\/v2\/comments?post=195"}],"version-history":[{"count":3,"href":"https:\/\/hilfe.telekom-cloudcenter.de\/index.php\/wp-json\/wp\/v2\/pages\/195\/revisions"}],"predecessor-version":[{"id":301,"href":"https:\/\/hilfe.telekom-cloudcenter.de\/index.php\/wp-json\/wp\/v2\/pages\/195\/revisions\/301"}],"up":[{"embeddable":true,"href":"https:\/\/hilfe.telekom-cloudcenter.de\/index.php\/wp-json\/wp\/v2\/pages\/33"}],"wp:attachment":[{"href":"https:\/\/hilfe.telekom-cloudcenter.de\/index.php\/wp-json\/wp\/v2\/media?parent=195"}],"curies":[{"name":"wp","href":"https:\/\/api.w.org\/{rel}","templated":true}]}}