{"id":197,"date":"2016-10-25T10:10:33","date_gmt":"2016-10-25T10:10:33","guid":{"rendered":"https:\/\/hilfe.telekom-cloudcenter.de\/?page_id=197"},"modified":"2016-10-27T09:40:56","modified_gmt":"2016-10-27T09:40:56","slug":"nutzer-zu-einer-gruppe-hinzufugen","status":"publish","type":"page","link":"https:\/\/hilfe.telekom-cloudcenter.de\/index.php\/nutzerverwaltung\/nutzer-zu-einer-gruppe-hinzufugen\/","title":{"rendered":"Nutzer zu einer Gruppe hinzuf\u00fcgen"},"content":{"rendered":"<p>Um einen oder mehrere Nutzer zu einer Gruppe hinzuzuf\u00fcgen, m\u00fcssen Sie vorher mindestens eine <strong><a href=\"https:\/\/hilfe.telekom-cloudcenter.de\/index.php\/nutzerverwaltung\/gruppen\/gruppe-anlegen\/\">Gruppe anlegen<\/a><\/strong>. Um eine Gruppe anzulegen, k\u00f6nnen Sie entweder\u00a0die Funktion &#8220;als Gruppe speichern&#8221;\u00a0nutzen oder eine neue Gruppe in der <a href=\"https:\/\/hilfe.telekom-cloudcenter.de\/index.php\/nutzerverwaltung\/gruppen\/\"><strong>Gruppenverwaltung<\/strong><\/a> anlegen. W\u00e4hlen Sie hierzu in der Hauptnavigation unter <strong>&#8220;Nutzerverwaltung&#8221;<\/strong> den Men\u00fcpunkt <strong>&#8220;Gruppen&#8221;<\/strong> und anschlie\u00dfend die Schaltfl\u00e4che <strong>&#8220;Gruppe anlegen&#8221;<\/strong>.<\/p>\n<p>F\u00fcr die Zuweisung von Nutzern zu einer Gruppe w\u00e4hlen Sie in der Nutzer\u00fcbersicht die Schaltfl\u00e4che <strong>&#8220;zu Gruppe hinzuf\u00fcgen&#8221;<\/strong>. Im anschlie\u00dfenden Dialog k\u00f6nnen Sie die gew\u00fcnschte Gruppe ausw\u00e4hlen und die Zuweisung durch Wahl der Schaltfl\u00e4che <strong>&#8220;Ok&#8221;<\/strong> best\u00e4tigen.<\/p>\n","protected":false},"excerpt":{"rendered":"<p>Um einen oder mehrere Nutzer zu einer Gruppe hinzuzuf\u00fcgen, m\u00fcssen Sie vorher mindestens eine Gruppe anlegen. Um eine Gruppe anzulegen, k\u00f6nnen Sie entweder\u00a0die Funktion &#8220;als Gruppe speichern&#8221;\u00a0nutzen oder eine neue Gruppe in der Gruppenverwaltung anlegen. W\u00e4hlen Sie hierzu in der Hauptnavigation unter &#8220;Nutzerverwaltung&#8221; den Men\u00fcpunkt &#8220;Gruppen&#8221; und anschlie\u00dfend die Schaltfl\u00e4che &#8220;Gruppe anlegen&#8221;. F\u00fcr die Zuweisung&#8230; <a href=\"https:\/\/hilfe.telekom-cloudcenter.de\/index.php\/nutzerverwaltung\/nutzer-zu-einer-gruppe-hinzufugen\/\">read more &raquo;<\/a><\/p>\n","protected":false},"author":1,"featured_media":0,"parent":33,"menu_order":0,"comment_status":"closed","ping_status":"closed","template":"","meta":{"footnotes":""},"_links":{"self":[{"href":"https:\/\/hilfe.telekom-cloudcenter.de\/index.php\/wp-json\/wp\/v2\/pages\/197"}],"collection":[{"href":"https:\/\/hilfe.telekom-cloudcenter.de\/index.php\/wp-json\/wp\/v2\/pages"}],"about":[{"href":"https:\/\/hilfe.telekom-cloudcenter.de\/index.php\/wp-json\/wp\/v2\/types\/page"}],"author":[{"embeddable":true,"href":"https:\/\/hilfe.telekom-cloudcenter.de\/index.php\/wp-json\/wp\/v2\/users\/1"}],"replies":[{"embeddable":true,"href":"https:\/\/hilfe.telekom-cloudcenter.de\/index.php\/wp-json\/wp\/v2\/comments?post=197"}],"version-history":[{"count":4,"href":"https:\/\/hilfe.telekom-cloudcenter.de\/index.php\/wp-json\/wp\/v2\/pages\/197\/revisions"}],"predecessor-version":[{"id":304,"href":"https:\/\/hilfe.telekom-cloudcenter.de\/index.php\/wp-json\/wp\/v2\/pages\/197\/revisions\/304"}],"up":[{"embeddable":true,"href":"https:\/\/hilfe.telekom-cloudcenter.de\/index.php\/wp-json\/wp\/v2\/pages\/33"}],"wp:attachment":[{"href":"https:\/\/hilfe.telekom-cloudcenter.de\/index.php\/wp-json\/wp\/v2\/media?parent=197"}],"curies":[{"name":"wp","href":"https:\/\/api.w.org\/{rel}","templated":true}]}}