{"id":201,"date":"2016-10-25T10:11:18","date_gmt":"2016-10-25T10:11:18","guid":{"rendered":"https:\/\/hilfe.telekom-cloudcenter.de\/?page_id=201"},"modified":"2016-10-27T13:43:32","modified_gmt":"2016-10-27T13:43:32","slug":"gruppen","status":"publish","type":"page","link":"https:\/\/hilfe.telekom-cloudcenter.de\/index.php\/nutzerverwaltung\/gruppen\/","title":{"rendered":"Gruppen"},"content":{"rendered":"<p>Zur Vereinfachung von administrativen Aufgaben k\u00f6nnen Sie Nutzer zu Gruppen zusammenfassen, um sp\u00e4ter bspw. Nutzer- oder Produktdaten in nur wenigen Schritten zu \u00e4ndern. F\u00fcr die Zuweisung von Nutzern zu einer Gruppe stehen Ihnen in der <a href=\"https:\/\/hilfe.telekom-cloudcenter.de\/index.php\/nutzerverwaltung\/\"><strong>Nutzer\u00fcbersicht<\/strong><\/a> zwei Funktionen zum Speichern von Nutzern als Gruppe und zum Hinzuf\u00fcgen von Nutzer zu einer bestehenden Gruppe zur Verf\u00fcgung.<\/p>\n<p>In der \u00dcbersichtsliste werden Ihnen alle Gruppen angezeigt. In die <a href=\"https:\/\/hilfe.telekom-cloudcenter.de\/index.php\/nutzerverwaltung\/gruppen\/gruppendetails\/\"><strong>Detailansicht einer\u00a0Gruppe<\/strong><\/a>\u00a0wechseln Sie, indem Sie per Mouse-Klick eine einzelne Gruppe ausw\u00e4hlen.\u00a0Hier haben Sie anschlie\u00dfend die M\u00f6glichkeit Gruppendaten zu <a href=\"https:\/\/hilfe.telekom-cloudcenter.de\/index.php\/nutzerverwaltung\/gruppen\/gruppendetails\/gruppendaten-bearbeiten\/\"><strong>bearbeiten<\/strong><\/a>.<\/p>\n<p>In der\u00a0Gruppenverwaltung haben Sie zudem die M\u00f6glichkeit <a href=\"https:\/\/hilfe.telekom-cloudcenter.de\/index.php\/nutzerverwaltung\/gruppen\/gruppe-anlegen\/\"><strong>neue\u00a0Gruppen<\/strong><\/a> anzulegen oder vorhandene Gruppen zu <a href=\"https:\/\/hilfe.telekom-cloudcenter.de\/index.php\/nutzerverwaltung\/gruppen\/gruppe-loschen\/\"><strong>l\u00f6schen<\/strong><\/a>.<\/p>\n","protected":false},"excerpt":{"rendered":"<p>Zur Vereinfachung von administrativen Aufgaben k\u00f6nnen Sie Nutzer zu Gruppen zusammenfassen, um sp\u00e4ter bspw. Nutzer- oder Produktdaten in nur wenigen Schritten zu \u00e4ndern. F\u00fcr die Zuweisung von Nutzern zu einer Gruppe stehen Ihnen in der Nutzer\u00fcbersicht zwei Funktionen zum Speichern von Nutzern als Gruppe und zum Hinzuf\u00fcgen von Nutzer zu einer bestehenden Gruppe zur Verf\u00fcgung&#8230;. <a href=\"https:\/\/hilfe.telekom-cloudcenter.de\/index.php\/nutzerverwaltung\/gruppen\/\">read more &raquo;<\/a><\/p>\n","protected":false},"author":1,"featured_media":0,"parent":33,"menu_order":0,"comment_status":"closed","ping_status":"closed","template":"","meta":{"footnotes":""},"_links":{"self":[{"href":"https:\/\/hilfe.telekom-cloudcenter.de\/index.php\/wp-json\/wp\/v2\/pages\/201"}],"collection":[{"href":"https:\/\/hilfe.telekom-cloudcenter.de\/index.php\/wp-json\/wp\/v2\/pages"}],"about":[{"href":"https:\/\/hilfe.telekom-cloudcenter.de\/index.php\/wp-json\/wp\/v2\/types\/page"}],"author":[{"embeddable":true,"href":"https:\/\/hilfe.telekom-cloudcenter.de\/index.php\/wp-json\/wp\/v2\/users\/1"}],"replies":[{"embeddable":true,"href":"https:\/\/hilfe.telekom-cloudcenter.de\/index.php\/wp-json\/wp\/v2\/comments?post=201"}],"version-history":[{"count":4,"href":"https:\/\/hilfe.telekom-cloudcenter.de\/index.php\/wp-json\/wp\/v2\/pages\/201\/revisions"}],"predecessor-version":[{"id":343,"href":"https:\/\/hilfe.telekom-cloudcenter.de\/index.php\/wp-json\/wp\/v2\/pages\/201\/revisions\/343"}],"up":[{"embeddable":true,"href":"https:\/\/hilfe.telekom-cloudcenter.de\/index.php\/wp-json\/wp\/v2\/pages\/33"}],"wp:attachment":[{"href":"https:\/\/hilfe.telekom-cloudcenter.de\/index.php\/wp-json\/wp\/v2\/media?parent=201"}],"curies":[{"name":"wp","href":"https:\/\/api.w.org\/{rel}","templated":true}]}}