{"id":203,"date":"2016-10-25T10:13:03","date_gmt":"2016-10-25T10:13:03","guid":{"rendered":"https:\/\/hilfe.telekom-cloudcenter.de\/?page_id=203"},"modified":"2023-11-17T08:57:34","modified_gmt":"2023-11-17T08:57:34","slug":"gruppendetails","status":"publish","type":"page","link":"https:\/\/hilfe.telekom-cloudcenter.de\/index.php\/nutzerverwaltung\/gruppen\/gruppendetails\/","title":{"rendered":"Gruppendetails"},"content":{"rendered":"\n<p>Nach Auswahl einer Gruppe per Mouse-Klick in der Gruppen\u00fcbersicht werden Ihnen die Gruppendetails angezeigt. Die Detaildaten sind in mehrere Datenboxen aufgeteilt:<\/p>\n\n\n\n<ul>\n<li>Gruppendaten: Hier werden Ihnen der Gruppenname und die Anzahl der Mitglieder in der Gruppe angezeigt. Den Gruppennamen k\u00f6nnen Sie \u00fcber die Funktion zum <a href=\"https:\/\/hilfe.telekom-cloudcenter.de\/index.php\/nutzerverwaltung\/gruppen\/gruppendetails\/gruppendaten-bearbeiten\/\"><strong>Bearbeiten<\/strong><\/a> \u00e4ndern.<\/li>\n\n\n\n<li>Personendaten: Hier werden Ihnen bestimmte Personendaten angezeigt, die gleicherma\u00dfen f\u00fcr alle Mitglieder vorhanden sind. Die Personendaten k\u00f6nnen Sie \u00fcber die Funktion zum <a href=\"https:\/\/hilfe.telekom-cloudcenter.de\/index.php\/nutzerverwaltung\/gruppen\/gruppendetails\/personendaten-bearbeiten\/\"><strong>Bearbeiten<\/strong><\/a> \u00e4ndern.<\/li>\n\n\n\n<li>Mitglieder: Hier werden Ihnen die einzelnen Mitglieder angezeigt. Gruppenmitglieder k\u00f6nnen Sie hier aus der Gruppe <a href=\"https:\/\/hilfe.telekom-cloudcenter.de\/index.php\/nutzerverwaltung\/gruppen\/gruppendetails\/mitglieder-aus-gruppe-entfernen\/\"><strong>entfernen<\/strong><\/a>.<\/li>\n\n\n\n<li>Produktprofil: Hier haben Sie die M\u00f6glichkeit ein <a href=\"https:\/\/hilfe.telekom-cloudcenter.de\/index.php\/produkte\/produktprofile\/\"><strong>Produktprofil<\/strong><\/a> an alle Mitglieder der Gruppe <a href=\"https:\/\/hilfe.telekom-cloudcenter.de\/index.php\/nutzerverwaltung\/gruppen\/gruppendetails\/produktprofil-einer-gruppe-zuweisen\/\"><strong>zuzuweisen<\/strong><\/a>, sofern keines der Gruppenmitglieder bereits \u00fcber eine zugewiesene Produktlizenz verf\u00fcgt<\/li>\n\n\n\n<li>Mailboxdaten: Hier werden Ihnen die Mailboxendaten und&nbsp;-optionen&nbsp;der Gruppenmitglieder angezeigt, sofern alle Gruppenmitglieder \u00fcber die gleiche Mailboxkonfiguration verf\u00fcgen.&nbsp;Weiterhin k\u00f6nnen Sie die Mailboxendaten der Gruppenmitglieder <a href=\"https:\/\/hilfe.telekom-cloudcenter.de\/index.php\/nutzerverwaltung\/gruppen\/gruppendetails\/mailboxdaten-einer-gruppe-bearbeiten\/\"><strong>\u00e4ndern<\/strong><\/a>, sofern Sie \u00fcber ausreichend frei verf\u00fcgbare Exchange-Lizenzen verf\u00fcgen. Au\u00dferdem haben Sie die M\u00f6glichkeit bereits eingerichtete Mailboxen zu <a href=\"https:\/\/hilfe.telekom-cloudcenter.de\/index.php\/nutzerverwaltung\/gruppen\/gruppendetails\/produktzuweisung-fuer-gruppenmitglieder-entfernen\/\"><strong>l\u00f6schen<\/strong><\/a>.<\/li>\n\n\n\n<li>SharePoint-Lizenzzuordnung: Hier werden Ihnen die SharePoint-Lizenzdaten der Gruppenmitglieder angezeigt, sofern alle Gruppenmitglieder \u00fcber die gleiche\u00a0SharePoint-Lizenz verf\u00fcgen. Weiterhin k\u00f6nnen Sie die SharePoint-Lizenzdaten der Gruppenmitglieder <a href=\"https:\/\/hilfe.telekom-cloudcenter.de\/index.php\/nutzerverwaltung\/gruppen\/gruppendetails\/sharepoint-lizenzzuweisung-einer-gruppe-bearbeiten\/\"><strong>\u00e4ndern<\/strong><\/a>, sofern Sie \u00fcber ausreichend frei verf\u00fcgbare SharePoint-Lizenzen verf\u00fcgen. Au\u00dferdem haben Sie die M\u00f6glichkeit bereits zugewiesene SharePoint-Lizenzen zu <a href=\"https:\/\/hilfe.telekom-cloudcenter.de\/index.php\/nutzerverwaltung\/gruppen\/gruppendetails\/produktzuweisung-fuer-gruppenmitglieder-entfernen\/\"><strong>entziehen<\/strong><\/a>.<\/li>\n<\/ul>\n","protected":false},"excerpt":{"rendered":"<p>Nach Auswahl einer Gruppe per Mouse-Klick in der Gruppen\u00fcbersicht werden Ihnen die Gruppendetails angezeigt. Die Detaildaten sind in mehrere Datenboxen aufgeteilt:<\/p>\n","protected":false},"author":1,"featured_media":0,"parent":201,"menu_order":0,"comment_status":"closed","ping_status":"closed","template":"","meta":{"footnotes":""},"_links":{"self":[{"href":"https:\/\/hilfe.telekom-cloudcenter.de\/index.php\/wp-json\/wp\/v2\/pages\/203"}],"collection":[{"href":"https:\/\/hilfe.telekom-cloudcenter.de\/index.php\/wp-json\/wp\/v2\/pages"}],"about":[{"href":"https:\/\/hilfe.telekom-cloudcenter.de\/index.php\/wp-json\/wp\/v2\/types\/page"}],"author":[{"embeddable":true,"href":"https:\/\/hilfe.telekom-cloudcenter.de\/index.php\/wp-json\/wp\/v2\/users\/1"}],"replies":[{"embeddable":true,"href":"https:\/\/hilfe.telekom-cloudcenter.de\/index.php\/wp-json\/wp\/v2\/comments?post=203"}],"version-history":[{"count":7,"href":"https:\/\/hilfe.telekom-cloudcenter.de\/index.php\/wp-json\/wp\/v2\/pages\/203\/revisions"}],"predecessor-version":[{"id":6292,"href":"https:\/\/hilfe.telekom-cloudcenter.de\/index.php\/wp-json\/wp\/v2\/pages\/203\/revisions\/6292"}],"up":[{"embeddable":true,"href":"https:\/\/hilfe.telekom-cloudcenter.de\/index.php\/wp-json\/wp\/v2\/pages\/201"}],"wp:attachment":[{"href":"https:\/\/hilfe.telekom-cloudcenter.de\/index.php\/wp-json\/wp\/v2\/media?parent=203"}],"curies":[{"name":"wp","href":"https:\/\/api.w.org\/{rel}","templated":true}]}}