{"id":205,"date":"2016-10-25T10:14:50","date_gmt":"2016-10-25T10:14:50","guid":{"rendered":"https:\/\/hilfe.telekom-cloudcenter.de\/?page_id=205"},"modified":"2016-10-27T14:22:21","modified_gmt":"2016-10-27T14:22:21","slug":"gruppendaten-bearbeiten","status":"publish","type":"page","link":"https:\/\/hilfe.telekom-cloudcenter.de\/index.php\/nutzerverwaltung\/gruppen\/gruppendetails\/gruppendaten-bearbeiten\/","title":{"rendered":"Gruppendaten bearbeiten"},"content":{"rendered":"<p>Um die Gruppendaten zu bearbeiten, w\u00e4hlen Sie das Stift-Symbol in der Datenbox &#8220;Gruppendaten&#8221;. Anschlie\u00dfend k\u00f6nnen Sie den Gruppennamen \u00e4ndern. Best\u00e4tigen Sie Ihre \u00c4nderungen durch die Schaltfl\u00e4che &#8220;Speichern&#8221;.<\/p>\n","protected":false},"excerpt":{"rendered":"<p>Um die Gruppendaten zu bearbeiten, w\u00e4hlen Sie das Stift-Symbol in der Datenbox &#8220;Gruppendaten&#8221;. Anschlie\u00dfend k\u00f6nnen Sie den Gruppennamen \u00e4ndern. Best\u00e4tigen Sie Ihre \u00c4nderungen durch die Schaltfl\u00e4che &#8220;Speichern&#8221;.<\/p>\n","protected":false},"author":1,"featured_media":0,"parent":203,"menu_order":0,"comment_status":"closed","ping_status":"closed","template":"","meta":{"footnotes":""},"_links":{"self":[{"href":"https:\/\/hilfe.telekom-cloudcenter.de\/index.php\/wp-json\/wp\/v2\/pages\/205"}],"collection":[{"href":"https:\/\/hilfe.telekom-cloudcenter.de\/index.php\/wp-json\/wp\/v2\/pages"}],"about":[{"href":"https:\/\/hilfe.telekom-cloudcenter.de\/index.php\/wp-json\/wp\/v2\/types\/page"}],"author":[{"embeddable":true,"href":"https:\/\/hilfe.telekom-cloudcenter.de\/index.php\/wp-json\/wp\/v2\/users\/1"}],"replies":[{"embeddable":true,"href":"https:\/\/hilfe.telekom-cloudcenter.de\/index.php\/wp-json\/wp\/v2\/comments?post=205"}],"version-history":[{"count":2,"href":"https:\/\/hilfe.telekom-cloudcenter.de\/index.php\/wp-json\/wp\/v2\/pages\/205\/revisions"}],"predecessor-version":[{"id":383,"href":"https:\/\/hilfe.telekom-cloudcenter.de\/index.php\/wp-json\/wp\/v2\/pages\/205\/revisions\/383"}],"up":[{"embeddable":true,"href":"https:\/\/hilfe.telekom-cloudcenter.de\/index.php\/wp-json\/wp\/v2\/pages\/203"}],"wp:attachment":[{"href":"https:\/\/hilfe.telekom-cloudcenter.de\/index.php\/wp-json\/wp\/v2\/media?parent=205"}],"curies":[{"name":"wp","href":"https:\/\/api.w.org\/{rel}","templated":true}]}}