{"id":207,"date":"2016-10-25T10:15:15","date_gmt":"2016-10-25T10:15:15","guid":{"rendered":"https:\/\/hilfe.telekom-cloudcenter.de\/?page_id=207"},"modified":"2016-10-27T14:28:22","modified_gmt":"2016-10-27T14:28:22","slug":"personendaten-bearbeiten","status":"publish","type":"page","link":"https:\/\/hilfe.telekom-cloudcenter.de\/index.php\/nutzerverwaltung\/gruppen\/gruppendetails\/personendaten-bearbeiten\/","title":{"rendered":"Personendaten bearbeiten"},"content":{"rendered":"<p>Um die Personendaten aller Gruppenmitglieder zu bearbeiten, w\u00e4hlen Sie das Stift-Symbol in der Datenbox &#8220;Personendaten&#8221;. Anschlie\u00dfend k\u00f6nnen Sie in der Bearbeitungsansicht die angezeigten Daten \u00e4ndern.<\/p>\n<p>Bitte beachten Sie, dass ge\u00e4nderte Personendaten stets f\u00fcr alle Mitglieder der Gruppe ge\u00e4ndert werden, unabh\u00e4ngig davon, ob die Daten zuvor f\u00fcr alle Nutzer unterschiedlich waren. Wird bspw. die Rolle der Gruppenmitglieder als <strong>&#8220;unterschiedliche Werte&#8221;<\/strong> angezeigt und \u00e4ndern Sie diese anschlie\u00dfend zur Rolle <strong>&#8220;Nutzer&#8221;<\/strong>, erhalten alle Gruppenmitglieder diese Rolle zugewiesen. Befindet sich ein Nutzer mit der Rolle <strong>&#8220;Technischer Administrator&#8221;<\/strong> in der Gruppe, ist ein Rollenwechsel f\u00fcr Mitglieder dieser Gruppe nicht m\u00f6glich.<\/p>\n<p>In den Auswahlfeldern <strong>&#8220;Abteilung&#8221;<\/strong> und <strong>&#8220;Standort&#8221;<\/strong> k\u00f6nnen Sie den Eintrag entweder f\u00fcr alle Gruppenmitglieder entfernen (Feld leeren) oder einen Eintrag aus der Auswahl f\u00fcr alle Gruppenmitglieder festlegen.<\/p>\n","protected":false},"excerpt":{"rendered":"<p>Um die Personendaten aller Gruppenmitglieder zu bearbeiten, w\u00e4hlen Sie das Stift-Symbol in der Datenbox &#8220;Personendaten&#8221;. Anschlie\u00dfend k\u00f6nnen Sie in der Bearbeitungsansicht die angezeigten Daten \u00e4ndern. Bitte beachten Sie, dass ge\u00e4nderte Personendaten stets f\u00fcr alle Mitglieder der Gruppe ge\u00e4ndert werden, unabh\u00e4ngig davon, ob die Daten zuvor f\u00fcr alle Nutzer unterschiedlich waren. Wird bspw. die Rolle der&#8230; <a href=\"https:\/\/hilfe.telekom-cloudcenter.de\/index.php\/nutzerverwaltung\/gruppen\/gruppendetails\/personendaten-bearbeiten\/\">read more &raquo;<\/a><\/p>\n","protected":false},"author":1,"featured_media":0,"parent":203,"menu_order":0,"comment_status":"closed","ping_status":"closed","template":"","meta":{"footnotes":""},"_links":{"self":[{"href":"https:\/\/hilfe.telekom-cloudcenter.de\/index.php\/wp-json\/wp\/v2\/pages\/207"}],"collection":[{"href":"https:\/\/hilfe.telekom-cloudcenter.de\/index.php\/wp-json\/wp\/v2\/pages"}],"about":[{"href":"https:\/\/hilfe.telekom-cloudcenter.de\/index.php\/wp-json\/wp\/v2\/types\/page"}],"author":[{"embeddable":true,"href":"https:\/\/hilfe.telekom-cloudcenter.de\/index.php\/wp-json\/wp\/v2\/users\/1"}],"replies":[{"embeddable":true,"href":"https:\/\/hilfe.telekom-cloudcenter.de\/index.php\/wp-json\/wp\/v2\/comments?post=207"}],"version-history":[{"count":4,"href":"https:\/\/hilfe.telekom-cloudcenter.de\/index.php\/wp-json\/wp\/v2\/pages\/207\/revisions"}],"predecessor-version":[{"id":385,"href":"https:\/\/hilfe.telekom-cloudcenter.de\/index.php\/wp-json\/wp\/v2\/pages\/207\/revisions\/385"}],"up":[{"embeddable":true,"href":"https:\/\/hilfe.telekom-cloudcenter.de\/index.php\/wp-json\/wp\/v2\/pages\/203"}],"wp:attachment":[{"href":"https:\/\/hilfe.telekom-cloudcenter.de\/index.php\/wp-json\/wp\/v2\/media?parent=207"}],"curies":[{"name":"wp","href":"https:\/\/api.w.org\/{rel}","templated":true}]}}