{"id":209,"date":"2016-10-25T10:15:52","date_gmt":"2016-10-25T10:15:52","guid":{"rendered":"https:\/\/hilfe.telekom-cloudcenter.de\/?page_id=209"},"modified":"2016-10-27T14:37:41","modified_gmt":"2016-10-27T14:37:41","slug":"gruppe-anlegen","status":"publish","type":"page","link":"https:\/\/hilfe.telekom-cloudcenter.de\/index.php\/nutzerverwaltung\/gruppen\/gruppe-anlegen\/","title":{"rendered":"Gruppe anlegen"},"content":{"rendered":"<p>Um eine neue Gruppe anzulegen, w\u00e4hlen Sie die Schaltfl\u00e4che <strong>&#8220;Gruppe anlegen&#8221;<\/strong> und vergeben anschlie\u00dfend einen Gruppennamen. Best\u00e4tigen Sie Ihre Eingaben durch die Schaltfl\u00e4che <strong>&#8220;Speichern&#8221;<\/strong>.<\/p>\n","protected":false},"excerpt":{"rendered":"<p>Um eine neue Gruppe anzulegen, w\u00e4hlen Sie die Schaltfl\u00e4che &#8220;Gruppe anlegen&#8221; und vergeben anschlie\u00dfend einen Gruppennamen. Best\u00e4tigen Sie Ihre Eingaben durch die Schaltfl\u00e4che &#8220;Speichern&#8221;.<\/p>\n","protected":false},"author":1,"featured_media":0,"parent":201,"menu_order":0,"comment_status":"closed","ping_status":"closed","template":"","meta":{"footnotes":""},"_links":{"self":[{"href":"https:\/\/hilfe.telekom-cloudcenter.de\/index.php\/wp-json\/wp\/v2\/pages\/209"}],"collection":[{"href":"https:\/\/hilfe.telekom-cloudcenter.de\/index.php\/wp-json\/wp\/v2\/pages"}],"about":[{"href":"https:\/\/hilfe.telekom-cloudcenter.de\/index.php\/wp-json\/wp\/v2\/types\/page"}],"author":[{"embeddable":true,"href":"https:\/\/hilfe.telekom-cloudcenter.de\/index.php\/wp-json\/wp\/v2\/users\/1"}],"replies":[{"embeddable":true,"href":"https:\/\/hilfe.telekom-cloudcenter.de\/index.php\/wp-json\/wp\/v2\/comments?post=209"}],"version-history":[{"count":2,"href":"https:\/\/hilfe.telekom-cloudcenter.de\/index.php\/wp-json\/wp\/v2\/pages\/209\/revisions"}],"predecessor-version":[{"id":390,"href":"https:\/\/hilfe.telekom-cloudcenter.de\/index.php\/wp-json\/wp\/v2\/pages\/209\/revisions\/390"}],"up":[{"embeddable":true,"href":"https:\/\/hilfe.telekom-cloudcenter.de\/index.php\/wp-json\/wp\/v2\/pages\/201"}],"wp:attachment":[{"href":"https:\/\/hilfe.telekom-cloudcenter.de\/index.php\/wp-json\/wp\/v2\/media?parent=209"}],"curies":[{"name":"wp","href":"https:\/\/api.w.org\/{rel}","templated":true}]}}