{"id":21,"date":"2016-10-20T10:26:38","date_gmt":"2016-10-20T10:26:38","guid":{"rendered":"https:\/\/hilfe.telekom-cloudcenter.de\/?page_id=21"},"modified":"2023-11-17T08:59:09","modified_gmt":"2023-11-17T08:59:09","slug":"widgets","status":"publish","type":"page","link":"https:\/\/hilfe.telekom-cloudcenter.de\/index.php\/startseite\/widgets\/","title":{"rendered":"Widgets"},"content":{"rendered":"\n<p>Einen schnellen \u00dcberblick \u00fcber die wichtigsten Informationen erhalten Sie auf der Startseite in verschiedenen Widgets. Die Position der einzelnen Widgets k\u00f6nnen Sie einfach per Drag&amp;Drop auf der Startseite verschieben. Au\u00dferdem k\u00f6nnen Sie den Inhalt der Widgets verbergen, indem Sie diese zuklappen. W\u00e4hlen Sie dazu einfach das Symbol am rechten oberen Rand des Widgets.<\/p>\n\n\n\n<p><strong>Widget &#8220;Willkommen&#8221;<\/strong><\/p>\n\n\n\n<p>Hier werden Ihnen&nbsp;als Administrator neben Informationen zu Ihrem letzten Login auch die Kontaktinformationen zu Ihrem Servicedesk angezeigt. Als Nutzer werden Ihnen an dieser Stelle Kontaktinformationen zu Ihrem Administrator angezeigt.<\/p>\n\n\n\n<p><strong>Widget &#8220;Speicherbelegung&#8221;<\/strong><\/p>\n\n\n\n<p>Hier erhalten Sie einen \u00dcberblick \u00fcber die Speicherf\u00fcllst\u00e4nde der 3 am h\u00f6chsten ausgelasteten Mailboxen sowie zur Gesamtverwendung des Speichers Ihrer Mailboxen und SharePoint Site Collections.<\/p>\n\n\n\n<p><strong>Widget<\/strong> <strong>&#8220;Kontingente&#8221;<\/strong><\/p>\n\n\n\n<p>Hier erhalten Sie einen Gesamt\u00fcberblick \u00fcber die von Ihnen bestellten Produkte<\/p>\n\n\n\n<p><strong>Widget<\/strong> <strong>&#8220;Nutzer&#8221;<\/strong><\/p>\n\n\n\n<p>Hier erhalten Sie einen \u00dcberblick \u00fcber bereits angelegte Nutzer sowie bereits vorgenommene Zuweisungen von einzelnen Produkten.<\/p>\n\n\n\n<p><strong>Widget<\/strong> <strong>&#8220;Ihre Dienste&#8221;<\/strong><\/p>\n\n\n\n<p>Hier erhalten Sie Statusinformationen zur Verf\u00fcgbarkeit der von Ihnen gebuchten Dienste. Weiterhin k\u00f6nnen Sie direkt zu den Web-Oberfl\u00e4chen der entsprechenden Dienste wie z.B. Outlook Web Access wechseln.<\/p>\n\n\n\n<p><strong>Widget<\/strong> <strong>&#8220;Prozessmonitor&#8221;<\/strong><\/p>\n\n\n\n<p>Hier erhalten Sie eine Auflistung durchgef\u00fchrter Administrationsaufgaben innerhalb der letzten 24 Stunden, wie z.B. Sperren, Entsperren, Anlegen oder L\u00f6schen von Nutzern. Hiermit k\u00f6nnen Sie bei l\u00e4nger laufenden Administrationsaufgaben den Status der Ausf\u00fchrung \u00fcberwachen. Weiterhin erm\u00f6glicht Ihnen diese Funktion eine Nachvollziehbarkeit aller Administrationst\u00e4tigkeiten.<\/p>\n\n\n\n<p><strong>Widget<\/strong> <strong>&#8220;Adressbuch&#8221;<\/strong><\/p>\n\n\n\n<p>Hier k\u00f6nnen Sie im Exchange-Adressbuch nach Nutzern und Kontakten suchen.<\/p>\n\n\n\n<p><strong>Widget<\/strong> <strong>&#8220;Benachrichtigungen&#8221;<\/strong><\/p>\n\n\n\n<p>Hier erhalten Sie Benachrichtigungen, die Ihr eigenes Nutzerprofil betreffen, bspw. Produktzuweisungen.<\/p>\n\n\n\n<p><strong>Widget<\/strong> <strong>&#8220;Ihre SharePoint Site Collections&#8221;<\/strong><\/p>\n\n\n\n<p>Hier werden Ihnen SharePoint Site Collections angezeigt, f\u00fcr die Sie als Verwalter eingerichtet wurden.<\/p>\n\n\n\n<p><\/p>\n","protected":false},"excerpt":{"rendered":"<p>Einen schnellen \u00dcberblick \u00fcber die wichtigsten Informationen erhalten Sie auf der Startseite in verschiedenen Widgets. Die Position der einzelnen Widgets k\u00f6nnen Sie einfach per Drag&amp;Drop auf der Startseite verschieben. Au\u00dferdem k\u00f6nnen Sie den Inhalt der Widgets verbergen, indem Sie diese zuklappen. W\u00e4hlen Sie dazu einfach das Symbol am rechten oberen Rand des Widgets. Widget &#8220;Willkommen&#8221;&#8230; <a href=\"https:\/\/hilfe.telekom-cloudcenter.de\/index.php\/startseite\/widgets\/\">read more &raquo;<\/a><\/p>\n","protected":false},"author":1,"featured_media":0,"parent":4,"menu_order":0,"comment_status":"closed","ping_status":"closed","template":"","meta":{"footnotes":""},"_links":{"self":[{"href":"https:\/\/hilfe.telekom-cloudcenter.de\/index.php\/wp-json\/wp\/v2\/pages\/21"}],"collection":[{"href":"https:\/\/hilfe.telekom-cloudcenter.de\/index.php\/wp-json\/wp\/v2\/pages"}],"about":[{"href":"https:\/\/hilfe.telekom-cloudcenter.de\/index.php\/wp-json\/wp\/v2\/types\/page"}],"author":[{"embeddable":true,"href":"https:\/\/hilfe.telekom-cloudcenter.de\/index.php\/wp-json\/wp\/v2\/users\/1"}],"replies":[{"embeddable":true,"href":"https:\/\/hilfe.telekom-cloudcenter.de\/index.php\/wp-json\/wp\/v2\/comments?post=21"}],"version-history":[{"count":5,"href":"https:\/\/hilfe.telekom-cloudcenter.de\/index.php\/wp-json\/wp\/v2\/pages\/21\/revisions"}],"predecessor-version":[{"id":6294,"href":"https:\/\/hilfe.telekom-cloudcenter.de\/index.php\/wp-json\/wp\/v2\/pages\/21\/revisions\/6294"}],"up":[{"embeddable":true,"href":"https:\/\/hilfe.telekom-cloudcenter.de\/index.php\/wp-json\/wp\/v2\/pages\/4"}],"wp:attachment":[{"href":"https:\/\/hilfe.telekom-cloudcenter.de\/index.php\/wp-json\/wp\/v2\/media?parent=21"}],"curies":[{"name":"wp","href":"https:\/\/api.w.org\/{rel}","templated":true}]}}