{"id":211,"date":"2016-10-25T10:16:09","date_gmt":"2016-10-25T10:16:09","guid":{"rendered":"https:\/\/hilfe.telekom-cloudcenter.de\/?page_id=211"},"modified":"2016-10-27T14:38:53","modified_gmt":"2016-10-27T14:38:53","slug":"gruppe-loschen","status":"publish","type":"page","link":"https:\/\/hilfe.telekom-cloudcenter.de\/index.php\/nutzerverwaltung\/gruppen\/gruppe-loschen\/","title":{"rendered":"Gruppe l\u00f6schen"},"content":{"rendered":"<p>Um eine Gruppe zu l\u00f6schen, w\u00e4hlen Sie in der <a href=\"https:\/\/hilfe.telekom-cloudcenter.de\/index.php\/nutzerverwaltung\/gruppen\/gruppendetails\/\"><strong>Gruppendetailansicht<\/strong><\/a> die Schaltfl\u00e4che <strong>&#8220;Gruppe l\u00f6schen&#8221;<\/strong> und best\u00e4tigen anschlie\u00dfend die Sicherheitsabfrage mit &#8220;<strong>Ok&#8221;<\/strong>.<\/p>\n<p><strong>Hinweis:<\/strong> Beim L\u00f6schen einer Gruppe werden lediglich die Gruppe sowie die Zuordnung von Nutzern zu dieser Gruppe gel\u00f6scht. Die Nutzer selbst werden dabei nicht gel\u00f6scht.<\/p>\n","protected":false},"excerpt":{"rendered":"<p>Um eine Gruppe zu l\u00f6schen, w\u00e4hlen Sie in der Gruppendetailansicht die Schaltfl\u00e4che &#8220;Gruppe l\u00f6schen&#8221; und best\u00e4tigen anschlie\u00dfend die Sicherheitsabfrage mit &#8220;Ok&#8221;. Hinweis: Beim L\u00f6schen einer Gruppe werden lediglich die Gruppe sowie die Zuordnung von Nutzern zu dieser Gruppe gel\u00f6scht. Die Nutzer selbst werden dabei nicht gel\u00f6scht.<\/p>\n","protected":false},"author":1,"featured_media":0,"parent":201,"menu_order":0,"comment_status":"closed","ping_status":"closed","template":"","meta":{"footnotes":""},"_links":{"self":[{"href":"https:\/\/hilfe.telekom-cloudcenter.de\/index.php\/wp-json\/wp\/v2\/pages\/211"}],"collection":[{"href":"https:\/\/hilfe.telekom-cloudcenter.de\/index.php\/wp-json\/wp\/v2\/pages"}],"about":[{"href":"https:\/\/hilfe.telekom-cloudcenter.de\/index.php\/wp-json\/wp\/v2\/types\/page"}],"author":[{"embeddable":true,"href":"https:\/\/hilfe.telekom-cloudcenter.de\/index.php\/wp-json\/wp\/v2\/users\/1"}],"replies":[{"embeddable":true,"href":"https:\/\/hilfe.telekom-cloudcenter.de\/index.php\/wp-json\/wp\/v2\/comments?post=211"}],"version-history":[{"count":2,"href":"https:\/\/hilfe.telekom-cloudcenter.de\/index.php\/wp-json\/wp\/v2\/pages\/211\/revisions"}],"predecessor-version":[{"id":391,"href":"https:\/\/hilfe.telekom-cloudcenter.de\/index.php\/wp-json\/wp\/v2\/pages\/211\/revisions\/391"}],"up":[{"embeddable":true,"href":"https:\/\/hilfe.telekom-cloudcenter.de\/index.php\/wp-json\/wp\/v2\/pages\/201"}],"wp:attachment":[{"href":"https:\/\/hilfe.telekom-cloudcenter.de\/index.php\/wp-json\/wp\/v2\/media?parent=211"}],"curies":[{"name":"wp","href":"https:\/\/api.w.org\/{rel}","templated":true}]}}