{"id":213,"date":"2016-10-25T10:17:18","date_gmt":"2016-10-25T10:17:18","guid":{"rendered":"https:\/\/hilfe.telekom-cloudcenter.de\/?page_id=213"},"modified":"2016-10-28T09:14:32","modified_gmt":"2016-10-28T09:14:32","slug":"nutzerliste-importieren","status":"publish","type":"page","link":"https:\/\/hilfe.telekom-cloudcenter.de\/index.php\/nutzerverwaltung\/nutzerliste-importieren\/","title":{"rendered":"Nutzerliste importieren"},"content":{"rendered":"<p>Um eine gr\u00f6\u00dfere Nutzermenge im Cloud Manager anzulegen, k\u00f6nnen Sie die Funktion zum Importieren einer Nutzerliste nutzen. W\u00e4hlen Sie hierzu in der Hauptnavigation unterhalb der <a href=\"https:\/\/hilfe.telekom-cloudcenter.de\/index.php\/nutzerverwaltung\/\"><strong>&#8220;Nutzerverwaltung&#8221;<\/strong><\/a> den Men\u00fcpunkt <strong>&#8220;Nutzerliste importieren&#8221;<\/strong>. Diese Funktion steht Ihnen ebenfalls beim Anlegen eines Nutzers\u00a0zur Verf\u00fcgung. W\u00e4hlen Sie hierzu in der Bearbeitungssicht f\u00fcr einen neuen Nutzer die Schaltfl\u00e4che <strong>&#8220;Gr\u00f6\u00dfere Nutzermenge importieren&#8221;<\/strong>.<\/p>\n<p>F\u00fcr den Import von mehreren Nutzern stehen Ihnen zwei Vorlagen zur Verf\u00fcgung, welche Sie z.B. in Microsoft Excel\u00ae bearbeiten k\u00f6nnen. Mit Auswahl des Links <strong>&#8220;Excel-Vorlage herunterladen&#8221;<\/strong> wird Ihnen eine Excel-Vorlage bereitgestellt, welche in den Spalten f\u00fcr Standort (Location), Abteilung (Department), Rolle (Role) sowie den produktspezifischen Spalten bereits Auswahllisten mit den f\u00fcr Ihre Organisation g\u00fcltigen Werten enth\u00e4lt. Bitte beachten Sie, dass Microsoft Excel\u00ae ggf. einen Warnhinweis beim \u00d6ffnen der Vorlage anzeigt.<\/p>\n<p>Mit Auswahl des Links <strong>&#8220;CSV Vorlage herunterladen&#8221;<\/strong> wird Ihnen die gleiche Vorlage, allerdings ohne Auswahllisten mit vordefinierten Werten an den o. g. Spalten bereitgestellt.<\/p>\n<p>In jedem Fall k\u00f6nnen Sie unter Zuhilfenahme beider Vorlagen sowohl Nutzerdaten importieren als auch Produktzuweisungen an Nutzer durchf\u00fchren.<\/p>\n<p>Bitte f\u00fcllen Sie die Vorlage sorgf\u00e4ltig mit den von Ihnen gew\u00fcnschten Nutzer- und Produktdaten aus. Folgende Angaben m\u00fcssen Sie in jedem Fall pro anzulegenden Nutzer angeben:<\/p>\n<ul>\n<li>Vorname (FirstName)<\/li>\n<li>Nachname (LastName)<\/li>\n<li>Anzeigename (DisplayName)<\/li>\n<li>Rolle (Role)<\/li>\n<li>Externe E-Mail-Adresse (ExternalMail), sofern Sie die Rolle \u201eAdministrator\u201c gew\u00e4hlt haben<\/li>\n<li>Nutzername (LoginName)<\/li>\n<li>Dom\u00e4ne (DomainName)<\/li>\n<li>Passwort<\/li>\n<\/ul>\n<p>Beispiel:<\/p>\n<ul>\n<li>Max<\/li>\n<li>Mustermann<\/li>\n<li>Max Mustermann<\/li>\n<li>Administrator<\/li>\n<li>max.mustermann@dom\u00e4ne.de<\/li>\n<li>max.mustermann<\/li>\n<li>dom\u00e4ne.de<\/li>\n<li>1234Test<\/li>\n<\/ul>\n<p><strong>Hinweis:<\/strong> Wenn Sie die Vorlage zum Importieren von Nutzern und gleichzeitiger Vergabe von Mailboxen verwenden, finden die Regeln, die Sie zur <a href=\"https:\/\/hilfe.telekom-cloudcenter.de\/index.php\/produkte\/microsoft-exchange\/einstellungen-fur-exchange\/regeln-fur-mailadressen\/\"><strong>Bildung von Mailadressen<\/strong><\/a> f\u00fcr Ihre Organisation definiert haben\u00a0Anwendung. Haben Sie hier nichts definiert, findet ausschlie\u00dflich die Standardeinstellung des Cloud Managers Anwendung, die Mailadressen der Form <a href=\"mailto:Vorname.Nachname@kundenstammname.telekom-cloudcenter.de\">Vorname.Nachname@kundenstammname.telekom-cloudcenter.de<\/a> generiert. Weiterhin m\u00fcssen die von Ihnen vergebenen Passw\u00f6rter f\u00fcr Nutzer den Passwortregeln des Cloud Managers oder \u2013 sofern von Ihnen hinterlegt \u2013 den <a href=\"https:\/\/hilfe.telekom-cloudcenter.de\/index.php\/nutzerverwaltung\/einstellungen\/einstellungenregeln-fur-passworter\/\"><strong>Passwortregeln<\/strong><\/a> Ihrer Organisation entsprechen.<\/p>\n<p>Haben Sie die CSV- bzw. Excel-Vorlage mit den gew\u00fcnschten Nutzerdaten ausgef\u00fcllt, m\u00fcssen Sie die Datei zwingend als .CSV-Datei (Trennzeichen-getrennt) speichern, um Sie anschlie\u00dfend im Cloud Manager hochladen zu k\u00f6nnen. Zum Hochladen der .CSV-Datei w\u00e4hlen Sie zun\u00e4chst die Schaltfl\u00e4che <strong>&#8220;Durchsuchen&#8221;<\/strong> und nach Auswahl der entsprechenden Datei die Schaltfl\u00e4che <strong>&#8220;Upload&#8221;<\/strong>.<\/p>\n<p>Sie erhalten zun\u00e4chst eine Vorschau der in der .CSV-Datei enthaltenen Datens\u00e4tze. W\u00e4hlen Sie in der angezeigten Vorschau die Schaltfl\u00e4che <strong>&#8220;Weiter&#8221;<\/strong>, werden die in der .CSV-Datei enthaltenen Datens\u00e4tze zun\u00e4chst validiert. War die Validierung erfolgreich, k\u00f6nnen Sie den Import im folgenden Dialog durch Wahl der Schaltfl\u00e4che <strong>&#8220;Weiter&#8221;<\/strong> starten. Anschlie\u00dfend k\u00f6nnen Sie den Fortschritt des Nutzerimports \u00fcber den entsprechenden Eintrag im Prozessmonitor verfolgen. Wurden in der .CSV-Datei fehlerhafte Datens\u00e4tze erkannt, erhalten Sie nach der Validierung eine Auflistung aller aufgetretenen Fehler.<\/p>\n<p>&nbsp;<\/p>\n","protected":false},"excerpt":{"rendered":"<p>Um eine gr\u00f6\u00dfere Nutzermenge im Cloud Manager anzulegen, k\u00f6nnen Sie die Funktion zum Importieren einer Nutzerliste nutzen. W\u00e4hlen Sie hierzu in der Hauptnavigation unterhalb der &#8220;Nutzerverwaltung&#8221; den Men\u00fcpunkt &#8220;Nutzerliste importieren&#8221;. Diese Funktion steht Ihnen ebenfalls beim Anlegen eines Nutzers\u00a0zur Verf\u00fcgung. W\u00e4hlen Sie hierzu in der Bearbeitungssicht f\u00fcr einen neuen Nutzer die Schaltfl\u00e4che &#8220;Gr\u00f6\u00dfere Nutzermenge importieren&#8221;&#8230;. <a href=\"https:\/\/hilfe.telekom-cloudcenter.de\/index.php\/nutzerverwaltung\/nutzerliste-importieren\/\">read more &raquo;<\/a><\/p>\n","protected":false},"author":1,"featured_media":0,"parent":33,"menu_order":0,"comment_status":"closed","ping_status":"closed","template":"","meta":{"footnotes":""},"_links":{"self":[{"href":"https:\/\/hilfe.telekom-cloudcenter.de\/index.php\/wp-json\/wp\/v2\/pages\/213"}],"collection":[{"href":"https:\/\/hilfe.telekom-cloudcenter.de\/index.php\/wp-json\/wp\/v2\/pages"}],"about":[{"href":"https:\/\/hilfe.telekom-cloudcenter.de\/index.php\/wp-json\/wp\/v2\/types\/page"}],"author":[{"embeddable":true,"href":"https:\/\/hilfe.telekom-cloudcenter.de\/index.php\/wp-json\/wp\/v2\/users\/1"}],"replies":[{"embeddable":true,"href":"https:\/\/hilfe.telekom-cloudcenter.de\/index.php\/wp-json\/wp\/v2\/comments?post=213"}],"version-history":[{"count":4,"href":"https:\/\/hilfe.telekom-cloudcenter.de\/index.php\/wp-json\/wp\/v2\/pages\/213\/revisions"}],"predecessor-version":[{"id":394,"href":"https:\/\/hilfe.telekom-cloudcenter.de\/index.php\/wp-json\/wp\/v2\/pages\/213\/revisions\/394"}],"up":[{"embeddable":true,"href":"https:\/\/hilfe.telekom-cloudcenter.de\/index.php\/wp-json\/wp\/v2\/pages\/33"}],"wp:attachment":[{"href":"https:\/\/hilfe.telekom-cloudcenter.de\/index.php\/wp-json\/wp\/v2\/media?parent=213"}],"curies":[{"name":"wp","href":"https:\/\/api.w.org\/{rel}","templated":true}]}}