{"id":215,"date":"2016-10-25T10:20:48","date_gmt":"2016-10-25T10:20:48","guid":{"rendered":"https:\/\/hilfe.telekom-cloudcenter.de\/?page_id=215"},"modified":"2016-10-28T09:38:42","modified_gmt":"2016-10-28T09:38:42","slug":"einstellungen","status":"publish","type":"page","link":"https:\/\/hilfe.telekom-cloudcenter.de\/index.php\/nutzerverwaltung\/einstellungen\/","title":{"rendered":"Einstellungen"},"content":{"rendered":"<p>\u00dcber die Einstellungen haben Sie die M\u00f6glichkeit <a href=\"https:\/\/hilfe.telekom-cloudcenter.de\/index.php\/nutzerverwaltung\/einstellungen\/einstellungenregeln-fur-passworter\/\"><strong>Passwortregeln<\/strong><\/a> f\u00fcr Ihre Organisation festzulegen.<\/p>\n","protected":false},"excerpt":{"rendered":"<p>\u00dcber die Einstellungen haben Sie die M\u00f6glichkeit Passwortregeln f\u00fcr Ihre Organisation festzulegen.<\/p>\n","protected":false},"author":1,"featured_media":0,"parent":33,"menu_order":0,"comment_status":"closed","ping_status":"closed","template":"","meta":{"footnotes":""},"_links":{"self":[{"href":"https:\/\/hilfe.telekom-cloudcenter.de\/index.php\/wp-json\/wp\/v2\/pages\/215"}],"collection":[{"href":"https:\/\/hilfe.telekom-cloudcenter.de\/index.php\/wp-json\/wp\/v2\/pages"}],"about":[{"href":"https:\/\/hilfe.telekom-cloudcenter.de\/index.php\/wp-json\/wp\/v2\/types\/page"}],"author":[{"embeddable":true,"href":"https:\/\/hilfe.telekom-cloudcenter.de\/index.php\/wp-json\/wp\/v2\/users\/1"}],"replies":[{"embeddable":true,"href":"https:\/\/hilfe.telekom-cloudcenter.de\/index.php\/wp-json\/wp\/v2\/comments?post=215"}],"version-history":[{"count":3,"href":"https:\/\/hilfe.telekom-cloudcenter.de\/index.php\/wp-json\/wp\/v2\/pages\/215\/revisions"}],"predecessor-version":[{"id":396,"href":"https:\/\/hilfe.telekom-cloudcenter.de\/index.php\/wp-json\/wp\/v2\/pages\/215\/revisions\/396"}],"up":[{"embeddable":true,"href":"https:\/\/hilfe.telekom-cloudcenter.de\/index.php\/wp-json\/wp\/v2\/pages\/33"}],"wp:attachment":[{"href":"https:\/\/hilfe.telekom-cloudcenter.de\/index.php\/wp-json\/wp\/v2\/media?parent=215"}],"curies":[{"name":"wp","href":"https:\/\/api.w.org\/{rel}","templated":true}]}}