{"id":228,"date":"2016-10-25T12:54:30","date_gmt":"2016-10-25T12:54:30","guid":{"rendered":"https:\/\/hilfe.telekom-cloudcenter.de\/?page_id=228"},"modified":"2023-11-17T08:26:18","modified_gmt":"2023-11-17T08:26:18","slug":"produkte","status":"publish","type":"page","link":"https:\/\/hilfe.telekom-cloudcenter.de\/index.php\/produkte\/","title":{"rendered":"Produkte"},"content":{"rendered":"<p>Die Produkt\u00fcbersicht bildet den Einstiegspunkt in die Produktverwaltung. Um in die Produktverwaltung zu gelangen, w\u00e4hlen Sie den Men\u00fcpunkt <strong>&#8220;Produkte&#8221;<\/strong> in der Hauptnavigation. Anschlie\u00dfend wird Ihnen zun\u00e4chst die Produkt\u00fcbersicht angezeigt. Dabei werden Ihnen die Nutzungsberechtigungen (Kontingente) der durch Sie gebuchten Produkte angezeigt. Sie erhalten dabei einen \u00dcberblick \u00fcber die Gesamtanzahl der erworbenen und die Anzahl der verf\u00fcgbaren Nutzungsberechtigungen. Nicht mehr verf\u00fcgbare Nutzungsberechtigungen sind dabei jene, die bereits Nutzern zugewiesen sind.<\/p>\n<p>Um die einzelnen Produkte zu verwalten oder Produktzuweisungen durchzuf\u00fchren, w\u00e4hlen Sie den jeweils gew\u00fcnschten Men\u00fcpunkt in der Hauptnavigation oder den weiterf\u00fchrenden Link zur <strong>&#8220;Produkt\u00fcbersicht&#8221;<\/strong> des jeweiligen Produktes in der obigen Ansicht.<\/p>\n","protected":false},"excerpt":{"rendered":"<p>Die Produkt\u00fcbersicht bildet den Einstiegspunkt in die Produktverwaltung. Um in die Produktverwaltung zu gelangen, w\u00e4hlen Sie den Men\u00fcpunkt &#8220;Produkte&#8221; in der Hauptnavigation. Anschlie\u00dfend wird Ihnen zun\u00e4chst die Produkt\u00fcbersicht angezeigt. Dabei werden Ihnen die Nutzungsberechtigungen (Kontingente) der durch Sie gebuchten Produkte angezeigt. Sie erhalten dabei einen \u00dcberblick \u00fcber die Gesamtanzahl der erworbenen und die Anzahl der&#8230; <a href=\"https:\/\/hilfe.telekom-cloudcenter.de\/index.php\/produkte\/\">read more &raquo;<\/a><\/p>\n","protected":false},"author":1,"featured_media":0,"parent":0,"menu_order":0,"comment_status":"closed","ping_status":"closed","template":"","meta":{"footnotes":""},"_links":{"self":[{"href":"https:\/\/hilfe.telekom-cloudcenter.de\/index.php\/wp-json\/wp\/v2\/pages\/228"}],"collection":[{"href":"https:\/\/hilfe.telekom-cloudcenter.de\/index.php\/wp-json\/wp\/v2\/pages"}],"about":[{"href":"https:\/\/hilfe.telekom-cloudcenter.de\/index.php\/wp-json\/wp\/v2\/types\/page"}],"author":[{"embeddable":true,"href":"https:\/\/hilfe.telekom-cloudcenter.de\/index.php\/wp-json\/wp\/v2\/users\/1"}],"replies":[{"embeddable":true,"href":"https:\/\/hilfe.telekom-cloudcenter.de\/index.php\/wp-json\/wp\/v2\/comments?post=228"}],"version-history":[{"count":4,"href":"https:\/\/hilfe.telekom-cloudcenter.de\/index.php\/wp-json\/wp\/v2\/pages\/228\/revisions"}],"predecessor-version":[{"id":6285,"href":"https:\/\/hilfe.telekom-cloudcenter.de\/index.php\/wp-json\/wp\/v2\/pages\/228\/revisions\/6285"}],"wp:attachment":[{"href":"https:\/\/hilfe.telekom-cloudcenter.de\/index.php\/wp-json\/wp\/v2\/media?parent=228"}],"curies":[{"name":"wp","href":"https:\/\/api.w.org\/{rel}","templated":true}]}}