{"id":230,"date":"2016-10-25T12:54:44","date_gmt":"2016-10-25T12:54:44","guid":{"rendered":"https:\/\/hilfe.telekom-cloudcenter.de\/?page_id=230"},"modified":"2018-09-27T06:42:31","modified_gmt":"2018-09-27T06:42:31","slug":"produktprofile","status":"publish","type":"page","link":"https:\/\/hilfe.telekom-cloudcenter.de\/index.php\/produkte\/produktprofile\/","title":{"rendered":"Produktprofile"},"content":{"rendered":"<p>Zur Vereinfachung von Produktzuweisungen an Nutzer und Nutzergruppen bietet Ihnen der Cloud Manager die M\u00f6glichkeit, Produktprofile anzulegen. Ein Produktprofil ist dabei eine Zusammenstellung von mehreren Produkten und Produktoptionen. So k\u00f6nnen Sie bspw. den Mailboxtyp &#8220;Microsoft Exchange L&#8221; mit der Produktoption &#8220;Quarant\u00e4nebox&#8221; unten einem Produktprofil speichern. Bei der Zuweisung dieses Produktprofils an einen Nutzer oder eine Nutzergruppe weisen Sie somit schnell und effizient die im Produktprofil enthaltenen Produkte und -optionen zu\u00a0 \u2013 ohne explizite Zuweisung der jeweiligen Einzelprodukte.<\/p>\n<p>Die <a href=\"https:\/\/hilfe.telekom-cloudcenter.de\/index.php\/produkte\/produktprofile\/produktprofildetails\/\"><strong>Details eines Produktprofils<\/strong><\/a> werden Ihnen angezeigt, wenn Sie einen Eintrag per Mouse-Klick ausw\u00e4hlen. Anschlie\u00dfend haben Sie in der Detailanzeige die M\u00f6glichkeit das Produktprofil zu <a href=\"https:\/\/hilfe.telekom-cloudcenter.de\/index.php\/produkte\/produktprofile\/produktprofildetails\/produktprofil-bearbeiten\/\"><strong>bearbeiten<\/strong><\/a>.<\/p>\n<p>Auf der \u00dcbersichtsseite der Produktprofile werden Ihnen folgende Funktionen angeboten:<\/p>\n<ul>\n<li>Funktion <a href=\"https:\/\/hilfe.telekom-cloudcenter.de\/index.php\/produkte\/produktprofile\/produktprofil-anlegen\/\"><strong>&#8220;Produktprofil anlegen&#8221;<\/strong><\/a> zum Anlegen eines neuen Produktprofils<\/li>\n<li>Funktion <a href=\"https:\/\/hilfe.telekom-cloudcenter.de\/index.php\/produkte\/produktprofile\/produktprofil-loschen\/\"><strong>&#8220;Produktprofil l\u00f6schen&#8221;<\/strong><\/a> zum L\u00f6schen eines vorhandenen Produktprofils<\/li>\n<\/ul>\n","protected":false},"excerpt":{"rendered":"<p>Zur Vereinfachung von Produktzuweisungen an Nutzer und Nutzergruppen bietet Ihnen der Cloud Manager die M\u00f6glichkeit, Produktprofile anzulegen. Ein Produktprofil ist dabei eine Zusammenstellung von mehreren Produkten und Produktoptionen. So k\u00f6nnen Sie bspw. den Mailboxtyp &#8220;Microsoft Exchange L&#8221; mit der Produktoption &#8220;Quarant\u00e4nebox&#8221; unten einem Produktprofil speichern. Bei der Zuweisung dieses Produktprofils an einen Nutzer oder eine&#8230; <a href=\"https:\/\/hilfe.telekom-cloudcenter.de\/index.php\/produkte\/produktprofile\/\">read more &raquo;<\/a><\/p>\n","protected":false},"author":1,"featured_media":0,"parent":228,"menu_order":0,"comment_status":"closed","ping_status":"closed","template":"","meta":{"footnotes":""},"_links":{"self":[{"href":"https:\/\/hilfe.telekom-cloudcenter.de\/index.php\/wp-json\/wp\/v2\/pages\/230"}],"collection":[{"href":"https:\/\/hilfe.telekom-cloudcenter.de\/index.php\/wp-json\/wp\/v2\/pages"}],"about":[{"href":"https:\/\/hilfe.telekom-cloudcenter.de\/index.php\/wp-json\/wp\/v2\/types\/page"}],"author":[{"embeddable":true,"href":"https:\/\/hilfe.telekom-cloudcenter.de\/index.php\/wp-json\/wp\/v2\/users\/1"}],"replies":[{"embeddable":true,"href":"https:\/\/hilfe.telekom-cloudcenter.de\/index.php\/wp-json\/wp\/v2\/comments?post=230"}],"version-history":[{"count":5,"href":"https:\/\/hilfe.telekom-cloudcenter.de\/index.php\/wp-json\/wp\/v2\/pages\/230\/revisions"}],"predecessor-version":[{"id":3748,"href":"https:\/\/hilfe.telekom-cloudcenter.de\/index.php\/wp-json\/wp\/v2\/pages\/230\/revisions\/3748"}],"up":[{"embeddable":true,"href":"https:\/\/hilfe.telekom-cloudcenter.de\/index.php\/wp-json\/wp\/v2\/pages\/228"}],"wp:attachment":[{"href":"https:\/\/hilfe.telekom-cloudcenter.de\/index.php\/wp-json\/wp\/v2\/media?parent=230"}],"curies":[{"name":"wp","href":"https:\/\/api.w.org\/{rel}","templated":true}]}}