{"id":25,"date":"2016-10-20T10:43:26","date_gmt":"2016-10-20T10:43:26","guid":{"rendered":"https:\/\/hilfe.telekom-cloudcenter.de\/?page_id=25"},"modified":"2023-11-17T08:24:53","modified_gmt":"2023-11-17T08:24:53","slug":"einstellungen","status":"publish","type":"page","link":"https:\/\/hilfe.telekom-cloudcenter.de\/index.php\/einstellungen\/","title":{"rendered":"Einstellungen"},"content":{"rendered":"<p>Unter dem Men\u00fcpunkt <strong>&#8220;Einstellungen&#8221;<\/strong> haben Sie die M\u00f6glichkeit, Ihr <a href=\"https:\/\/hilfe.telekom-cloudcenter.de\/index.php\/einstellungen\/passwort-andern\/\">eigenes Passwort zu \u00e4ndern<\/a>. Zudem k\u00f6nnen Sie die Informationen zur <a href=\"https:\/\/hilfe.telekom-cloudcenter.de\/index.php\/einstellungen\/2fa-informationen\/\">2-Faktor-Authentifizierung<\/a> einsehen.<\/p>\n<p>Weiterhin k\u00f6nnen Sie als Administrator <a href=\"https:\/\/hilfe.telekom-cloudcenter.de\/index.php\/einstellungen\/kontaktinformationen-fur-nutzer\/\">Kontaktinformationen f\u00fcr Nutzer<\/a>\u00a0 administrieren, welche auf der Startseite in den entsprechenden <a href=\"https:\/\/hilfe.telekom-cloudcenter.de\/index.php\/startseite\/widgets\/\">Widgets<\/a> angezeigt werden.<\/p>\n","protected":false},"excerpt":{"rendered":"<p>Unter dem Men\u00fcpunkt &#8220;Einstellungen&#8221; haben Sie die M\u00f6glichkeit, Ihr eigenes Passwort zu \u00e4ndern. Zudem k\u00f6nnen Sie die Informationen zur 2-Faktor-Authentifizierung einsehen. Weiterhin k\u00f6nnen Sie als Administrator Kontaktinformationen f\u00fcr Nutzer\u00a0 administrieren, welche auf der Startseite in den entsprechenden Widgets angezeigt werden.<\/p>\n","protected":false},"author":1,"featured_media":0,"parent":0,"menu_order":0,"comment_status":"closed","ping_status":"closed","template":"","meta":{"footnotes":""},"_links":{"self":[{"href":"https:\/\/hilfe.telekom-cloudcenter.de\/index.php\/wp-json\/wp\/v2\/pages\/25"}],"collection":[{"href":"https:\/\/hilfe.telekom-cloudcenter.de\/index.php\/wp-json\/wp\/v2\/pages"}],"about":[{"href":"https:\/\/hilfe.telekom-cloudcenter.de\/index.php\/wp-json\/wp\/v2\/types\/page"}],"author":[{"embeddable":true,"href":"https:\/\/hilfe.telekom-cloudcenter.de\/index.php\/wp-json\/wp\/v2\/users\/1"}],"replies":[{"embeddable":true,"href":"https:\/\/hilfe.telekom-cloudcenter.de\/index.php\/wp-json\/wp\/v2\/comments?post=25"}],"version-history":[{"count":7,"href":"https:\/\/hilfe.telekom-cloudcenter.de\/index.php\/wp-json\/wp\/v2\/pages\/25\/revisions"}],"predecessor-version":[{"id":6283,"href":"https:\/\/hilfe.telekom-cloudcenter.de\/index.php\/wp-json\/wp\/v2\/pages\/25\/revisions\/6283"}],"wp:attachment":[{"href":"https:\/\/hilfe.telekom-cloudcenter.de\/index.php\/wp-json\/wp\/v2\/media?parent=25"}],"curies":[{"name":"wp","href":"https:\/\/api.w.org\/{rel}","templated":true}]}}