{"id":258,"date":"2016-10-26T09:04:07","date_gmt":"2016-10-26T09:04:07","guid":{"rendered":"https:\/\/hilfe.telekom-cloudcenter.de\/?page_id=258"},"modified":"2020-07-13T07:55:31","modified_gmt":"2020-07-13T07:55:31","slug":"mailboxen","status":"publish","type":"page","link":"https:\/\/hilfe.telekom-cloudcenter.de\/index.php\/produkte\/microsoft-exchange\/mailboxen\/","title":{"rendered":"Mailboxen"},"content":{"rendered":"<p>Zur Administration Ihrer Nutzer-, Shared Mailboxen und Ressourcen Mailboxen w\u00e4hlen Sie den Men\u00fcpunkt <strong>&#8220;Mailboxen&#8221;<\/strong> in der Hauptnavigation. Anschlie\u00dfend werden Ihnen die f\u00fcr Ihre Organisation vorhandenen Mailboxen angezeigt.<\/p>\n<p>In der Liste werden Ihnen alle eingerichteten Mailboxen angezeigt. In der Spalte <strong>&#8220;Mailboxtyp&#8221;<\/strong> k\u00f6nnen Sie ablesen um welche Art von Mailbox (Nutzermailbox, Shared Mailbox oder Ressourcen Mailbox) es sich handelt. In der Spalte <strong>&#8220;Mailbox Gr\u00f6\u00dfe&#8221;<\/strong> wird Ihnen angezeigt, \u00fcber wie viel Speicher die Mailbox verf\u00fcgt. Die Spalte <strong>&#8220;Speicherbelegung&#8221;<\/strong>\u00a0visualisiert die prozentuale Auslastung (F\u00fcllstand) der Mailbox. Die farbliche Darstellung der Speicherbelegung wechselt ab einer Auslastung von 50 Prozent auf Gelb, ab 90 Prozent auf Rot. Bitte beachten Sie, dass bei Berechnung der Speicherbelegung einer Mailbox auch gel\u00f6schte Objekte eingerechnet werden. Die Informationen zur F\u00fcllstandanzeige werden in Intervallen von 15 Minuten aktualisiert.<\/p>\n<p>In die <a href=\"https:\/\/hilfe.telekom-cloudcenter.de\/index.php\/produkte\/microsoft-exchange\/mailboxen\/mailboxdetails\/\"><strong>Detailansicht einer Mailbox<\/strong><\/a>\u00a0wechseln Sie, indem Sie per Mouse-Klick eine Mailbox\u00a0in der Liste ausw\u00e4hlen. In der Detailansicht haben Sie die M\u00f6glichkeit die Mailboxdaten zu <a href=\"https:\/\/hilfe.telekom-cloudcenter.de\/index.php\/produkte\/microsoft-exchange\/mailboxen\/mailboxdetails\/mailbox-bearbeiten\/\"><strong>bearbeiten<\/strong><\/a>.<\/p>\n<p>Zus\u00e4tzlich stehen folgende Funktionen zur Verf\u00fcgung:<\/p>\n<ul>\n<li>Funktion <a href=\"https:\/\/hilfe.telekom-cloudcenter.de\/index.php\/produkte\/microsoft-exchange\/mailboxen\/mailbox-anlegen\/\"><strong>&#8220;Mailbox anlegen&#8221;<\/strong><\/a> zum\u00a0Anlegen einer neuen Nutzer- oder Shared Mailbox<\/li>\n<li>Funktion <a href=\"https:\/\/hilfe.telekom-cloudcenter.de\/index.php\/produkte\/microsoft-exchange\/mailboxen\/mailbox-loschen\/\"><strong>&#8220;Mailbox l\u00f6schen&#8221;<\/strong><\/a>\u00a0zum L\u00f6schen\u00a0einer Mailbox<\/li>\n<li>Funktion <a href=\"https:\/\/hilfe.telekom-cloudcenter.de\/index.php\/produkte\/microsoft-exchange\/mailboxen\/mailbox-umwandeln\/\"><strong>&#8220;Mailbox umwandeln&#8221;<\/strong><\/a> zum \u00c4ndern des Mailboxtyps einer Mailbox<\/li>\n<\/ul>\n<p>Mehr \u00fcber den Zugriff und die Verwaltung einer Ressourcenmailbox als Verwalter erfahren Sie hier: <a href=\"https:\/\/hilfe.telekom-cloudcenter.de\/index.php\/produkte\/microsoft-exchange\/zugriff-auf-ihre-emails-und-exchange-daten\/ressourcenmailboxen-verwalten\/\"><strong>Ressourcenmailbox verwalten<\/strong><\/a><\/p>\n<p>Mit der Funktion <strong>&#8220;Liste exportieren&#8221; <\/strong>wird Ihnen eine CSV-\u00dcbersicht aller Mailboxen bereitgestellt. Darin werden alle Mailbox- und Produktoptionen aufgelistet.<\/p>\n","protected":false},"excerpt":{"rendered":"<p>Zur Administration Ihrer Nutzer-, Shared Mailboxen und Ressourcen Mailboxen w\u00e4hlen Sie den Men\u00fcpunkt &#8220;Mailboxen&#8221; in der Hauptnavigation. Anschlie\u00dfend werden Ihnen die f\u00fcr Ihre Organisation vorhandenen Mailboxen angezeigt. In der Liste werden Ihnen alle eingerichteten Mailboxen angezeigt. In der Spalte &#8220;Mailboxtyp&#8221; k\u00f6nnen Sie ablesen um welche Art von Mailbox (Nutzermailbox, Shared Mailbox oder Ressourcen Mailbox) es&#8230; <a href=\"https:\/\/hilfe.telekom-cloudcenter.de\/index.php\/produkte\/microsoft-exchange\/mailboxen\/\">read more &raquo;<\/a><\/p>\n","protected":false},"author":1,"featured_media":0,"parent":256,"menu_order":0,"comment_status":"closed","ping_status":"closed","template":"","meta":{"footnotes":""},"_links":{"self":[{"href":"https:\/\/hilfe.telekom-cloudcenter.de\/index.php\/wp-json\/wp\/v2\/pages\/258"}],"collection":[{"href":"https:\/\/hilfe.telekom-cloudcenter.de\/index.php\/wp-json\/wp\/v2\/pages"}],"about":[{"href":"https:\/\/hilfe.telekom-cloudcenter.de\/index.php\/wp-json\/wp\/v2\/types\/page"}],"author":[{"embeddable":true,"href":"https:\/\/hilfe.telekom-cloudcenter.de\/index.php\/wp-json\/wp\/v2\/users\/1"}],"replies":[{"embeddable":true,"href":"https:\/\/hilfe.telekom-cloudcenter.de\/index.php\/wp-json\/wp\/v2\/comments?post=258"}],"version-history":[{"count":7,"href":"https:\/\/hilfe.telekom-cloudcenter.de\/index.php\/wp-json\/wp\/v2\/pages\/258\/revisions"}],"predecessor-version":[{"id":5771,"href":"https:\/\/hilfe.telekom-cloudcenter.de\/index.php\/wp-json\/wp\/v2\/pages\/258\/revisions\/5771"}],"up":[{"embeddable":true,"href":"https:\/\/hilfe.telekom-cloudcenter.de\/index.php\/wp-json\/wp\/v2\/pages\/256"}],"wp:attachment":[{"href":"https:\/\/hilfe.telekom-cloudcenter.de\/index.php\/wp-json\/wp\/v2\/media?parent=258"}],"curies":[{"name":"wp","href":"https:\/\/api.w.org\/{rel}","templated":true}]}}