{"id":260,"date":"2016-10-26T09:04:24","date_gmt":"2016-10-26T09:04:24","guid":{"rendered":"https:\/\/hilfe.telekom-cloudcenter.de\/?page_id=260"},"modified":"2022-01-03T14:00:59","modified_gmt":"2022-01-03T14:00:59","slug":"mailbox-anlegen","status":"publish","type":"page","link":"https:\/\/hilfe.telekom-cloudcenter.de\/index.php\/produkte\/microsoft-exchange\/mailboxen\/mailbox-anlegen\/","title":{"rendered":"Mailbox anlegen"},"content":{"rendered":"<p>Um eine neue Mailbox anzulegen, w\u00e4hlen Sie die Schaltfl\u00e4che <strong>&#8220;Mailbox anlegen&#8221;<\/strong> entweder in der <a href=\"https:\/\/hilfe.telekom-cloudcenter.de\/index.php\/produkte\/microsoft-exchange\/mailboxen\/\"><strong>Mailbox\u00fcbersicht<\/strong><\/a> oder in der <a href=\"https:\/\/hilfe.telekom-cloudcenter.de\/index.php\/produkte\/microsoft-exchange\/\"><strong>Produkt\u00fcbersicht f\u00fcr Microsoft\u00ae Exchange<\/strong><\/a>.<\/p>\n<p>In der Ansicht zum Anlegen einer neuen Mailbox w\u00e4hlen Sie zun\u00e4chst den gew\u00fcnschten Mailbox Typ. Hier k\u00f6nnen Sie zwischen <strong>&#8220;Mailbox&#8221;<\/strong>, <strong>&#8220;Shared Mailbox&#8221;<\/strong> und <strong>&#8220;Ressourcen Mailbox&#8221;<\/strong> w\u00e4hlen. Den Mailbox Typ <strong>&#8220;Mailbox&#8221;<\/strong> verwenden Sie, wenn Sie einem Nutzer eine Mailbox zuweisen m\u00f6chten. Shared Mailboxen (geteilte Postf\u00e4cher) k\u00f6nnen verwendet werden, um mehreren Personen den Zugriff auf eine Mailbox und den Versand von E-Mails von dieser Mailbox zu erm\u00f6glichen. Ein Einsatzszenario f\u00fcr diesen Mailboxtyp ist zum Beispiel die Einrichtung eines Supportpostfachs f\u00fcr Help- oder Servicedesks, bei welchem mehrere Mitarbeiter E-Mails vom selben Postfach versenden und eingehende E-Mails aus demselben Postfach bearbeiten. Ressourcenmailboxen k\u00f6nnen verwendet werden, um R\u00e4ume oder Arbeitsmittel zu verwalten und bei Terminplanungen entsprechend zu ber\u00fccksichtigen.<\/p>\n<hr \/>\n<p><strong>Mailbox Typ &#8220;Mailbox&#8221; und &#8220;Shared Mailbox'&#8221;<\/strong><\/p>\n<p>Um einem einzelnen Nutzer eine Mailbox zuzuweisen, w\u00e4hlen Sie in der Auswahl <strong>&#8220;Mailbox Typ&#8221;<\/strong> den Typ <strong>&#8220;Mailbox&#8221;<\/strong>. Anschlie\u00dfend w\u00e4hlen Sie aus der Auswahlliste &#8220;<strong>Benutzer&#8221;<\/strong> den gew\u00fcnschten Nutzer f\u00fcr die Mailboxanlage aus. Bitte beachten Sie dabei, dass Ihnen nur Nutzer in der Auswahl angeboten werden, f\u00fcr die noch keine Mailbox angelegt wurde. Zur Erleichterung der Nutzerauswahl k\u00f6nnen Sie die Auswahlliste durch Zeicheneingabe filtern. Tippen Sie dazu einfach den Namen des gew\u00fcnschten Nutzers ein. Die Auswahl wird umgehend durch Ihre Eingabe gefiltert.<\/p>\n<p>Um eine neue <strong>Shared Mailbox<\/strong> anzulegen, w\u00e4hlen Sie in der Auswahl f\u00fcr den Mailbox Typ die Option <strong>&#8220;Shared Mailbox&#8221;<\/strong>. Anschlie\u00dfend k\u00f6nnen Sie einen Namen f\u00fcr die Shared Mailbox vergeben und den gew\u00fcnschten Produkttyp ausw\u00e4hlen sowie bei Bedarf eine Notiz, eine Telefonnummer sowie einen Standort hinzuf\u00fcgen.<\/p>\n<p>In der Auswahlliste <strong>&#8220;Produkt&#8221;<\/strong> k\u00f6nnen Sie den gew\u00fcnschten Mailboxtyp festlegen. Dabei k\u00f6nnen Sie nur Mailbox- bzw. Produkttypen ausw\u00e4hlen, f\u00fcr die Sie \u00fcber ausreichend freie Lizenzen verf\u00fcgen.<\/p>\n<p>Weiterhin haben Sie die M\u00f6glichkeit den <strong>Mailboxspeicher<\/strong> anzupassen. Verwenden Sie dazu einfach den Schieberegler zum Verringern oder Erh\u00f6hen des Speichers. Der Ihnen zur Verf\u00fcgung stehende Mailboxspeicher ist abh\u00e4ngig von der Gesamtanzahl von Mailboxen, die Ihnen bereitgestellt wurden. F\u00fcr eine Mailbox vom Typ <strong>&#8220;L&#8221;<\/strong> werden Ihnen 25 GB Speicher, f\u00fcr eine Mailbox vom Typ <strong>&#8220;S&#8221;<\/strong> 5 GB Speicher und f\u00fcr eine Mailbox vom Typ <strong>&#8220;Ressourcenbox&#8221;<\/strong> 0,5 GB bereitgestellt. Haben Sie beispielsweise 10 Mailboxen vom Typ <strong>&#8220;L&#8221;<\/strong> gebucht, stehen Ihnen insgesamt 250GB Mailboxspeicher zur Verf\u00fcgung, den Sie beliebig auf Ihre Mailboxen verteilen k\u00f6nnen. Der minimale Speicher einer Mailbox betr\u00e4gt 0,5 GB. Maximal k\u00f6nnen Sie pro Mailbox 50 GB zuweisen.<\/p>\n<p>Im Bereich <strong>E-Mail Adressen<\/strong> k\u00f6nnen Sie alle zur Mailbox geh\u00f6renden E-Mail Adressen konfigurieren. Zu jeder Mailbox wird eine Default-Mail-Adresse in der Form <strong>&#8220;vorname.nachname@kundenstammname.telekom-cloudcenter.de&#8221;<\/strong> f\u00fcr Nutzermailboxen und <strong>&#8220;name@kundenstammname.telekom-cloudcenter.de&#8221;<\/strong> f\u00fcr Shared Mailboxen erzeugt. Diese E-Mail-Adresse wird Ihnen unmittelbar nach Auswahl eines Nutzers f\u00fcr Nutzermailboxen oder Eingabe eines Namens f\u00fcr Shared Mailboxen im Formular angezeigt. Bitte beachten Sie, dass Sie diese E-Mail-Adresse nicht \u00e4ndern oder l\u00f6schen k\u00f6nnen. Diese E-Mail-Adresse ist zudem zun\u00e4chst als prim\u00e4re E-Mail-Adresse markiert. Durch Wahl der Schaltfl\u00e4che <strong>&#8220;+&#8221;<\/strong> k\u00f6nnen Sie weitere E-Mail-Adressen (Alias) hinzuf\u00fcgen. Dabei k\u00f6nnen Sie sowohl den Local-Part (Zeichenfolge vor dem @-Zeichen) als auch den Domain-Part (Zeichenfolge hinter dem @-Zeichen) frei bestimmen. In der Auswahlliste der Domain werden Ihnen dabei nur bereits verifizierte Domains zur Auswahl angeboten. Durch Wahl der Schaltfl\u00e4che <strong>&#8220;P&#8221;<\/strong> k\u00f6nnen Sie eine E-Mail-Adresse als prim\u00e4re E-Mail-Adresse kennzeichnen.<\/p>\n<p>Bitte beachten Sie, dass Alias-E-Mail-Adressen nur f\u00fcr den Empfang von E-Mails verwendet werden k\u00f6nnen. Die prim\u00e4re E-Mail-Adresse dient als Absenderadresse beim E-Mail-Versand. Die Login-Adresse des Nutzers bleibt unver\u00e4ndert, unabh\u00e4ngig von der Wahl der prim\u00e4ren E-Mail-Adresse.<\/p>\n<p>Im Bereich <strong>Mailbox Sicherheit<\/strong> stehen Ihnen weitere Einstellungsm\u00f6glichkeiten f\u00fcr den verwendeten <strong>Virenscanner<\/strong> sowie zus\u00e4tzliche Optionen f\u00fcr die Mailbox zur Verf\u00fcgung. In der Standardeinstellung k\u00f6nnen Sie zwischen den Virenscannern Sophos &amp; ClamAV sowie CyrenAV &amp; ClamAV als ersten und zweiten Virenscanner w\u00e4hlen. Sofern Sie \u00fcber gebuchtes Kontingent f\u00fcr den dritten Virenscanner verf\u00fcgen, k\u00f6nnen Sie diese Option aktivieren, sodass alle 3 Virenscanner (ClamAV, CyrenAV und Sophos) verwendet werden. Alternativ zu den Standardeistellungen k\u00f6nnen Sie hier auch die Zuweisung eines <strong><a href=\"https:\/\/hilfe.telekom-cloudcenter.de\/index.php\/produkte\/microsoft-exchange\/einstellungen-fur-exchange\/sicherheitsprofile\/\">Sicherheitsprofils<\/a><\/strong> vornehmen. Als zus\u00e4tzliche Optionen stehen Ihnen neben <a href=\"https:\/\/hilfe.telekom-cloudcenter.de\/index.php\/produkte\/microsoft-exchange\/benutzung-der-zusatzdienste\/e-mailverschlusselung\/\"><strong>E-Mailverschl\u00fcsselung<\/strong><\/a> und <a href=\"https:\/\/hilfe.telekom-cloudcenter.de\/index.php\/produkte\/microsoft-exchange\/benutzung-der-zusatzdienste\/quarantaneboxen-verwalten\/\"><strong>Quarant\u00e4nebox<\/strong> <\/a>auch Optionen f\u00fcr die Verwendung von <strong>Virus Outbreak Detection<\/strong> und <strong>APT Protect Pro<\/strong> zur Auswahl. Bitte beachten Sie, dass Sie jeweils \u00fcber gebuchtes Kontingent (Lizenzen) f\u00fcr diese Optionen verf\u00fcgen m\u00fcssen.<\/p>\n<p>Anschlie\u00dfend k\u00f6nnen Sie, sofern erforderlich, <strong>Benutzerrechte<\/strong> f\u00fcr die Mailbox vergeben. Diese Angaben sind optional. W\u00e4hlen Sie hierf\u00fcr zun\u00e4chst den gew\u00fcnschten Mailboxnutzer in der Auswahlliste <strong>&#8220;Name&#8221;<\/strong> aus. Beachten Sie dabei, dass Ihnen hier nur Nutzer angezeigt werden, die bereits \u00fcber eine Mailbox vom Typ <strong>&#8220;Microsoft Exchange L&#8221;<\/strong> (oder anderen L-Varianten) verf\u00fcgen. Vergeben Sie anschlie\u00dfend das Recht f\u00fcr den Versandtyp und den Vollzugriff auf die Mailbox.<\/p>\n<ul>\n<li>Senden als\n<ul>\n<li>Diese Berechtigung erlaubt einem Nutzer die Mailbox beim Senden von E-Mails zu imitieren, wonach als Absender der E-Mail stets die Mailbox selbst erscheint.<\/li>\n<\/ul>\n<\/li>\n<li>Senden im Auftrag von\n<ul>\n<li>Diese Berechtigung erlaubt es einem Nutzer E-Mails im Auftrag der Mailbox zu senden, wonach als Absender stets &#8220;\u2026im Auftrag von\u2026&#8221; beim Empf\u00e4nger angezeigt wird.<\/li>\n<\/ul>\n<\/li>\n<li>Vollzugriff\n<ul>\n<li>Diese Berechtigung erlaubt einem Nutzer die Anmeldung an der Mailbox als Besitzer, wodurch dieser z.B. E-Mails lesen, anzeigen und l\u00f6schen sowie Kalendereintr\u00e4ge erstellen kann. Diese Berechtigung allein berechtigt den Nutzer jedoch nicht zum Senden von E-Mails.<\/li>\n<\/ul>\n<\/li>\n<li>Automapping\n<ul>\n<li>Wurde einem Nutzer die Berechtigung &#8220;Vollzugriff&#8221; f\u00fcr dieses Postfach erteilt, l\u00e4dt Outlook automatisch dieses Postfach, wenn diese Option aktiviert ist. Soll verhindert werden, dass Outlook automatisch dieses Postfach l\u00e4dt, deaktivieren Sie diese Option.<\/li>\n<\/ul>\n<\/li>\n<\/ul>\n<p>\u00dcber die Schaltfl\u00e4chen <strong>&#8220;+&#8221;<\/strong> und <strong>&#8220;-&#8220;<\/strong> k\u00f6nnen Sie weitere Nutzer berechtigen oder berechtigte Nutzer wieder entfernen.<\/p>\n<p>Im Bereich <strong>Zus\u00e4tzliche Mailbox Optionen<\/strong> k\u00f6nnen Sie weitere Einstellungen vornehmen. Durch Wahl der Option <strong>&#8220;Mailbox im Exchange-Adressbuch verbergen&#8221;<\/strong> wird die Mailbox sp\u00e4ter nicht im Globalen Adressbuch Ihrer Organisation angezeigt. Die Option <strong>&#8220;Mailbox per Outlook-on-the-Web zugreifbar&#8221;<\/strong>\u00a0 ist standardm\u00e4\u00dfig bereits aktiviert, wodurch die Mailbox zus\u00e4tzlich \u00fcber den Webbrowser (https:\/\/email.telekom-cloudcenter.de\/owa\/) zugreifbar ist. Die Optionen <strong>&#8220;Mailbox revisionssicher archivieren&#8221;<\/strong> sowie <strong>&#8220;Mailbox archivieren (Speicherplatzoptimierung)&#8221;<\/strong> stehen Ihnen hier ebenfalls zur Verf\u00fcgung. Bitte beachten Sie, dass Sie diese Optionen nur nutzen k\u00f6nnen, wenn Sie \u00fcber ausreichend freie Lizenzen verf\u00fcgen.<\/p>\n<hr \/>\n<p><strong>Mailbox Typ &#8220;Ressourcen Mailbox&#8221; anlegen<\/strong><\/p>\n<p>Um eine neue Ressourcen Mailbox anzulegen, w\u00e4hlen Sie in der Auswahl f\u00fcr den Mailbox Typ die Option <strong>&#8220;Ressourcen Mailbox&#8221;<\/strong>. Anschlie\u00dfend k\u00f6nnen Sie einen Namen (Name) und den gew\u00fcnschten Produkttyp f\u00fcr die Mailbox vergeben. Optional k\u00f6nnen Sie eine Notiz, bspw. zur Beschreibung der Ressourcen Mailbox, sowie eine Telefonnummer und einen Standort hinzuf\u00fcgen.<\/p>\n<p>Die gew\u00fcnschte <strong>Mailboxgr\u00f6\u00dfe<\/strong> (Speicher) stellen Sie \u00fcber den Schieberegler ein. Dabei betr\u00e4gt die Mindestgr\u00f6\u00dfe 0,5 Gigabyte und die Maximalgr\u00f6\u00dfe 50 Gigabyte.<\/p>\n<p>Im Bereich <strong>Ressourcen Mailbox<\/strong> legen Sie weitere Parameter fest. In der Auswahlliste \u201cRessourcentyp\u201d w\u00e4hlen Sie die Art der Ressource (Raum oder Equipment) und legen in der Auswahlliste \u201cVerwalter\u201d einen Stellvertreter f\u00fcr die Ressourcenmailbox fest. Optional k\u00f6nnen Sie die verf\u00fcgbare Kapazit\u00e4t (z.B. Sitzpl\u00e4tze in einem Raum) hinterlegen.<\/p>\n<p>Zu jeder Ressourcen Mailbox wird eine Default-Mail-Adresse in der Form <strong>&#8220;name@kundenstammname.telekom-cloudcenter.de&#8221;<\/strong> generiert. Diese E-Mail-Adresse wird Ihnen unmittelbar nach Eingabe des gew\u00fcnschten Namens und Auswahl eines Produkttyps im Formular angezeigt. Bitte beachten Sie, dass Sie diese E-Mail-Adresse nicht \u00e4ndern oder l\u00f6schen k\u00f6nnen. Diese E-Mail-Adresse ist zudem zun\u00e4chst als prim\u00e4re E-Mail-Adresse markiert. Durch Wahl der Schaltfl\u00e4che <strong>&#8220;+&#8221;<\/strong> k\u00f6nnen Sie weitere E-Mail-Adressen (Alias) hinzuf\u00fcgen. Dabei k\u00f6nnen Sie sowohl den Local-Part (Zeichenfolge vor dem @-Zeichen) als auch den Domain-Part (Zeichenfolge hinter dem @-Zeichen) frei bestimmen. In der Auswahlliste der Domain werden Ihnen dabei nur bereits verifizierte Domains zur Auswahl angeboten. Durch Wahl der Schaltfl\u00e4che <strong>&#8220;P&#8221;<\/strong> k\u00f6nnen Sie eine E-Mail-Adresse als prim\u00e4re E-Mail-Adresse kennzeichnen.<\/p>\n<p>Bitte beachten Sie, dass Alias-E-Mail-Adressen nur f\u00fcr den Empfang von E-Mails verwendet werden k\u00f6nnen. Die prim\u00e4re E-Mail-Adresse dient als Absenderadresse beim E-Mail-Versand.<\/p>\n<p>Im Bereich <strong>Zus\u00e4tzliche Mailbox Optionen<\/strong> k\u00f6nnen Sie weitere Einstellungen vornehmen. Durch Wahl der Option <strong>&#8220;Mailbox im Exchange-Adressbuch verbergen&#8221;<\/strong> wird die Mailbox sp\u00e4ter nicht im Globalen Adressbuch Ihrer Organisation angezeigt. Die Option <strong>&#8220;Mailbox per Outlook-on-the-Web zugreifbar&#8221;<\/strong>\u00a0 ist standardm\u00e4\u00dfig bereits aktiviert, wodurch die Mailbox zus\u00e4tzlich \u00fcber den Webbrowser (https:\/\/email.telekom-cloudcenter.de\/owa\/) zugreifbar ist. Die Option &#8220;\u00dcberbuchbar&#8221; aktivieren Sie, damit zu Konflikten f\u00fchrende Besprechungsanfragen von der Ressourcenbuchungsautomatik geplant werden k\u00f6nnen.<\/p>\n<p>Best\u00e4tigen Sie Ihre Eingaben abschlie\u00dfend durch Wahl der Schaltfl\u00e4che \u201cSpeichern\u201d.<\/p>\n<hr \/>\n<p><strong>Benutzung der Zusatzdienste (Mailbox Dienste)<\/strong><\/p>\n<p>F\u00fcr die Benutzung der Mailbox Dienste <strong>&#8220;Quarant\u00e4nebox&#8221;<\/strong> und <strong>&#8220;E-Mailverschl\u00fcsselung&#8221;<\/strong> stehen Ihnen weitere Hilfeseiten zur Verf\u00fcgung:<\/p>\n<ul>\n<li><a href=\"https:\/\/hilfe.telekom-cloudcenter.de\/index.php\/produkte\/microsoft-exchange\/benutzung-der-zusatzdienste\/quarantaneboxen-verwalten\/\"><strong>Quarant\u00e4nebox verwalten<\/strong><\/a><\/li>\n<li><a href=\"https:\/\/hilfe.telekom-cloudcenter.de\/index.php\/produkte\/microsoft-exchange\/benutzung-der-zusatzdienste\/e-mailverschlusselung\/\"><strong>E-Mailverschl\u00fcsselung<\/strong><\/a><\/li>\n<\/ul>\n","protected":false},"excerpt":{"rendered":"<p>Um eine neue Mailbox anzulegen, w\u00e4hlen Sie die Schaltfl\u00e4che &#8220;Mailbox anlegen&#8221; entweder in der Mailbox\u00fcbersicht oder in der Produkt\u00fcbersicht f\u00fcr Microsoft\u00ae Exchange. In der Ansicht zum Anlegen einer neuen Mailbox w\u00e4hlen Sie zun\u00e4chst den gew\u00fcnschten Mailbox Typ. Hier k\u00f6nnen Sie zwischen &#8220;Mailbox&#8221;, &#8220;Shared Mailbox&#8221; und &#8220;Ressourcen Mailbox&#8221; w\u00e4hlen. Den Mailbox Typ &#8220;Mailbox&#8221; verwenden Sie, wenn&#8230; <a href=\"https:\/\/hilfe.telekom-cloudcenter.de\/index.php\/produkte\/microsoft-exchange\/mailboxen\/mailbox-anlegen\/\">read more &raquo;<\/a><\/p>\n","protected":false},"author":1,"featured_media":0,"parent":258,"menu_order":0,"comment_status":"closed","ping_status":"closed","template":"","meta":{"footnotes":""},"_links":{"self":[{"href":"https:\/\/hilfe.telekom-cloudcenter.de\/index.php\/wp-json\/wp\/v2\/pages\/260"}],"collection":[{"href":"https:\/\/hilfe.telekom-cloudcenter.de\/index.php\/wp-json\/wp\/v2\/pages"}],"about":[{"href":"https:\/\/hilfe.telekom-cloudcenter.de\/index.php\/wp-json\/wp\/v2\/types\/page"}],"author":[{"embeddable":true,"href":"https:\/\/hilfe.telekom-cloudcenter.de\/index.php\/wp-json\/wp\/v2\/users\/1"}],"replies":[{"embeddable":true,"href":"https:\/\/hilfe.telekom-cloudcenter.de\/index.php\/wp-json\/wp\/v2\/comments?post=260"}],"version-history":[{"count":31,"href":"https:\/\/hilfe.telekom-cloudcenter.de\/index.php\/wp-json\/wp\/v2\/pages\/260\/revisions"}],"predecessor-version":[{"id":5958,"href":"https:\/\/hilfe.telekom-cloudcenter.de\/index.php\/wp-json\/wp\/v2\/pages\/260\/revisions\/5958"}],"up":[{"embeddable":true,"href":"https:\/\/hilfe.telekom-cloudcenter.de\/index.php\/wp-json\/wp\/v2\/pages\/258"}],"wp:attachment":[{"href":"https:\/\/hilfe.telekom-cloudcenter.de\/index.php\/wp-json\/wp\/v2\/media?parent=260"}],"curies":[{"name":"wp","href":"https:\/\/api.w.org\/{rel}","templated":true}]}}