{"id":265,"date":"2016-10-26T09:22:05","date_gmt":"2016-10-26T09:22:05","guid":{"rendered":"https:\/\/hilfe.telekom-cloudcenter.de\/?page_id=265"},"modified":"2016-11-23T11:50:01","modified_gmt":"2016-11-23T11:50:01","slug":"microsoft-sharepoint","status":"publish","type":"page","link":"https:\/\/hilfe.telekom-cloudcenter.de\/index.php\/produkte\/microsoft-sharepoint\/","title":{"rendered":"Microsoft SharePoint"},"content":{"rendered":"<p>\u00dcber den Cloud Manager haben Sie die M\u00f6glichkeit, Microsoft SharePoint in verschiedenen Produktversionen zu nutzen. Auf der \u00dcbersichtsseite werden Ihnen Ihre erworbenen und verf\u00fcgbaren Nutzungsberechtigungen f\u00fcr Ihre Microsoft\u00ae SharePoint-Produkte und -Produktoptionen angezeigt.<\/p>\n<p>Weiterhin stehen Ihnen folgende Funktionen zur Verf\u00fcgung:<\/p>\n<ul>\n<li>Verwaltung Ihrer <a href=\"https:\/\/hilfe.telekom-cloudcenter.de\/index.php\/produkte\/microsoft-sharepoint\/site-collections\/\"><strong>SharePoint Site Collections<\/strong><\/a><\/li>\n<li>Verwaltung Ihrer <a href=\"https:\/\/hilfe.telekom-cloudcenter.de\/index.php\/produkte\/microsoft-sharepoint\/sharepoint-nutzer\/\"><strong>SharePoint-Nutzer<\/strong><\/a><\/li>\n<\/ul>\n<p>&nbsp;<\/p>\n<p>&nbsp;<\/p>\n","protected":false},"excerpt":{"rendered":"<p>\u00dcber den Cloud Manager haben Sie die M\u00f6glichkeit, Microsoft SharePoint in verschiedenen Produktversionen zu nutzen. Auf der \u00dcbersichtsseite werden Ihnen Ihre erworbenen und verf\u00fcgbaren Nutzungsberechtigungen f\u00fcr Ihre Microsoft\u00ae SharePoint-Produkte und -Produktoptionen angezeigt. Weiterhin stehen Ihnen folgende Funktionen zur Verf\u00fcgung: Verwaltung Ihrer SharePoint Site Collections Verwaltung Ihrer SharePoint-Nutzer &nbsp; &nbsp;<\/p>\n","protected":false},"author":1,"featured_media":0,"parent":228,"menu_order":0,"comment_status":"closed","ping_status":"closed","template":"","meta":{"footnotes":""},"_links":{"self":[{"href":"https:\/\/hilfe.telekom-cloudcenter.de\/index.php\/wp-json\/wp\/v2\/pages\/265"}],"collection":[{"href":"https:\/\/hilfe.telekom-cloudcenter.de\/index.php\/wp-json\/wp\/v2\/pages"}],"about":[{"href":"https:\/\/hilfe.telekom-cloudcenter.de\/index.php\/wp-json\/wp\/v2\/types\/page"}],"author":[{"embeddable":true,"href":"https:\/\/hilfe.telekom-cloudcenter.de\/index.php\/wp-json\/wp\/v2\/users\/1"}],"replies":[{"embeddable":true,"href":"https:\/\/hilfe.telekom-cloudcenter.de\/index.php\/wp-json\/wp\/v2\/comments?post=265"}],"version-history":[{"count":3,"href":"https:\/\/hilfe.telekom-cloudcenter.de\/index.php\/wp-json\/wp\/v2\/pages\/265\/revisions"}],"predecessor-version":[{"id":548,"href":"https:\/\/hilfe.telekom-cloudcenter.de\/index.php\/wp-json\/wp\/v2\/pages\/265\/revisions\/548"}],"up":[{"embeddable":true,"href":"https:\/\/hilfe.telekom-cloudcenter.de\/index.php\/wp-json\/wp\/v2\/pages\/228"}],"wp:attachment":[{"href":"https:\/\/hilfe.telekom-cloudcenter.de\/index.php\/wp-json\/wp\/v2\/media?parent=265"}],"curies":[{"name":"wp","href":"https:\/\/api.w.org\/{rel}","templated":true}]}}