{"id":267,"date":"2016-10-26T09:22:51","date_gmt":"2016-10-26T09:22:51","guid":{"rendered":"https:\/\/hilfe.telekom-cloudcenter.de\/?page_id=267"},"modified":"2016-11-23T16:08:11","modified_gmt":"2016-11-23T16:08:11","slug":"sharepoint-nutzer","status":"publish","type":"page","link":"https:\/\/hilfe.telekom-cloudcenter.de\/index.php\/produkte\/microsoft-sharepoint\/sharepoint-nutzer\/","title":{"rendered":"SharePoint-Nutzer"},"content":{"rendered":"<p>\u00dcber den Men\u00fcpunkt <strong>&#8220;SharePoint-Nutzer&#8221;<\/strong> k\u00f6nnen Sie Ihre SharePoint-Lizenzen und -Lizenzzuweisungen verwalten. Mit der Zuweisung von SharePoint-Lizenzen berechtigen Sie Nutzer zun\u00e4chst f\u00fcr die generelle Mitgliedschaft in SharePoint Site Collections eines bestimmten Lizenztyps.<\/p>\n<p>Auf der \u00dcbersichtsseite Ihrer SharePoint-Nutzer wird Ihnen angezeigt, welche Nutzer \u00fcber welche SharePoint-Lizenz verf\u00fcgen. Die Details eines SharePoint-Nutzers k\u00f6nnen Sie sich anzeigen lassen, indem Sie per Mouse-Klick einen SharePoint-Nutzer in der \u00dcbersicht ausw\u00e4hlen.<\/p>\n<p>Weiterhin stehen Ihnen folgende Funktionen zur Verf\u00fcgung:<\/p>\n<ul>\n<li><a href=\"https:\/\/hilfe.telekom-cloudcenter.de\/index.php\/produkte\/microsoft-sharepoint\/sharepoint-nutzer\/sharepoint-lizenz-zuweisen\/\"><strong>SharePoint-Lizenz zuweisen<\/strong><\/a> f\u00fcr die Zuweisung einer SharePoint-Lizenz an einen Nutzer<\/li>\n<li><a href=\"https:\/\/hilfe.telekom-cloudcenter.de\/index.php\/produkte\/microsoft-sharepoint\/sharepoint-nutzer\/sharepoint-lizenz-entziehen\/\"><strong>SharePoint-Lizenz entziehen<\/strong><\/a>, um einem Nutzer eine SharePoint-Lizenz zu entziehen.<\/li>\n<\/ul>\n","protected":false},"excerpt":{"rendered":"<p>\u00dcber den Men\u00fcpunkt &#8220;SharePoint-Nutzer&#8221; k\u00f6nnen Sie Ihre SharePoint-Lizenzen und -Lizenzzuweisungen verwalten. Mit der Zuweisung von SharePoint-Lizenzen berechtigen Sie Nutzer zun\u00e4chst f\u00fcr die generelle Mitgliedschaft in SharePoint Site Collections eines bestimmten Lizenztyps. Auf der \u00dcbersichtsseite Ihrer SharePoint-Nutzer wird Ihnen angezeigt, welche Nutzer \u00fcber welche SharePoint-Lizenz verf\u00fcgen. Die Details eines SharePoint-Nutzers k\u00f6nnen Sie sich anzeigen lassen, indem&#8230; <a href=\"https:\/\/hilfe.telekom-cloudcenter.de\/index.php\/produkte\/microsoft-sharepoint\/sharepoint-nutzer\/\">read more &raquo;<\/a><\/p>\n","protected":false},"author":1,"featured_media":0,"parent":265,"menu_order":0,"comment_status":"closed","ping_status":"closed","template":"","meta":{"footnotes":""},"_links":{"self":[{"href":"https:\/\/hilfe.telekom-cloudcenter.de\/index.php\/wp-json\/wp\/v2\/pages\/267"}],"collection":[{"href":"https:\/\/hilfe.telekom-cloudcenter.de\/index.php\/wp-json\/wp\/v2\/pages"}],"about":[{"href":"https:\/\/hilfe.telekom-cloudcenter.de\/index.php\/wp-json\/wp\/v2\/types\/page"}],"author":[{"embeddable":true,"href":"https:\/\/hilfe.telekom-cloudcenter.de\/index.php\/wp-json\/wp\/v2\/users\/1"}],"replies":[{"embeddable":true,"href":"https:\/\/hilfe.telekom-cloudcenter.de\/index.php\/wp-json\/wp\/v2\/comments?post=267"}],"version-history":[{"count":3,"href":"https:\/\/hilfe.telekom-cloudcenter.de\/index.php\/wp-json\/wp\/v2\/pages\/267\/revisions"}],"predecessor-version":[{"id":571,"href":"https:\/\/hilfe.telekom-cloudcenter.de\/index.php\/wp-json\/wp\/v2\/pages\/267\/revisions\/571"}],"up":[{"embeddable":true,"href":"https:\/\/hilfe.telekom-cloudcenter.de\/index.php\/wp-json\/wp\/v2\/pages\/265"}],"wp:attachment":[{"href":"https:\/\/hilfe.telekom-cloudcenter.de\/index.php\/wp-json\/wp\/v2\/media?parent=267"}],"curies":[{"name":"wp","href":"https:\/\/api.w.org\/{rel}","templated":true}]}}