{"id":269,"date":"2016-10-26T09:23:12","date_gmt":"2016-10-26T09:23:12","guid":{"rendered":"https:\/\/hilfe.telekom-cloudcenter.de\/?page_id=269"},"modified":"2017-02-07T09:23:32","modified_gmt":"2017-02-07T09:23:32","slug":"site-collections","status":"publish","type":"page","link":"https:\/\/hilfe.telekom-cloudcenter.de\/index.php\/produkte\/microsoft-sharepoint\/site-collections\/","title":{"rendered":"Site Collections"},"content":{"rendered":"<p>Unabh\u00e4ngig von Ihrer gebuchten SharePoint-Version k\u00f6nnen Sie f\u00fcr Ihre Organisation Site Collections anlegen. Eine Site Collection ist eine Sammlung von Webseiten und bildet die auf h\u00f6chster Ebene stehende Webseite dieser Sammlung. Unterhalb dieser Site Collection k\u00f6nnen weitere (Sub) Sites direkt im SharePoint angelegt werden.<\/p>\n<p>\u00dcber den Men\u00fcpunkt <strong>&#8220;Site Collections&#8221;<\/strong> in der Hauptnavigation k\u00f6nnen Sie SharePoint Site Collections f\u00fcr Ihre Organisation verwalten. Haben Sie den Men\u00fcpunkt gew\u00e4hlt, werden Ihnen alle f\u00fcr Ihre Organisation vorhandenen Site Collections angezeigt.<\/p>\n<p>In die <a href=\"https:\/\/hilfe.telekom-cloudcenter.de\/index.php\/produkte\/microsoft-sharepoint\/site-collections\/site-collection-details\/\"><strong>Detailansicht einer Site Collection<\/strong><\/a> gelangen Sie, indem Sie eine Site Collection per Mouse-Klick in der \u00dcbersicht ausw\u00e4hlen.<\/p>\n<p>Auf der \u00dcbersichtsseite stehen Ihnen folgende Funktionen zur Verf\u00fcgung:<\/p>\n<ul>\n<li><a href=\"https:\/\/hilfe.telekom-cloudcenter.de\/index.php\/produkte\/microsoft-sharepoint\/site-collections\/site-collection-anlegen\/\"><strong>Site Collection anlegen<\/strong><\/a>, um neue SharePoint Site Collections zu erstellen<\/li>\n<li><a href=\"https:\/\/hilfe.telekom-cloudcenter.de\/index.php\/produkte\/microsoft-sharepoint\/site-collections\/site-collection-loschen\/\"><strong>Site Collection l\u00f6schen<\/strong><\/a>, um ausgew\u00e4hlten Site Collections zu entfernen<\/li>\n<\/ul>\n<p>Weiterf\u00fchrende Informationen zur Einrichtung und Nutzung einer Site Collection erfahren Sie unter:<\/p>\n<ul>\n<li><a href=\"https:\/\/hilfe.telekom-cloudcenter.de\/index.php\/produkte\/microsoft-sharepoint\/aufruf-und-verwaltung-einer-sharepoint-site-collection\/\"><strong>Aufruf und Verwaltung\u00a0einer SharePoint Site Collection<\/strong><\/a><\/li>\n<\/ul>\n","protected":false},"excerpt":{"rendered":"<p>Unabh\u00e4ngig von Ihrer gebuchten SharePoint-Version k\u00f6nnen Sie f\u00fcr Ihre Organisation Site Collections anlegen. Eine Site Collection ist eine Sammlung von Webseiten und bildet die auf h\u00f6chster Ebene stehende Webseite dieser Sammlung. Unterhalb dieser Site Collection k\u00f6nnen weitere (Sub) Sites direkt im SharePoint angelegt werden. \u00dcber den Men\u00fcpunkt &#8220;Site Collections&#8221; in der Hauptnavigation k\u00f6nnen Sie SharePoint&#8230; <a href=\"https:\/\/hilfe.telekom-cloudcenter.de\/index.php\/produkte\/microsoft-sharepoint\/site-collections\/\">read more &raquo;<\/a><\/p>\n","protected":false},"author":1,"featured_media":0,"parent":265,"menu_order":0,"comment_status":"closed","ping_status":"closed","template":"","meta":{"footnotes":""},"_links":{"self":[{"href":"https:\/\/hilfe.telekom-cloudcenter.de\/index.php\/wp-json\/wp\/v2\/pages\/269"}],"collection":[{"href":"https:\/\/hilfe.telekom-cloudcenter.de\/index.php\/wp-json\/wp\/v2\/pages"}],"about":[{"href":"https:\/\/hilfe.telekom-cloudcenter.de\/index.php\/wp-json\/wp\/v2\/types\/page"}],"author":[{"embeddable":true,"href":"https:\/\/hilfe.telekom-cloudcenter.de\/index.php\/wp-json\/wp\/v2\/users\/1"}],"replies":[{"embeddable":true,"href":"https:\/\/hilfe.telekom-cloudcenter.de\/index.php\/wp-json\/wp\/v2\/comments?post=269"}],"version-history":[{"count":6,"href":"https:\/\/hilfe.telekom-cloudcenter.de\/index.php\/wp-json\/wp\/v2\/pages\/269\/revisions"}],"predecessor-version":[{"id":968,"href":"https:\/\/hilfe.telekom-cloudcenter.de\/index.php\/wp-json\/wp\/v2\/pages\/269\/revisions\/968"}],"up":[{"embeddable":true,"href":"https:\/\/hilfe.telekom-cloudcenter.de\/index.php\/wp-json\/wp\/v2\/pages\/265"}],"wp:attachment":[{"href":"https:\/\/hilfe.telekom-cloudcenter.de\/index.php\/wp-json\/wp\/v2\/media?parent=269"}],"curies":[{"name":"wp","href":"https:\/\/api.w.org\/{rel}","templated":true}]}}