{"id":27,"date":"2016-10-20T10:50:05","date_gmt":"2016-10-20T10:50:05","guid":{"rendered":"https:\/\/hilfe.telekom-cloudcenter.de\/?page_id=27"},"modified":"2021-01-26T09:24:20","modified_gmt":"2021-01-26T09:24:20","slug":"passwort-andern","status":"publish","type":"page","link":"https:\/\/hilfe.telekom-cloudcenter.de\/index.php\/einstellungen\/passwort-andern\/","title":{"rendered":"Passwort \u00e4ndern"},"content":{"rendered":"<p>Um das Passwort zu \u00e4ndern, muss zun\u00e4chst das alte Passwort und anschlie\u00dfend das neue Passwort sowie die Passwortwiederholung eingegeben werden.<\/p>\n<p>Bitte achten Sie auf die Wahl eines sicheren Passwortes. Um die Sicherheit von Passw\u00f6rtern zu gew\u00e4hrleisten gelten entweder die Standardeinstellungen oder die Einstellungen, die Sie durch Festlegung Ihrer eigenen Passwortregeln im System hinterlegt haben.<\/p>\n<p>F\u00fcr die Standardeinstellungen gelten folgende Sicherheitsempfehlungen bzw. -bedingungen:<\/p>\n<ul>\n<li>Ein Passwort sollte weder Vorname, Name noch Login-Name enthalten.<\/li>\n<li>Die <strong>Mindestl\u00e4nge betr\u00e4gt 12 Zeichen<\/strong>.<\/li>\n<li>Es m\u00fcssen 3 der 4 folgenden Zeichenkategorien enthalten sein:\n<ul>\n<li>Gro\u00dfbuchstaben (A-Z)<\/li>\n<li>Kleinbuchstaben (a-z)<\/li>\n<li>Dezimalziffern (0-9)<\/li>\n<li>Nicht-alphanumerische Zeichen (z.B. !,&#8221;,\u00a7,$) erweiterter ASCII-Satz, Symbole oder linguistische Zeichen<\/li>\n<\/ul>\n<\/li>\n<\/ul>\n<p>Diese Standardeinstellungen werden bei der Vergabe des neuen Passworts gepr\u00fcft. Entspricht das neue Passwort nicht den Standardeinstellungen, wird Ihnen eine Fehlermeldung angezeigt. Durch die Festlegung Ihrer eigenen <a href=\"https:\/\/hilfe.telekom-cloudcenter.de\/index.php\/nutzerverwaltung\/einstellungen\/einstellungenregeln-fur-passworter\/\">Passwortregel<\/a> k\u00f6nnen Sie eigene Sicherheitsparameter f\u00fcr Passw\u00f6rter definieren, die dann bei der Passwortvergabe gepr\u00fcft werden.<\/p>\n","protected":false},"excerpt":{"rendered":"<p>Um das Passwort zu \u00e4ndern, muss zun\u00e4chst das alte Passwort und anschlie\u00dfend das neue Passwort sowie die Passwortwiederholung eingegeben werden. Bitte achten Sie auf die Wahl eines sicheren Passwortes. Um die Sicherheit von Passw\u00f6rtern zu gew\u00e4hrleisten gelten entweder die Standardeinstellungen oder die Einstellungen, die Sie durch Festlegung Ihrer eigenen Passwortregeln im System hinterlegt haben. F\u00fcr&#8230; <a href=\"https:\/\/hilfe.telekom-cloudcenter.de\/index.php\/einstellungen\/passwort-andern\/\">read more &raquo;<\/a><\/p>\n","protected":false},"author":1,"featured_media":0,"parent":25,"menu_order":0,"comment_status":"closed","ping_status":"closed","template":"","meta":{"footnotes":""},"_links":{"self":[{"href":"https:\/\/hilfe.telekom-cloudcenter.de\/index.php\/wp-json\/wp\/v2\/pages\/27"}],"collection":[{"href":"https:\/\/hilfe.telekom-cloudcenter.de\/index.php\/wp-json\/wp\/v2\/pages"}],"about":[{"href":"https:\/\/hilfe.telekom-cloudcenter.de\/index.php\/wp-json\/wp\/v2\/types\/page"}],"author":[{"embeddable":true,"href":"https:\/\/hilfe.telekom-cloudcenter.de\/index.php\/wp-json\/wp\/v2\/users\/1"}],"replies":[{"embeddable":true,"href":"https:\/\/hilfe.telekom-cloudcenter.de\/index.php\/wp-json\/wp\/v2\/comments?post=27"}],"version-history":[{"count":6,"href":"https:\/\/hilfe.telekom-cloudcenter.de\/index.php\/wp-json\/wp\/v2\/pages\/27\/revisions"}],"predecessor-version":[{"id":5926,"href":"https:\/\/hilfe.telekom-cloudcenter.de\/index.php\/wp-json\/wp\/v2\/pages\/27\/revisions\/5926"}],"up":[{"embeddable":true,"href":"https:\/\/hilfe.telekom-cloudcenter.de\/index.php\/wp-json\/wp\/v2\/pages\/25"}],"wp:attachment":[{"href":"https:\/\/hilfe.telekom-cloudcenter.de\/index.php\/wp-json\/wp\/v2\/media?parent=27"}],"curies":[{"name":"wp","href":"https:\/\/api.w.org\/{rel}","templated":true}]}}