{"id":274,"date":"2016-10-26T09:30:43","date_gmt":"2016-10-26T09:30:43","guid":{"rendered":"https:\/\/hilfe.telekom-cloudcenter.de\/?page_id=274"},"modified":"2016-11-23T16:12:13","modified_gmt":"2016-11-23T16:12:13","slug":"sharepoint-lizenz-zuweisen","status":"publish","type":"page","link":"https:\/\/hilfe.telekom-cloudcenter.de\/index.php\/produkte\/microsoft-sharepoint\/sharepoint-nutzer\/sharepoint-lizenz-zuweisen\/","title":{"rendered":"SharePoint-Lizenz zuweisen"},"content":{"rendered":"<p>Um einem Nutzer eine SharePoint-Lizenz zuzuweisen, w\u00e4hlen Sie die Schaltfl\u00e4che <strong>&#8220;SharePoint-Lizenz zuweisen&#8221;<\/strong> in der \u00dcbersicht der SharePoint-Nutzer.<\/p>\n<p>W\u00e4hlen Sie anschlie\u00dfend in der Auswahlliste <strong>&#8220;Nutzer&#8221;<\/strong> den gew\u00fcnschten Nutzer f\u00fcr die Lizenzzuweisung sowie in der Auswahlliste <strong>&#8220;Lizenztyp&#8221;<\/strong> die gew\u00fcnschte SharePoint-Lizenz aus. Speichern Sie abschlie\u00dfend Ihre Auswahl durch Auswahl der Schaltfl\u00e4che <strong>&#8220;Speichern&#8221;<\/strong>.<\/p>\n<p>Das Feld <strong>&#8220;E-Mail-Benachrichtigung&#8221;<\/strong> beinhaltet die E-Mailadresse, an welche der Nutzer SharePoint-Benachrichtigungen (z.B. bei eingestellten Alarmen) erh\u00e4lt. Dieses Feld k\u00f6nnen Sie nur dann editieren, wenn der betreffende Nutzer weder eine Microsoft Exchange Mailbox besitzt noch als Mail-Enabled User angelegt wurde. Andernfalls wird das Feld bereits mit der jeweiligen E-Mailadresse bef\u00fcllt. Verf\u00fcgt der Nutzer \u00fcber keine Mailbox und wurde nicht als Mail-Enabled User angelegt, k\u00f6nnen Sie in diesem Feld eine externe E-Mailadresse angeben oder eine in den Nutzerdetails bereits angegebene externe Mailadresse \u00e4ndern.<\/p>\n<p><strong>Hinweis:<\/strong> Nach dem Sie einem Nutzer eine SharePoint-Lizenz zugewiesen haben, m\u00fcssen Sie diesen Nutzer auf der gew\u00fcnschten Site-Collection berechtigen. Rufen Sie dazu einfach die Mitgliederverwaltung in der gew\u00fcnschten Site Collection auf und f\u00fcgen Sie den Nutzer der Site Collection hinzu.<\/p>\n<p>&nbsp;<\/p>\n","protected":false},"excerpt":{"rendered":"<p>Um einem Nutzer eine SharePoint-Lizenz zuzuweisen, w\u00e4hlen Sie die Schaltfl\u00e4che &#8220;SharePoint-Lizenz zuweisen&#8221; in der \u00dcbersicht der SharePoint-Nutzer. W\u00e4hlen Sie anschlie\u00dfend in der Auswahlliste &#8220;Nutzer&#8221; den gew\u00fcnschten Nutzer f\u00fcr die Lizenzzuweisung sowie in der Auswahlliste &#8220;Lizenztyp&#8221; die gew\u00fcnschte SharePoint-Lizenz aus. Speichern Sie abschlie\u00dfend Ihre Auswahl durch Auswahl der Schaltfl\u00e4che &#8220;Speichern&#8221;. Das Feld &#8220;E-Mail-Benachrichtigung&#8221; beinhaltet die E-Mailadresse,&#8230; <a href=\"https:\/\/hilfe.telekom-cloudcenter.de\/index.php\/produkte\/microsoft-sharepoint\/sharepoint-nutzer\/sharepoint-lizenz-zuweisen\/\">read more &raquo;<\/a><\/p>\n","protected":false},"author":1,"featured_media":0,"parent":267,"menu_order":0,"comment_status":"closed","ping_status":"closed","template":"","meta":{"footnotes":""},"_links":{"self":[{"href":"https:\/\/hilfe.telekom-cloudcenter.de\/index.php\/wp-json\/wp\/v2\/pages\/274"}],"collection":[{"href":"https:\/\/hilfe.telekom-cloudcenter.de\/index.php\/wp-json\/wp\/v2\/pages"}],"about":[{"href":"https:\/\/hilfe.telekom-cloudcenter.de\/index.php\/wp-json\/wp\/v2\/types\/page"}],"author":[{"embeddable":true,"href":"https:\/\/hilfe.telekom-cloudcenter.de\/index.php\/wp-json\/wp\/v2\/users\/1"}],"replies":[{"embeddable":true,"href":"https:\/\/hilfe.telekom-cloudcenter.de\/index.php\/wp-json\/wp\/v2\/comments?post=274"}],"version-history":[{"count":3,"href":"https:\/\/hilfe.telekom-cloudcenter.de\/index.php\/wp-json\/wp\/v2\/pages\/274\/revisions"}],"predecessor-version":[{"id":573,"href":"https:\/\/hilfe.telekom-cloudcenter.de\/index.php\/wp-json\/wp\/v2\/pages\/274\/revisions\/573"}],"up":[{"embeddable":true,"href":"https:\/\/hilfe.telekom-cloudcenter.de\/index.php\/wp-json\/wp\/v2\/pages\/267"}],"wp:attachment":[{"href":"https:\/\/hilfe.telekom-cloudcenter.de\/index.php\/wp-json\/wp\/v2\/media?parent=274"}],"curies":[{"name":"wp","href":"https:\/\/api.w.org\/{rel}","templated":true}]}}