{"id":276,"date":"2016-10-26T09:31:09","date_gmt":"2016-10-26T09:31:09","guid":{"rendered":"https:\/\/hilfe.telekom-cloudcenter.de\/?page_id=276"},"modified":"2016-11-24T08:29:22","modified_gmt":"2016-11-24T08:29:22","slug":"sharepoint-lizenz-entziehen","status":"publish","type":"page","link":"https:\/\/hilfe.telekom-cloudcenter.de\/index.php\/produkte\/microsoft-sharepoint\/sharepoint-nutzer\/sharepoint-lizenz-entziehen\/","title":{"rendered":"SharePoint-Lizenz entziehen"},"content":{"rendered":"<p>Um einem oder mehreren Nutzern eine SharePoint-Lizenz zu entziehen, w\u00e4hlen Sie zun\u00e4chst die gew\u00fcnschten Nutzer durch Aktivieren der Checkbox in der \u00dcbersicht der SharePoint-Nutzer aus. W\u00e4hlen Sie anschlie\u00dfend die Schaltfl\u00e4che <strong>&#8220;SharePoint-Lizenz entziehen&#8221;<\/strong> und best\u00e4tigen Sie die Sicherheitsabfrage mit <strong>&#8220;Ok&#8221;<\/strong>.\u00a0Alternativ k\u00f6nnen Sie die Funktion zum Entziehen der Lizenz auch in der <a href=\"https:\/\/hilfe.telekom-cloudcenter.de\/index.php\/produkte\/microsoft-sharepoint\/sharepoint-nutzer\/sharepoint-nutzerdetails\/\"><strong>Detailansicht<\/strong><\/a> eines ausgew\u00e4hlten SharePoint-Nutzers aufrufen.<\/p>\n","protected":false},"excerpt":{"rendered":"<p>Um einem oder mehreren Nutzern eine SharePoint-Lizenz zu entziehen, w\u00e4hlen Sie zun\u00e4chst die gew\u00fcnschten Nutzer durch Aktivieren der Checkbox in der \u00dcbersicht der SharePoint-Nutzer aus. W\u00e4hlen Sie anschlie\u00dfend die Schaltfl\u00e4che &#8220;SharePoint-Lizenz entziehen&#8221; und best\u00e4tigen Sie die Sicherheitsabfrage mit &#8220;Ok&#8221;.\u00a0Alternativ k\u00f6nnen Sie die Funktion zum Entziehen der Lizenz auch in der Detailansicht eines ausgew\u00e4hlten SharePoint-Nutzers aufrufen.<\/p>\n","protected":false},"author":1,"featured_media":0,"parent":267,"menu_order":0,"comment_status":"closed","ping_status":"closed","template":"","meta":{"footnotes":""},"_links":{"self":[{"href":"https:\/\/hilfe.telekom-cloudcenter.de\/index.php\/wp-json\/wp\/v2\/pages\/276"}],"collection":[{"href":"https:\/\/hilfe.telekom-cloudcenter.de\/index.php\/wp-json\/wp\/v2\/pages"}],"about":[{"href":"https:\/\/hilfe.telekom-cloudcenter.de\/index.php\/wp-json\/wp\/v2\/types\/page"}],"author":[{"embeddable":true,"href":"https:\/\/hilfe.telekom-cloudcenter.de\/index.php\/wp-json\/wp\/v2\/users\/1"}],"replies":[{"embeddable":true,"href":"https:\/\/hilfe.telekom-cloudcenter.de\/index.php\/wp-json\/wp\/v2\/comments?post=276"}],"version-history":[{"count":3,"href":"https:\/\/hilfe.telekom-cloudcenter.de\/index.php\/wp-json\/wp\/v2\/pages\/276\/revisions"}],"predecessor-version":[{"id":579,"href":"https:\/\/hilfe.telekom-cloudcenter.de\/index.php\/wp-json\/wp\/v2\/pages\/276\/revisions\/579"}],"up":[{"embeddable":true,"href":"https:\/\/hilfe.telekom-cloudcenter.de\/index.php\/wp-json\/wp\/v2\/pages\/267"}],"wp:attachment":[{"href":"https:\/\/hilfe.telekom-cloudcenter.de\/index.php\/wp-json\/wp\/v2\/media?parent=276"}],"curies":[{"name":"wp","href":"https:\/\/api.w.org\/{rel}","templated":true}]}}