{"id":305,"date":"2016-10-27T09:47:52","date_gmt":"2016-10-27T09:47:52","guid":{"rendered":"https:\/\/hilfe.telekom-cloudcenter.de\/?page_id=305"},"modified":"2016-10-27T10:35:05","modified_gmt":"2016-10-27T10:35:05","slug":"standort-anlegen","status":"publish","type":"page","link":"https:\/\/hilfe.telekom-cloudcenter.de\/index.php\/nutzerverwaltung\/standorte\/standort-anlegen\/","title":{"rendered":"Standort anlegen"},"content":{"rendered":"<p>Um einen neuen Standort anzulegen, w\u00e4hlen Sie die Schaltfl\u00e4che <strong>&#8220;Standort anlegen&#8221;<\/strong>. In der Bearbeitungsansicht zum Erfassen der Standortdaten k\u00f6nnen Sie neben dem Standortnamen (Feld &#8220;Standort*&#8221;) weitere Angaben zum Standort erfassen. Zum Best\u00e4tigen der Standortdaten w\u00e4hlen Sie die Schaltfl\u00e4che <strong>&#8220;Speichern&#8221;<\/strong>. Der Standort kann nach erfolgreicher Speicherung \u00fcber die <a href=\"https:\/\/hilfe.telekom-cloudcenter.de\/index.php\/nutzerverwaltung\/\"><strong>Nutzerverwaltung<\/strong><\/a> vorhandenen oder neuen Nutzern zugeordnet werden.<\/p>\n","protected":false},"excerpt":{"rendered":"<p>Um einen neuen Standort anzulegen, w\u00e4hlen Sie die Schaltfl\u00e4che &#8220;Standort anlegen&#8221;. In der Bearbeitungsansicht zum Erfassen der Standortdaten k\u00f6nnen Sie neben dem Standortnamen (Feld &#8220;Standort*&#8221;) weitere Angaben zum Standort erfassen. Zum Best\u00e4tigen der Standortdaten w\u00e4hlen Sie die Schaltfl\u00e4che &#8220;Speichern&#8221;. Der Standort kann nach erfolgreicher Speicherung \u00fcber die Nutzerverwaltung vorhandenen oder neuen Nutzern zugeordnet werden.<\/p>\n","protected":false},"author":1,"featured_media":0,"parent":199,"menu_order":0,"comment_status":"closed","ping_status":"closed","template":"","meta":{"footnotes":""},"_links":{"self":[{"href":"https:\/\/hilfe.telekom-cloudcenter.de\/index.php\/wp-json\/wp\/v2\/pages\/305"}],"collection":[{"href":"https:\/\/hilfe.telekom-cloudcenter.de\/index.php\/wp-json\/wp\/v2\/pages"}],"about":[{"href":"https:\/\/hilfe.telekom-cloudcenter.de\/index.php\/wp-json\/wp\/v2\/types\/page"}],"author":[{"embeddable":true,"href":"https:\/\/hilfe.telekom-cloudcenter.de\/index.php\/wp-json\/wp\/v2\/users\/1"}],"replies":[{"embeddable":true,"href":"https:\/\/hilfe.telekom-cloudcenter.de\/index.php\/wp-json\/wp\/v2\/comments?post=305"}],"version-history":[{"count":4,"href":"https:\/\/hilfe.telekom-cloudcenter.de\/index.php\/wp-json\/wp\/v2\/pages\/305\/revisions"}],"predecessor-version":[{"id":325,"href":"https:\/\/hilfe.telekom-cloudcenter.de\/index.php\/wp-json\/wp\/v2\/pages\/305\/revisions\/325"}],"up":[{"embeddable":true,"href":"https:\/\/hilfe.telekom-cloudcenter.de\/index.php\/wp-json\/wp\/v2\/pages\/199"}],"wp:attachment":[{"href":"https:\/\/hilfe.telekom-cloudcenter.de\/index.php\/wp-json\/wp\/v2\/media?parent=305"}],"curies":[{"name":"wp","href":"https:\/\/api.w.org\/{rel}","templated":true}]}}