{"id":307,"date":"2016-10-27T09:50:12","date_gmt":"2016-10-27T09:50:12","guid":{"rendered":"https:\/\/hilfe.telekom-cloudcenter.de\/?page_id=307"},"modified":"2016-10-27T10:50:07","modified_gmt":"2016-10-27T10:50:07","slug":"standortdetails","status":"publish","type":"page","link":"https:\/\/hilfe.telekom-cloudcenter.de\/index.php\/nutzerverwaltung\/standorte\/standortdetails\/","title":{"rendered":"Standortdetails"},"content":{"rendered":"<p>F\u00fcr die Anzeige der Standortdetails w\u00e4hlen Sie in der \u00dcbersichtsliste Ihrer Standorte per Mouse-Klick einen Eintrag aus. Anschlie\u00dfend \u00f6ffnet sich die Detailanzeige, in der Sie die M\u00f6glichkeit haben, die\u00a0Standortdaten zu <a href=\"https:\/\/hilfe.telekom-cloudcenter.de\/index.php\/nutzerverwaltung\/standorte\/standortdetails\/standort-bearbeiten\/\"><strong>bearbeiten<\/strong><\/a>.<\/p>\n","protected":false},"excerpt":{"rendered":"<p>F\u00fcr die Anzeige der Standortdetails w\u00e4hlen Sie in der \u00dcbersichtsliste Ihrer Standorte per Mouse-Klick einen Eintrag aus. Anschlie\u00dfend \u00f6ffnet sich die Detailanzeige, in der Sie die M\u00f6glichkeit haben, die\u00a0Standortdaten zu bearbeiten.<\/p>\n","protected":false},"author":1,"featured_media":0,"parent":199,"menu_order":0,"comment_status":"closed","ping_status":"closed","template":"","meta":{"footnotes":""},"_links":{"self":[{"href":"https:\/\/hilfe.telekom-cloudcenter.de\/index.php\/wp-json\/wp\/v2\/pages\/307"}],"collection":[{"href":"https:\/\/hilfe.telekom-cloudcenter.de\/index.php\/wp-json\/wp\/v2\/pages"}],"about":[{"href":"https:\/\/hilfe.telekom-cloudcenter.de\/index.php\/wp-json\/wp\/v2\/types\/page"}],"author":[{"embeddable":true,"href":"https:\/\/hilfe.telekom-cloudcenter.de\/index.php\/wp-json\/wp\/v2\/users\/1"}],"replies":[{"embeddable":true,"href":"https:\/\/hilfe.telekom-cloudcenter.de\/index.php\/wp-json\/wp\/v2\/comments?post=307"}],"version-history":[{"count":2,"href":"https:\/\/hilfe.telekom-cloudcenter.de\/index.php\/wp-json\/wp\/v2\/pages\/307\/revisions"}],"predecessor-version":[{"id":337,"href":"https:\/\/hilfe.telekom-cloudcenter.de\/index.php\/wp-json\/wp\/v2\/pages\/307\/revisions\/337"}],"up":[{"embeddable":true,"href":"https:\/\/hilfe.telekom-cloudcenter.de\/index.php\/wp-json\/wp\/v2\/pages\/199"}],"wp:attachment":[{"href":"https:\/\/hilfe.telekom-cloudcenter.de\/index.php\/wp-json\/wp\/v2\/media?parent=307"}],"curies":[{"name":"wp","href":"https:\/\/api.w.org\/{rel}","templated":true}]}}