{"id":31,"date":"2016-10-20T10:54:43","date_gmt":"2016-10-20T10:54:43","guid":{"rendered":"https:\/\/hilfe.telekom-cloudcenter.de\/?page_id=31"},"modified":"2017-11-28T16:04:21","modified_gmt":"2017-11-28T16:04:21","slug":"einstellungenregeln-fur-passworter","status":"publish","type":"page","link":"https:\/\/hilfe.telekom-cloudcenter.de\/index.php\/nutzerverwaltung\/einstellungen\/einstellungenregeln-fur-passworter\/","title":{"rendered":"Regeln f\u00fcr Passw\u00f6rter"},"content":{"rendered":"<p>Mit der Festlegung von Passwortregeln k\u00f6nnen Sie Sicherheitsparameter f\u00fcr die Passwortvergabe definieren. Diese Regeln werden dann k\u00fcnftig bei der Vergabe sowie beim \u00c4ndern von Passw\u00f6rtern angewendet.<\/p>\n<p>F\u00fcr die Festlegung von Passwortregeln k\u00f6nnen Sie folgende Werte definieren:<\/p>\n<ul>\n<li>Passwortkomplexit\u00e4t<\/li>\n<li>Mindestl\u00e4nge von Passw\u00f6rtern<\/li>\n<li>Anzahl zu speichernder Passw\u00f6rter<\/li>\n<\/ul>\n<p>Mit <strong>&#8220;Passwortkomplexit\u00e4t&#8221;<\/strong> legen Sie fest, ob ein Passwort aus den folgenden Zeichengruppen bestehen muss:<\/p>\n<ul>\n<li>3 der 4 folgenden Zeichenkategorien m\u00fcssen in einem Passwort enthalten sein:\n<ul>\n<li>Gro\u00dfbuchstaben (A-Z)<\/li>\n<li>Kleinbuchstaben (a-z)<\/li>\n<li>Dezimalziffern (0-9)<\/li>\n<li>Nicht-alphanumerische Zeichen (z.B. !,&#8221;,\u00a7,$) erweiterter ASCII-Satz, Symbole oder linguistische Zeichen<\/li>\n<\/ul>\n<\/li>\n<li>Ein Passwort darf keine Teile des Vornamen, Namen oder des Loginnamen enthalten<\/li>\n<\/ul>\n<p>Mit der <strong>&#8220;Mindestl\u00e4nge von Passw\u00f6rtern&#8221;<\/strong> legen Sie fest, aus wie vielen Zeichen ein Passwort mindestens bestehen muss. Die <strong>&#8220;Anzahl zu speichernder Passw\u00f6rter&#8221;<\/strong> legt fest, mit wie vielen Passw\u00f6rtern ein neu vergebenes Passwort verglichen werden soll. Entspricht ein neu vergebenes Passwort einem dieser gemerkten Passw\u00f6rter, wird es abgelehnt.<\/p>\n<p>Mit der Aktivierung der Option <strong>&#8220;Passwortablauf&#8221;<\/strong> legen Sie fest, nach wie viel Tagen Nutzerpassw\u00f6rter ablaufen. Die Anzahl der Tage nach denen Nutzerpassw\u00f6rter ablaufen, legen Sie im Feld &#8220;Anzahl Tage Passwortablauf&#8221; fest, nachdem Sie die Option &#8220;Passwortablauf&#8221; aktiviert haben. Das Setzen eines Ablaufs bewirkt, dass Nutzer 24, 8 und 2 Tage vor dem Ablauf per E-Mail \u00fcber den Ablauf informiert werden. Bitte beachten Sie, dass nach der Aktivierung oder \u00c4nderung des Passwortablaufs Nutzerpassw\u00f6rter sofort abgelaufen sein k\u00f6nnen oder der Ablauf von Nutzerpassw\u00f6rtern unmittelbar bevorstehen kann. Bitte stellen Sie sicher, dass Nutzer vorab bereits \u00fcber die Aktivierung oder \u00c4nderung des Passwortablaufs informiert wurden.<\/p>\n","protected":false},"excerpt":{"rendered":"<p>Mit der Festlegung von Passwortregeln k\u00f6nnen Sie Sicherheitsparameter f\u00fcr die Passwortvergabe definieren. Diese Regeln werden dann k\u00fcnftig bei der Vergabe sowie beim \u00c4ndern von Passw\u00f6rtern angewendet. F\u00fcr die Festlegung von Passwortregeln k\u00f6nnen Sie folgende Werte definieren: Passwortkomplexit\u00e4t Mindestl\u00e4nge von Passw\u00f6rtern Anzahl zu speichernder Passw\u00f6rter Mit &#8220;Passwortkomplexit\u00e4t&#8221; legen Sie fest, ob ein Passwort aus den folgenden&#8230; <a href=\"https:\/\/hilfe.telekom-cloudcenter.de\/index.php\/nutzerverwaltung\/einstellungen\/einstellungenregeln-fur-passworter\/\">read more &raquo;<\/a><\/p>\n","protected":false},"author":1,"featured_media":0,"parent":215,"menu_order":0,"comment_status":"closed","ping_status":"closed","template":"","meta":{"footnotes":""},"_links":{"self":[{"href":"https:\/\/hilfe.telekom-cloudcenter.de\/index.php\/wp-json\/wp\/v2\/pages\/31"}],"collection":[{"href":"https:\/\/hilfe.telekom-cloudcenter.de\/index.php\/wp-json\/wp\/v2\/pages"}],"about":[{"href":"https:\/\/hilfe.telekom-cloudcenter.de\/index.php\/wp-json\/wp\/v2\/types\/page"}],"author":[{"embeddable":true,"href":"https:\/\/hilfe.telekom-cloudcenter.de\/index.php\/wp-json\/wp\/v2\/users\/1"}],"replies":[{"embeddable":true,"href":"https:\/\/hilfe.telekom-cloudcenter.de\/index.php\/wp-json\/wp\/v2\/comments?post=31"}],"version-history":[{"count":5,"href":"https:\/\/hilfe.telekom-cloudcenter.de\/index.php\/wp-json\/wp\/v2\/pages\/31\/revisions"}],"predecessor-version":[{"id":1745,"href":"https:\/\/hilfe.telekom-cloudcenter.de\/index.php\/wp-json\/wp\/v2\/pages\/31\/revisions\/1745"}],"up":[{"embeddable":true,"href":"https:\/\/hilfe.telekom-cloudcenter.de\/index.php\/wp-json\/wp\/v2\/pages\/215"}],"wp:attachment":[{"href":"https:\/\/hilfe.telekom-cloudcenter.de\/index.php\/wp-json\/wp\/v2\/media?parent=31"}],"curies":[{"name":"wp","href":"https:\/\/api.w.org\/{rel}","templated":true}]}}