{"id":311,"date":"2016-10-27T10:14:22","date_gmt":"2016-10-27T10:14:22","guid":{"rendered":"https:\/\/hilfe.telekom-cloudcenter.de\/?page_id=311"},"modified":"2016-10-27T10:34:47","modified_gmt":"2016-10-27T10:34:47","slug":"abteilung-anlegen","status":"publish","type":"page","link":"https:\/\/hilfe.telekom-cloudcenter.de\/index.php\/nutzerverwaltung\/abteilungen\/abteilung-anlegen\/","title":{"rendered":"Abteilung anlegen"},"content":{"rendered":"<p>Um eine neue Abteilung anzulegen, w\u00e4hlen Sie die Schaltfl\u00e4che <strong>&#8220;Abteilung anlegen&#8221;<\/strong>. In der Bearbeitungsansicht k\u00f6nnen Sie anschlie\u00dfend den Abteilungsnamen erfassen. Zum Best\u00e4tigen der\u00a0der neuen Abteilung\u00a0w\u00e4hlen Sie die Schaltfl\u00e4che <strong>&#8220;Speichern&#8221;<\/strong>. Die Abteilung kann nach erfolgreicher Speicherung \u00fcber die <a href=\"https:\/\/hilfe.telekom-cloudcenter.de\/index.php\/nutzerverwaltung\/\"><strong>Nutzerverwaltung<\/strong><\/a> vorhandenen oder neuen Nutzern zugeordnet werden.<\/p>\n","protected":false},"excerpt":{"rendered":"<p>Um eine neue Abteilung anzulegen, w\u00e4hlen Sie die Schaltfl\u00e4che &#8220;Abteilung anlegen&#8221;. In der Bearbeitungsansicht k\u00f6nnen Sie anschlie\u00dfend den Abteilungsnamen erfassen. Zum Best\u00e4tigen der\u00a0der neuen Abteilung\u00a0w\u00e4hlen Sie die Schaltfl\u00e4che &#8220;Speichern&#8221;. Die Abteilung kann nach erfolgreicher Speicherung \u00fcber die Nutzerverwaltung vorhandenen oder neuen Nutzern zugeordnet werden.<\/p>\n","protected":false},"author":1,"featured_media":0,"parent":193,"menu_order":0,"comment_status":"closed","ping_status":"closed","template":"","meta":{"footnotes":""},"_links":{"self":[{"href":"https:\/\/hilfe.telekom-cloudcenter.de\/index.php\/wp-json\/wp\/v2\/pages\/311"}],"collection":[{"href":"https:\/\/hilfe.telekom-cloudcenter.de\/index.php\/wp-json\/wp\/v2\/pages"}],"about":[{"href":"https:\/\/hilfe.telekom-cloudcenter.de\/index.php\/wp-json\/wp\/v2\/types\/page"}],"author":[{"embeddable":true,"href":"https:\/\/hilfe.telekom-cloudcenter.de\/index.php\/wp-json\/wp\/v2\/users\/1"}],"replies":[{"embeddable":true,"href":"https:\/\/hilfe.telekom-cloudcenter.de\/index.php\/wp-json\/wp\/v2\/comments?post=311"}],"version-history":[{"count":3,"href":"https:\/\/hilfe.telekom-cloudcenter.de\/index.php\/wp-json\/wp\/v2\/pages\/311\/revisions"}],"predecessor-version":[{"id":324,"href":"https:\/\/hilfe.telekom-cloudcenter.de\/index.php\/wp-json\/wp\/v2\/pages\/311\/revisions\/324"}],"up":[{"embeddable":true,"href":"https:\/\/hilfe.telekom-cloudcenter.de\/index.php\/wp-json\/wp\/v2\/pages\/193"}],"wp:attachment":[{"href":"https:\/\/hilfe.telekom-cloudcenter.de\/index.php\/wp-json\/wp\/v2\/media?parent=311"}],"curies":[{"name":"wp","href":"https:\/\/api.w.org\/{rel}","templated":true}]}}