{"id":313,"date":"2016-10-27T10:15:19","date_gmt":"2016-10-27T10:15:19","guid":{"rendered":"https:\/\/hilfe.telekom-cloudcenter.de\/?page_id=313"},"modified":"2016-10-27T10:49:03","modified_gmt":"2016-10-27T10:49:03","slug":"abteilungsdetails","status":"publish","type":"page","link":"https:\/\/hilfe.telekom-cloudcenter.de\/index.php\/nutzerverwaltung\/abteilungen\/abteilungsdetails\/","title":{"rendered":"Abteilungsdetails"},"content":{"rendered":"<p>F\u00fcr die Anzeige der Abteilungsdetails w\u00e4hlen Sie in der \u00dcbersichtsliste Ihrer Abteilungen per Mouse-Klick einen Eintrag aus. Anschlie\u00dfend \u00f6ffnet sich die Detailanzeige, in der Sie die M\u00f6glichkeit haben, die Abteilung zu <a href=\"https:\/\/hilfe.saase.local\/index.php\/nutzerverwaltung\/abteilungen\/abteilungsdetails\/abteilung-bearbeiten\/\"><strong>bearbeiten<\/strong><\/a>.<\/p>\n","protected":false},"excerpt":{"rendered":"<p>F\u00fcr die Anzeige der Abteilungsdetails w\u00e4hlen Sie in der \u00dcbersichtsliste Ihrer Abteilungen per Mouse-Klick einen Eintrag aus. Anschlie\u00dfend \u00f6ffnet sich die Detailanzeige, in der Sie die M\u00f6glichkeit haben, die Abteilung zu bearbeiten.<\/p>\n","protected":false},"author":1,"featured_media":0,"parent":193,"menu_order":0,"comment_status":"closed","ping_status":"closed","template":"","meta":{"footnotes":""},"_links":{"self":[{"href":"https:\/\/hilfe.telekom-cloudcenter.de\/index.php\/wp-json\/wp\/v2\/pages\/313"}],"collection":[{"href":"https:\/\/hilfe.telekom-cloudcenter.de\/index.php\/wp-json\/wp\/v2\/pages"}],"about":[{"href":"https:\/\/hilfe.telekom-cloudcenter.de\/index.php\/wp-json\/wp\/v2\/types\/page"}],"author":[{"embeddable":true,"href":"https:\/\/hilfe.telekom-cloudcenter.de\/index.php\/wp-json\/wp\/v2\/users\/1"}],"replies":[{"embeddable":true,"href":"https:\/\/hilfe.telekom-cloudcenter.de\/index.php\/wp-json\/wp\/v2\/comments?post=313"}],"version-history":[{"count":3,"href":"https:\/\/hilfe.telekom-cloudcenter.de\/index.php\/wp-json\/wp\/v2\/pages\/313\/revisions"}],"predecessor-version":[{"id":336,"href":"https:\/\/hilfe.telekom-cloudcenter.de\/index.php\/wp-json\/wp\/v2\/pages\/313\/revisions\/336"}],"up":[{"embeddable":true,"href":"https:\/\/hilfe.telekom-cloudcenter.de\/index.php\/wp-json\/wp\/v2\/pages\/193"}],"wp:attachment":[{"href":"https:\/\/hilfe.telekom-cloudcenter.de\/index.php\/wp-json\/wp\/v2\/media?parent=313"}],"curies":[{"name":"wp","href":"https:\/\/api.w.org\/{rel}","templated":true}]}}