{"id":33,"date":"2016-10-20T10:55:24","date_gmt":"2016-10-20T10:55:24","guid":{"rendered":"https:\/\/hilfe.telekom-cloudcenter.de\/?page_id=33"},"modified":"2023-11-17T08:24:20","modified_gmt":"2023-11-17T08:24:20","slug":"nutzerverwaltung","status":"publish","type":"page","link":"https:\/\/hilfe.telekom-cloudcenter.de\/index.php\/nutzerverwaltung\/","title":{"rendered":"Nutzerverwaltung"},"content":{"rendered":"<p>In der Nutzerverwaltung k\u00f6nnen Sie <a href=\"https:\/\/hilfe.telekom-cloudcenter.de\/index.php\/nutzerverwaltung\/nutzer-anlegen\/\">Nutzer erfassen<\/a>, denen Sie direkt beim Anlegen oder sp\u00e4ter \u00fcber die Produktverwaltung Nutzungsberechtigungen f\u00fcr Produkte und Produktoptionen zuweisen k\u00f6nnen. Die in der Nutzerverwaltung erfassten Daten sind sp\u00e4ter au\u00dferdem im Firmenadressbuch f\u00fcr alle Nutzer sichtbar.<\/p>\n<p>In der \u00dcbersicht werden Ihnen die wichtigsten Informationen eines Nutzers angezeigt. Dabei erfolgt die Sortierung initial alphabetisch nach <strong>&#8220;Nachname, Vorname&#8221;<\/strong>. Die Sortierung k\u00f6nnen Sie f\u00fcr jede angezeigte Spalte auf- und absteigend festlegen. F\u00fcr die Filterung der angezeigten Nutzer stehen Ihnen zudem zahlreiche M\u00f6glichkeiten zur Verf\u00fcgung:<\/p>\n<ul>\n<li>Alphabet Filter (erster Buchstabe des Nachnamens)<\/li>\n<li>Standorte<\/li>\n<li>Abteilungen<\/li>\n<li>Nutzerrolle<\/li>\n<li>Status des Nutzers<\/li>\n<\/ul>\n<p>Alle Filter wirken additiv, d.h. Sie k\u00f6nnen mehrere Filter miteinander kombinieren. Suchen Sie bspw. nach Nutzern einer bestimmten Rolle, die einer bestimmten Abteilung und einem bestimmten Standort angeh\u00f6ren, k\u00f6nnen Sie diese Suche durch Einstellung der entsprechenden Filter durchf\u00fchren. Weiterhin haben Sie die M\u00f6glichkeit, die Nutzerliste per Eingabe eines Suchbegriffs zu durchsuchen. Eingegebene Zeichen wirken dabei sofort auf das Suchergebnis, womit die Datens\u00e4tze unmittelbar gefiltert werden.<\/p>\n<p>Mit der Funktion <strong>&#8220;Liste exportieren&#8221;<\/strong> k\u00f6nnen sie die gesamte Liste zur lokalen Verwendung, z.B. mit Excel, herunterladen. Die Liste wird dabei als .CSV-Datei bereitgestellt.<\/p>\n<p>In die <a href=\"https:\/\/hilfe.telekom-cloudcenter.de\/index.php\/nutzerverwaltung\/nutzerdetails\/\">Detailansicht eines Nutzers<\/a> wechseln Sie, indem Sie per Mouse-Klick einen Nutzer in der Liste ausw\u00e4hlen.<\/p>\n<p>Zus\u00e4tzlich stehen folgende Funktionen zur Verf\u00fcgung:<\/p>\n<ul>\n<li>Funktion <a href=\"https:\/\/hilfe.telekom-cloudcenter.de\/index.php\/nutzerverwaltung\/nutzer-anlegen\/\">&#8220;Nutzer anlegen&#8221;<\/a> zum Erfassen eines neuen Nutzers und bei Bedarf gleichzeitiger Zuweisung von Produkten<\/li>\n<li>Funktion <a href=\"https:\/\/hilfe.telekom-cloudcenter.de\/index.php\/nutzerverwaltung\/nutzer-loschen\/\">&#8220;Nutzer l\u00f6schen&#8221;<\/a> zum L\u00f6schen eines Nutzers und der zugeordneten Produkte<\/li>\n<li>Funktion <a href=\"https:\/\/hilfe.telekom-cloudcenter.de\/index.php\/nutzerverwaltung\/nutzer-sperren-entsperren\/\">&#8220;Nutzer sperren\/entsperren&#8221;<\/a> zum Deaktivieren\/Aktivieren des Zugangs zum Cloud Manager und der Produktnutzung des Nutzers<\/li>\n<li>Funktion <a href=\"https:\/\/hilfe.telekom-cloudcenter.de\/index.php\/nutzerverwaltung\/neue-nutzergruppe-anlegen\/\">&#8220;als Gruppe speichern&#8221;<\/a> zum Erstellen von Nutzergruppen<\/li>\n<li>Funktion <a href=\"https:\/\/hilfe.telekom-cloudcenter.de\/index.php\/nutzerverwaltung\/nutzer-zu-einer-gruppe-hinzufugen\/\">&#8220;zu Gruppen hinzuf\u00fcgen&#8221;<\/a> zum Hinzuf\u00fcgen von Nutzern zu einer vorhandenen Gruppe<\/li>\n<li>Funktion <a href=\"https:\/\/hilfe.telekom-cloudcenter.de\/index.php\/nutzerverwaltung\/2-faktor-authentifizierung-aktivieren\/\">&#8220;2FA aktivieren&#8221;<\/a> zum Aktivieren der 2-Faktor-Authentifizierung f\u00fcr einen oder mehrere Nutzer<\/li>\n<li>Funktion <a href=\"https:\/\/hilfe.telekom-cloudcenter.de\/index.php\/nutzerverwaltung\/2-faktor-authentifizierung-deaktivieren\/\">&#8220;2FA deaktivieren&#8221;<\/a> zum Deaktivieren der 2-Faktor-Authentifzierung f\u00fcr einen oder mehrere Nutzer<\/li>\n<\/ul>\n","protected":false},"excerpt":{"rendered":"<p>In der Nutzerverwaltung k\u00f6nnen Sie Nutzer erfassen, denen Sie direkt beim Anlegen oder sp\u00e4ter \u00fcber die Produktverwaltung Nutzungsberechtigungen f\u00fcr Produkte und Produktoptionen zuweisen k\u00f6nnen. Die in der Nutzerverwaltung erfassten Daten sind sp\u00e4ter au\u00dferdem im Firmenadressbuch f\u00fcr alle Nutzer sichtbar. In der \u00dcbersicht werden Ihnen die wichtigsten Informationen eines Nutzers angezeigt. Dabei erfolgt die Sortierung initial&#8230; <a href=\"https:\/\/hilfe.telekom-cloudcenter.de\/index.php\/nutzerverwaltung\/\">read more &raquo;<\/a><\/p>\n","protected":false},"author":1,"featured_media":0,"parent":0,"menu_order":0,"comment_status":"closed","ping_status":"closed","template":"","meta":{"footnotes":""},"_links":{"self":[{"href":"https:\/\/hilfe.telekom-cloudcenter.de\/index.php\/wp-json\/wp\/v2\/pages\/33"}],"collection":[{"href":"https:\/\/hilfe.telekom-cloudcenter.de\/index.php\/wp-json\/wp\/v2\/pages"}],"about":[{"href":"https:\/\/hilfe.telekom-cloudcenter.de\/index.php\/wp-json\/wp\/v2\/types\/page"}],"author":[{"embeddable":true,"href":"https:\/\/hilfe.telekom-cloudcenter.de\/index.php\/wp-json\/wp\/v2\/users\/1"}],"replies":[{"embeddable":true,"href":"https:\/\/hilfe.telekom-cloudcenter.de\/index.php\/wp-json\/wp\/v2\/comments?post=33"}],"version-history":[{"count":10,"href":"https:\/\/hilfe.telekom-cloudcenter.de\/index.php\/wp-json\/wp\/v2\/pages\/33\/revisions"}],"predecessor-version":[{"id":6281,"href":"https:\/\/hilfe.telekom-cloudcenter.de\/index.php\/wp-json\/wp\/v2\/pages\/33\/revisions\/6281"}],"wp:attachment":[{"href":"https:\/\/hilfe.telekom-cloudcenter.de\/index.php\/wp-json\/wp\/v2\/media?parent=33"}],"curies":[{"name":"wp","href":"https:\/\/api.w.org\/{rel}","templated":true}]}}