{"id":332,"date":"2016-10-27T10:39:27","date_gmt":"2016-10-27T10:39:27","guid":{"rendered":"https:\/\/hilfe.telekom-cloudcenter.de\/?page_id=332"},"modified":"2016-10-27T10:40:39","modified_gmt":"2016-10-27T10:40:39","slug":"abteilung-bearbeiten","status":"publish","type":"page","link":"https:\/\/hilfe.telekom-cloudcenter.de\/index.php\/nutzerverwaltung\/abteilungen\/abteilungsdetails\/abteilung-bearbeiten\/","title":{"rendered":"Abteilung bearbeiten"},"content":{"rendered":"<p>Um eine Abteilung zu bearbeiten w\u00e4hlen Sie in den <a href=\"https:\/\/hilfe.telekom-cloudcenter.de\/index.php\/nutzerverwaltung\/abteilungen\/abteilungsdetails\/\"><strong>Abteilungsdetails<\/strong><\/a> das Stift-Symbol in der Datenbox &#8220;Abteilungsdaten&#8221;. Anschlie\u00dfend k\u00f6nnen Sie in der Bearbeitungsansicht den Abteilungsnamen \u00e4ndern. Ihre \u00c4nderung best\u00e4tigen Sie durch die Schaltfl\u00e4che <strong>&#8220;Speichern&#8221;<\/strong>.<\/p>\n","protected":false},"excerpt":{"rendered":"<p>Um eine Abteilung zu bearbeiten w\u00e4hlen Sie in den Abteilungsdetails das Stift-Symbol in der Datenbox &#8220;Abteilungsdaten&#8221;. Anschlie\u00dfend k\u00f6nnen Sie in der Bearbeitungsansicht den Abteilungsnamen \u00e4ndern. Ihre \u00c4nderung best\u00e4tigen Sie durch die Schaltfl\u00e4che &#8220;Speichern&#8221;.<\/p>\n","protected":false},"author":1,"featured_media":0,"parent":313,"menu_order":0,"comment_status":"closed","ping_status":"closed","template":"","meta":{"footnotes":""},"_links":{"self":[{"href":"https:\/\/hilfe.telekom-cloudcenter.de\/index.php\/wp-json\/wp\/v2\/pages\/332"}],"collection":[{"href":"https:\/\/hilfe.telekom-cloudcenter.de\/index.php\/wp-json\/wp\/v2\/pages"}],"about":[{"href":"https:\/\/hilfe.telekom-cloudcenter.de\/index.php\/wp-json\/wp\/v2\/types\/page"}],"author":[{"embeddable":true,"href":"https:\/\/hilfe.telekom-cloudcenter.de\/index.php\/wp-json\/wp\/v2\/users\/1"}],"replies":[{"embeddable":true,"href":"https:\/\/hilfe.telekom-cloudcenter.de\/index.php\/wp-json\/wp\/v2\/comments?post=332"}],"version-history":[{"count":2,"href":"https:\/\/hilfe.telekom-cloudcenter.de\/index.php\/wp-json\/wp\/v2\/pages\/332\/revisions"}],"predecessor-version":[{"id":334,"href":"https:\/\/hilfe.telekom-cloudcenter.de\/index.php\/wp-json\/wp\/v2\/pages\/332\/revisions\/334"}],"up":[{"embeddable":true,"href":"https:\/\/hilfe.telekom-cloudcenter.de\/index.php\/wp-json\/wp\/v2\/pages\/313"}],"wp:attachment":[{"href":"https:\/\/hilfe.telekom-cloudcenter.de\/index.php\/wp-json\/wp\/v2\/media?parent=332"}],"curies":[{"name":"wp","href":"https:\/\/api.w.org\/{rel}","templated":true}]}}