{"id":353,"date":"2016-10-27T12:30:12","date_gmt":"2016-10-27T12:30:12","guid":{"rendered":"https:\/\/hilfe.telekom-cloudcenter.de\/?page_id=353"},"modified":"2017-11-27T13:41:29","modified_gmt":"2017-11-27T13:41:29","slug":"mailboxdaten-einer-gruppe-bearbeiten","status":"publish","type":"page","link":"https:\/\/hilfe.telekom-cloudcenter.de\/index.php\/nutzerverwaltung\/gruppen\/gruppendetails\/mailboxdaten-einer-gruppe-bearbeiten\/","title":{"rendered":"Mailboxdaten einer Gruppe bearbeiten"},"content":{"rendered":"<p>Um die Mailboxdaten aller Gruppenmitglieder zu bearbeiten, w\u00e4hlen Sie das Stift-Symbol in der Datenbox <strong>&#8220;Mailboxdaten&#8221;<\/strong>. Verf\u00fcgen die Gruppenmitglieder noch \u00fcber keine Mailbox k\u00f6nnen Sie auf die gleiche Weise Mailboxen f\u00fcr\u00a0alle Gruppenmitglieder anlegen. Anschlie\u00dfend k\u00f6nnen Sie im Bearbeitungsmodus folgende \u00c4nderungen vornehmen:<\/p>\n<ul>\n<li>Festlegen\/\u00c4ndern des Mailboxlizenztyps<\/li>\n<li>Aktivieren\/Deaktivieren von zus\u00e4tzlichen Mailbox Optionen<\/li>\n<li>Aktivieren\/Deaktivieren von zus\u00e4tzlichen E-Mail Sicherheitsoptionen<\/li>\n<\/ul>\n<p>Bitte beachten Sie, dass das \u00c4ndern des Mailboxlizenztyps sowie das Aktivieren von zus\u00e4tzlichen Mailbox (&#8216;Sicherheits-) Optionen nur dann m\u00f6glich ist, wenn Sie \u00fcber frei verf\u00fcgbare Lizenzen f\u00fcr die jeweilige Produktoption verf\u00fcgen.<\/p>\n<p><strong>Hinweis:<\/strong> Das \u00c4ndern von E-Mailadressen und -Aliasen sowie der Mailboxgr\u00f6\u00dfe ist \u00fcber die Gruppenverwaltung nicht m\u00f6glich. Beim Anlegen von Mailboxen f\u00fcr Gruppenmitglieder werden die E-Mailadressen der Nutzer basierend auf den festgelegten <a href=\"https:\/\/hilfe.telekom-cloudcenter.de\/index.php\/produkte\/microsoft-exchange\/einstellungen-fur-exchange\/regeln-fur-mailadressen\/\"><strong>E-Mailadressregeln<\/strong><\/a> gebildet. Jede Nutzermailbox erh\u00e4lt in jedem Fall eine standardm\u00e4\u00dfige E-Mailadresse in der Form <strong>&#8220;Vorname.Name@<em>IhrKundenstammname<\/em>.telekom-cloudcenter.de&#8221;<\/strong>.<\/p>\n","protected":false},"excerpt":{"rendered":"<p>Um die Mailboxdaten aller Gruppenmitglieder zu bearbeiten, w\u00e4hlen Sie das Stift-Symbol in der Datenbox &#8220;Mailboxdaten&#8221;. Verf\u00fcgen die Gruppenmitglieder noch \u00fcber keine Mailbox k\u00f6nnen Sie auf die gleiche Weise Mailboxen f\u00fcr\u00a0alle Gruppenmitglieder anlegen. Anschlie\u00dfend k\u00f6nnen Sie im Bearbeitungsmodus folgende \u00c4nderungen vornehmen: Festlegen\/\u00c4ndern des Mailboxlizenztyps Aktivieren\/Deaktivieren von zus\u00e4tzlichen Mailbox Optionen Aktivieren\/Deaktivieren von zus\u00e4tzlichen E-Mail Sicherheitsoptionen Bitte beachten&#8230; <a href=\"https:\/\/hilfe.telekom-cloudcenter.de\/index.php\/nutzerverwaltung\/gruppen\/gruppendetails\/mailboxdaten-einer-gruppe-bearbeiten\/\">read more &raquo;<\/a><\/p>\n","protected":false},"author":1,"featured_media":0,"parent":203,"menu_order":0,"comment_status":"closed","ping_status":"closed","template":"","meta":{"footnotes":""},"_links":{"self":[{"href":"https:\/\/hilfe.telekom-cloudcenter.de\/index.php\/wp-json\/wp\/v2\/pages\/353"}],"collection":[{"href":"https:\/\/hilfe.telekom-cloudcenter.de\/index.php\/wp-json\/wp\/v2\/pages"}],"about":[{"href":"https:\/\/hilfe.telekom-cloudcenter.de\/index.php\/wp-json\/wp\/v2\/types\/page"}],"author":[{"embeddable":true,"href":"https:\/\/hilfe.telekom-cloudcenter.de\/index.php\/wp-json\/wp\/v2\/users\/1"}],"replies":[{"embeddable":true,"href":"https:\/\/hilfe.telekom-cloudcenter.de\/index.php\/wp-json\/wp\/v2\/comments?post=353"}],"version-history":[{"count":6,"href":"https:\/\/hilfe.telekom-cloudcenter.de\/index.php\/wp-json\/wp\/v2\/pages\/353\/revisions"}],"predecessor-version":[{"id":1742,"href":"https:\/\/hilfe.telekom-cloudcenter.de\/index.php\/wp-json\/wp\/v2\/pages\/353\/revisions\/1742"}],"up":[{"embeddable":true,"href":"https:\/\/hilfe.telekom-cloudcenter.de\/index.php\/wp-json\/wp\/v2\/pages\/203"}],"wp:attachment":[{"href":"https:\/\/hilfe.telekom-cloudcenter.de\/index.php\/wp-json\/wp\/v2\/media?parent=353"}],"curies":[{"name":"wp","href":"https:\/\/api.w.org\/{rel}","templated":true}]}}