{"id":355,"date":"2016-10-27T12:30:33","date_gmt":"2016-10-27T12:30:33","guid":{"rendered":"https:\/\/hilfe.telekom-cloudcenter.de\/?page_id=355"},"modified":"2016-10-27T13:24:04","modified_gmt":"2016-10-27T13:24:04","slug":"sharepoint-lizenzzuweisung-einer-gruppe-bearbeiten","status":"publish","type":"page","link":"https:\/\/hilfe.telekom-cloudcenter.de\/index.php\/nutzerverwaltung\/gruppen\/gruppendetails\/sharepoint-lizenzzuweisung-einer-gruppe-bearbeiten\/","title":{"rendered":"SharePoint-Lizenzzuweisung einer Gruppe bearbeiten"},"content":{"rendered":"<p>Um die\u00a0SharePoint-Lizenzdaten aller Nutzer einer Gruppe zu bearbeiten, w\u00e4hlen Sie das Stift-Symbol in der Datenbox <strong>&#8220;SharePoint-Lizenzzuordnung&#8221;<\/strong>. Verf\u00fcgen die Gruppenmitglieder noch \u00fcber keine SharePoint-Lizenz k\u00f6nnen Sie auf die gleiche Weise die Lizenzzuweisung an alle Gruppenmitglieder vornehmen. Anschlie\u00dfend k\u00f6nnen Sie im Bearbeitungsmodus folgende \u00c4nderungen vornehmen<\/p>\n<ul>\n<li>Festlegen\/\u00c4ndern des SharePoint-Lizenztyps<\/li>\n<\/ul>\n<p>Bitte beachten Sie, dass das \u00c4ndern\/Festlegen des SharePoint-Lizenztyps nur dann m\u00f6glich ist, wenn Sie \u00fcber frei verf\u00fcgbare Lizenzen f\u00fcr den jeweiligen Lizenztyp verf\u00fcgen.<\/p>\n<p>Beim Speichern werden die \u00c4nderungen f\u00fcr alle Gruppenmitglieder gleicherma\u00dfen durchgef\u00fchrt. Nutzern, die vor der \u00c4nderung \u00fcber keine SharePoint-Lizenz verf\u00fcgten, wird der ausgew\u00e4hlte Lizenztyp zugewiesen.<\/p>\n","protected":false},"excerpt":{"rendered":"<p>Um die\u00a0SharePoint-Lizenzdaten aller Nutzer einer Gruppe zu bearbeiten, w\u00e4hlen Sie das Stift-Symbol in der Datenbox &#8220;SharePoint-Lizenzzuordnung&#8221;. Verf\u00fcgen die Gruppenmitglieder noch \u00fcber keine SharePoint-Lizenz k\u00f6nnen Sie auf die gleiche Weise die Lizenzzuweisung an alle Gruppenmitglieder vornehmen. Anschlie\u00dfend k\u00f6nnen Sie im Bearbeitungsmodus folgende \u00c4nderungen vornehmen Festlegen\/\u00c4ndern des SharePoint-Lizenztyps Bitte beachten Sie, dass das \u00c4ndern\/Festlegen des SharePoint-Lizenztyps nur&#8230; <a href=\"https:\/\/hilfe.telekom-cloudcenter.de\/index.php\/nutzerverwaltung\/gruppen\/gruppendetails\/sharepoint-lizenzzuweisung-einer-gruppe-bearbeiten\/\">read more &raquo;<\/a><\/p>\n","protected":false},"author":1,"featured_media":0,"parent":203,"menu_order":0,"comment_status":"closed","ping_status":"closed","template":"","meta":{"footnotes":""},"_links":{"self":[{"href":"https:\/\/hilfe.telekom-cloudcenter.de\/index.php\/wp-json\/wp\/v2\/pages\/355"}],"collection":[{"href":"https:\/\/hilfe.telekom-cloudcenter.de\/index.php\/wp-json\/wp\/v2\/pages"}],"about":[{"href":"https:\/\/hilfe.telekom-cloudcenter.de\/index.php\/wp-json\/wp\/v2\/types\/page"}],"author":[{"embeddable":true,"href":"https:\/\/hilfe.telekom-cloudcenter.de\/index.php\/wp-json\/wp\/v2\/users\/1"}],"replies":[{"embeddable":true,"href":"https:\/\/hilfe.telekom-cloudcenter.de\/index.php\/wp-json\/wp\/v2\/comments?post=355"}],"version-history":[{"count":4,"href":"https:\/\/hilfe.telekom-cloudcenter.de\/index.php\/wp-json\/wp\/v2\/pages\/355\/revisions"}],"predecessor-version":[{"id":364,"href":"https:\/\/hilfe.telekom-cloudcenter.de\/index.php\/wp-json\/wp\/v2\/pages\/355\/revisions\/364"}],"up":[{"embeddable":true,"href":"https:\/\/hilfe.telekom-cloudcenter.de\/index.php\/wp-json\/wp\/v2\/pages\/203"}],"wp:attachment":[{"href":"https:\/\/hilfe.telekom-cloudcenter.de\/index.php\/wp-json\/wp\/v2\/media?parent=355"}],"curies":[{"name":"wp","href":"https:\/\/api.w.org\/{rel}","templated":true}]}}