{"id":36,"date":"2016-10-20T11:01:45","date_gmt":"2016-10-20T11:01:45","guid":{"rendered":"https:\/\/hilfe.telekom-cloudcenter.de\/?page_id=36"},"modified":"2016-10-20T11:47:30","modified_gmt":"2016-10-20T11:47:30","slug":"kontaktinformationen-fur-nutzer","status":"publish","type":"page","link":"https:\/\/hilfe.telekom-cloudcenter.de\/index.php\/einstellungen\/kontaktinformationen-fur-nutzer\/","title":{"rendered":"Kontaktinformationen f\u00fcr Nutzer"},"content":{"rendered":"<p>Mit <strong>&#8220;Kontaktinformation f\u00fcr Nutzer&#8221;<\/strong> k\u00f6nnen Sie Nutzern Ihrer Organisation zentrale, unternehmenseigene Kontaktinformationen zur Verf\u00fcgung stellen, mit denen Nutzer bspw. Sie als Administrator oder einen unternehmenseigenen Servicedesk erreichen k\u00f6nnen.\u00a0Um diese Kontaktinformationen zu hinterlegen, w\u00e4hlen Sie den Men\u00fcpunkt <strong>&#8220;Kontaktinformationen f\u00fcr Nutzer&#8221; <\/strong>unterhalb des Hauptmen\u00fcpunktes &#8220;Einstellungen&#8221;. Anschlie\u00dfend gelangen Sie in die Formularansicht zur Eingabe der Kontaktdaten.<\/p>\n<p>Nachdem die Kontaktinformationen erfolgreich gespeichert wurden, werden diese auf der Startseite eines jeden Nutzers im <a href=\"https:\/\/hilfe.telekom-cloudcenter.de\/index.php\/startseite\/widgets\/\">Willkommen-Widget<\/a> angezeigt.<\/p>\n","protected":false},"excerpt":{"rendered":"<p>Mit &#8220;Kontaktinformation f\u00fcr Nutzer&#8221; k\u00f6nnen Sie Nutzern Ihrer Organisation zentrale, unternehmenseigene Kontaktinformationen zur Verf\u00fcgung stellen, mit denen Nutzer bspw. Sie als Administrator oder einen unternehmenseigenen Servicedesk erreichen k\u00f6nnen.\u00a0Um diese Kontaktinformationen zu hinterlegen, w\u00e4hlen Sie den Men\u00fcpunkt &#8220;Kontaktinformationen f\u00fcr Nutzer&#8221; unterhalb des Hauptmen\u00fcpunktes &#8220;Einstellungen&#8221;. Anschlie\u00dfend gelangen Sie in die Formularansicht zur Eingabe der Kontaktdaten. Nachdem die&#8230; <a href=\"https:\/\/hilfe.telekom-cloudcenter.de\/index.php\/einstellungen\/kontaktinformationen-fur-nutzer\/\">read more &raquo;<\/a><\/p>\n","protected":false},"author":1,"featured_media":0,"parent":25,"menu_order":0,"comment_status":"closed","ping_status":"closed","template":"","meta":{"footnotes":""},"_links":{"self":[{"href":"https:\/\/hilfe.telekom-cloudcenter.de\/index.php\/wp-json\/wp\/v2\/pages\/36"}],"collection":[{"href":"https:\/\/hilfe.telekom-cloudcenter.de\/index.php\/wp-json\/wp\/v2\/pages"}],"about":[{"href":"https:\/\/hilfe.telekom-cloudcenter.de\/index.php\/wp-json\/wp\/v2\/types\/page"}],"author":[{"embeddable":true,"href":"https:\/\/hilfe.telekom-cloudcenter.de\/index.php\/wp-json\/wp\/v2\/users\/1"}],"replies":[{"embeddable":true,"href":"https:\/\/hilfe.telekom-cloudcenter.de\/index.php\/wp-json\/wp\/v2\/comments?post=36"}],"version-history":[{"count":3,"href":"https:\/\/hilfe.telekom-cloudcenter.de\/index.php\/wp-json\/wp\/v2\/pages\/36\/revisions"}],"predecessor-version":[{"id":59,"href":"https:\/\/hilfe.telekom-cloudcenter.de\/index.php\/wp-json\/wp\/v2\/pages\/36\/revisions\/59"}],"up":[{"embeddable":true,"href":"https:\/\/hilfe.telekom-cloudcenter.de\/index.php\/wp-json\/wp\/v2\/pages\/25"}],"wp:attachment":[{"href":"https:\/\/hilfe.telekom-cloudcenter.de\/index.php\/wp-json\/wp\/v2\/media?parent=36"}],"curies":[{"name":"wp","href":"https:\/\/api.w.org\/{rel}","templated":true}]}}