{"id":371,"date":"2016-10-27T13:52:40","date_gmt":"2016-10-27T13:52:40","guid":{"rendered":"https:\/\/hilfe.telekom-cloudcenter.de\/?page_id=371"},"modified":"2016-11-21T16:12:07","modified_gmt":"2016-11-21T16:12:07","slug":"regeln-fur-mailadressen","status":"publish","type":"page","link":"https:\/\/hilfe.telekom-cloudcenter.de\/index.php\/produkte\/microsoft-exchange\/einstellungen-fur-exchange\/regeln-fur-mailadressen\/","title":{"rendered":"Regeln f\u00fcr Mailadressen"},"content":{"rendered":"<p>Beim Anlegen und Zuweisen von Mailboxen an einzelne Nutzer k\u00f6nnen Sie beliebige E-Mail-Adressen f\u00fcr die prim\u00e4re sowie f\u00fcr Alias-E-Mail-Adressen festlegen. Bei der Zuweisung von Mailboxen an gr\u00f6\u00dfere Nutzermengen (<a href=\"https:\/\/hilfe.telekom-cloudcenter.de\/index.php\/nutzerverwaltung\/nutzerliste-importieren\/\">Nutzerimport<\/a>) erfolgt die Vergabe von E-Mail-Adressen \u00fcber die zuvor von Ihnen definierten Regeln f\u00fcr Mailadressen. Dabei k\u00f6nnen Sie festlegen, nach welchem Muster E-Mail-Adressen gebildet werden und welche Muster als prim\u00e4re sowie ggf. als Alias-E-Mail-Adressen verwendet werden sollen.<\/p>\n<p>F\u00fcr die Festlegung einer E-Mail-Adress-Regel benutzen Sie bitte die Platzhalter &#8220;<strong>%g&#8221;<\/strong>, &#8220;<strong>%s&#8221;<\/strong>, &#8220;<strong>%xs&#8221;<\/strong>\u00a0und &#8220;<strong>%xg&#8221;<\/strong>. Dabei steht &#8220;<strong>%g&#8221;<\/strong>\u00a0f\u00fcr den Vornamen und &#8220;<strong>%s&#8221;<\/strong>\u00a0f\u00fcr den Nachnamen eines Nutzers. Mit &#8220;<strong>%xs&#8221;<\/strong>\u00a0legen Sie fest, wie viele Buchstaben des Nachnamens verwendet werden sollen. &#8220;<strong>x&#8221;<\/strong>\u00a0ist dabei mit der entsprechenden Zahl zu ersetzen. Mit &#8220;<strong>%xg&#8221;<\/strong>\u00a0legen Sie fest, wie viele Buchstaben des Vornamens verwendet werden sollen. Auch hier ist &#8220;<strong>x&#8221;<\/strong>\u00a0dabei mit der entsprechenden Zahl zu ersetzen. Beispiel:<\/p>\n<p><strong>Beispiel: <\/strong><\/p>\n<p>Nach Eingabe von %g.%s und Auswahl einer Domain werden E-Mail-Adressen in der Form: max.mustermann@domain.tld angelegt.<br \/>\nNach Eingabe von %1g_%s und Auswahl einer Domain werden E-Mail-Adressen in der Form: m_mustermann@domain.tld angelegt.<br \/>\nWenn Sie stattdessen das Feld f\u00fcr den Local-Part der E-Mail-Adresse frei lassen, wird automatisch der Local-Part des UPN (User Principal Name) verwendet. Zur Veranschaulichung wird Ihnen jeweils eine Vorschau der E-Mail-Adresse in Abh\u00e4ngigkeit Ihrer Eingabe angezeigt.<\/p>\n<p><strong>Hinweis:<\/strong> Bitte beachten Sie, dass E-Mail-Adressen eine Gesamtl\u00e4nge von 255 Zeichen nicht \u00fcberschreiten d\u00fcrfen.<\/p>\n","protected":false},"excerpt":{"rendered":"<p>Beim Anlegen und Zuweisen von Mailboxen an einzelne Nutzer k\u00f6nnen Sie beliebige E-Mail-Adressen f\u00fcr die prim\u00e4re sowie f\u00fcr Alias-E-Mail-Adressen festlegen. Bei der Zuweisung von Mailboxen an gr\u00f6\u00dfere Nutzermengen (Nutzerimport) erfolgt die Vergabe von E-Mail-Adressen \u00fcber die zuvor von Ihnen definierten Regeln f\u00fcr Mailadressen. Dabei k\u00f6nnen Sie festlegen, nach welchem Muster E-Mail-Adressen gebildet werden und welche&#8230; <a href=\"https:\/\/hilfe.telekom-cloudcenter.de\/index.php\/produkte\/microsoft-exchange\/einstellungen-fur-exchange\/regeln-fur-mailadressen\/\">read more &raquo;<\/a><\/p>\n","protected":false},"author":1,"featured_media":0,"parent":369,"menu_order":0,"comment_status":"closed","ping_status":"closed","template":"","meta":{"footnotes":""},"_links":{"self":[{"href":"https:\/\/hilfe.telekom-cloudcenter.de\/index.php\/wp-json\/wp\/v2\/pages\/371"}],"collection":[{"href":"https:\/\/hilfe.telekom-cloudcenter.de\/index.php\/wp-json\/wp\/v2\/pages"}],"about":[{"href":"https:\/\/hilfe.telekom-cloudcenter.de\/index.php\/wp-json\/wp\/v2\/types\/page"}],"author":[{"embeddable":true,"href":"https:\/\/hilfe.telekom-cloudcenter.de\/index.php\/wp-json\/wp\/v2\/users\/1"}],"replies":[{"embeddable":true,"href":"https:\/\/hilfe.telekom-cloudcenter.de\/index.php\/wp-json\/wp\/v2\/comments?post=371"}],"version-history":[{"count":3,"href":"https:\/\/hilfe.telekom-cloudcenter.de\/index.php\/wp-json\/wp\/v2\/pages\/371\/revisions"}],"predecessor-version":[{"id":540,"href":"https:\/\/hilfe.telekom-cloudcenter.de\/index.php\/wp-json\/wp\/v2\/pages\/371\/revisions\/540"}],"up":[{"embeddable":true,"href":"https:\/\/hilfe.telekom-cloudcenter.de\/index.php\/wp-json\/wp\/v2\/pages\/369"}],"wp:attachment":[{"href":"https:\/\/hilfe.telekom-cloudcenter.de\/index.php\/wp-json\/wp\/v2\/media?parent=371"}],"curies":[{"name":"wp","href":"https:\/\/api.w.org\/{rel}","templated":true}]}}