{"id":376,"date":"2016-10-27T14:03:08","date_gmt":"2016-10-27T14:03:08","guid":{"rendered":"https:\/\/hilfe.telekom-cloudcenter.de\/?page_id=376"},"modified":"2016-10-27T14:13:27","modified_gmt":"2016-10-27T14:13:27","slug":"produktzuweisung-fuer-gruppenmitglieder-entfernen","status":"publish","type":"page","link":"https:\/\/hilfe.telekom-cloudcenter.de\/index.php\/nutzerverwaltung\/gruppen\/gruppendetails\/produktzuweisung-fuer-gruppenmitglieder-entfernen\/","title":{"rendered":"Produktzuweisung f\u00fcr Gruppenmitglieder entfernen"},"content":{"rendered":"<p>In den Gruppendetails haben Sie ebenso die M\u00f6glichkeit vorhandene Produktzuweisungen f\u00fcr Gruppenmitglieder zu entfernen. W\u00e4hlen Sie hierzu die entsprechende Schaltfl\u00e4che zum L\u00f6schen bzw. Entziehen von Produkt- und\/oder Lizenzzuweisungen in der jeweiligen Datenbox (z.B. Mailboxdaten).\u00a0Zum Abschlie\u00dfen des Vorgangs best\u00e4tigen Sie die anschlie\u00dfende Sicherheitsabfrage mit &#8220;OK&#8221;.<\/p>\n<p><strong>Hinweis:<\/strong> Das Entfernen einer Produktzuweisung ist nur dann m\u00f6glich, wenn die\u00a0Gruppenmitglieder nicht f\u00fcr bestimmte administrative Aufgaben wie bspw. als Verwalter einer Ressourcenmailbox oder einer SharePoint Site-Collection festgelegt wurde.<\/p>\n","protected":false},"excerpt":{"rendered":"<p>In den Gruppendetails haben Sie ebenso die M\u00f6glichkeit vorhandene Produktzuweisungen f\u00fcr Gruppenmitglieder zu entfernen. W\u00e4hlen Sie hierzu die entsprechende Schaltfl\u00e4che zum L\u00f6schen bzw. Entziehen von Produkt- und\/oder Lizenzzuweisungen in der jeweiligen Datenbox (z.B. Mailboxdaten).\u00a0Zum Abschlie\u00dfen des Vorgangs best\u00e4tigen Sie die anschlie\u00dfende Sicherheitsabfrage mit &#8220;OK&#8221;. Hinweis: Das Entfernen einer Produktzuweisung ist nur dann m\u00f6glich, wenn die\u00a0Gruppenmitglieder&#8230; <a href=\"https:\/\/hilfe.telekom-cloudcenter.de\/index.php\/nutzerverwaltung\/gruppen\/gruppendetails\/produktzuweisung-fuer-gruppenmitglieder-entfernen\/\">read more &raquo;<\/a><\/p>\n","protected":false},"author":1,"featured_media":0,"parent":203,"menu_order":0,"comment_status":"closed","ping_status":"closed","template":"","meta":{"footnotes":""},"_links":{"self":[{"href":"https:\/\/hilfe.telekom-cloudcenter.de\/index.php\/wp-json\/wp\/v2\/pages\/376"}],"collection":[{"href":"https:\/\/hilfe.telekom-cloudcenter.de\/index.php\/wp-json\/wp\/v2\/pages"}],"about":[{"href":"https:\/\/hilfe.telekom-cloudcenter.de\/index.php\/wp-json\/wp\/v2\/types\/page"}],"author":[{"embeddable":true,"href":"https:\/\/hilfe.telekom-cloudcenter.de\/index.php\/wp-json\/wp\/v2\/users\/1"}],"replies":[{"embeddable":true,"href":"https:\/\/hilfe.telekom-cloudcenter.de\/index.php\/wp-json\/wp\/v2\/comments?post=376"}],"version-history":[{"count":4,"href":"https:\/\/hilfe.telekom-cloudcenter.de\/index.php\/wp-json\/wp\/v2\/pages\/376\/revisions"}],"predecessor-version":[{"id":380,"href":"https:\/\/hilfe.telekom-cloudcenter.de\/index.php\/wp-json\/wp\/v2\/pages\/376\/revisions\/380"}],"up":[{"embeddable":true,"href":"https:\/\/hilfe.telekom-cloudcenter.de\/index.php\/wp-json\/wp\/v2\/pages\/203"}],"wp:attachment":[{"href":"https:\/\/hilfe.telekom-cloudcenter.de\/index.php\/wp-json\/wp\/v2\/media?parent=376"}],"curies":[{"name":"wp","href":"https:\/\/api.w.org\/{rel}","templated":true}]}}