{"id":400,"date":"2016-11-18T09:59:51","date_gmt":"2016-11-18T09:59:51","guid":{"rendered":"https:\/\/hilfe.telekom-cloudcenter.de\/?page_id=400"},"modified":"2021-01-26T14:24:26","modified_gmt":"2021-01-26T14:24:26","slug":"active-directory-synchronisation","status":"publish","type":"page","link":"https:\/\/hilfe.telekom-cloudcenter.de\/index.php\/nutzerverwaltung\/active-directory-synchronisation\/","title":{"rendered":"Active Directory Synchronisation"},"content":{"rendered":"<p>Mit den Public Services der Telekom Plattform haben Sie die M\u00f6glichkeit Ihr Microsoft Active Directory mit dem Cloud Manager dauerhaft zu synchronisieren. Nach Buchung der entsprechenden Produktoption muss zun\u00e4chst eine VPN-Verbindung (Virtual Private Network Verbindung) zwischen Ihrer Infrastruktur und der Telekom Plattform aufgebaut werden. Anschlie\u00dfend k\u00f6nnen Sie die zu synchronisierenden Elemente (Container) im Cloud Manager ausw\u00e4hlen und die Einrichtung der Active Directory Synchronisation abschlie\u00dfen.<\/p>\n<p><strong>VPN-Verbindung einrichten<\/strong><\/p>\n<p>F\u00fcr die Einrichtung der VPN-Verbindung w\u00e4hlen Sie zun\u00e4chst den Men\u00fcpunkt &#8220;Active Directory Synchronisation&#8221; und geben anschlie\u00dfend die f\u00fcr die Einrichtung erforderlichen Daten im Formular ein. Neben den Kontaktdaten eines Ansprechpartners sind f\u00fcr die Verbindungseinrichtung sowohl die IP-Adresse des Tunnelendpunkts (externe IP-Adresse) als auch die interne IP-Adresse Ihres Active Directory Servers erforderlich. Stellen Sie bitte au\u00dferdem sicher, dass sich kein NAT-Ger\u00e4t oder Proxy-Server innerhalb des Tunnels befindet.<\/p>\n<p>Anschlie\u00dfend wird Ihnen eine Einrichtungsstatusseite angezeigt, die Sie \u00fcber die n\u00e4chsten Schritte informiert.\u00a0Sie erhalten nach \u00dcbermittlung Ihrer Daten werktags innerhalb von 24 Stunden eine E-Mail mit weiteren Instruktionen zur Einrichtung der VPN-Verbindung, die u.a. den f\u00fcr die Verbindung erforderlichen Hashwert beinhaltet.<\/p>\n<p><strong>Tunnel-Endpunkt auf Telekom-Seite<\/strong><\/p>\n<ul>\n<li>\u00d6ffentliche WAN-IP des Tunnel-Endpunktes 94.100.242.122<\/li>\n<li>Private IP des Systems hinter dem Tunnel-Endpunkt: 172.29.31.0, Maske: 255.255.255.0<\/li>\n<\/ul>\n<p>IKEv1-Daten:<\/p>\n<ul>\n<li>Phase 1:\n<ul>\n<li>Verschl\u00fcsselung: 256 Bit AES-CBC<\/li>\n<li>Integrit\u00e4t: SHA-2 256 Bit<\/li>\n<li>Schl\u00fcsselaustauschalgorithmus: MODP-3072<\/li>\n<li>Schl\u00fcsselg\u00fcltigkeit: 480 Minuten<\/li>\n<\/ul>\n<\/li>\n<li>Phase 2:\n<ul>\n<li>Verschl\u00fcsselung: 256 Bit AES-CBC<\/li>\n<li>Integrit\u00e4t: SHA-2 256 Bit<\/li>\n<li>Protokoll: ESP<\/li>\n<li>PFS: eingeschaltet mit MODP-3072<\/li>\n<li>Schl\u00fcsselg\u00fcltigkeit: 60 Minuten<\/li>\n<\/ul>\n<\/li>\n<\/ul>\n<p>Nach Abschluss der Verbindungseinrichtung k\u00f6nnen Sie an dieser Stelle mit der Einrichtung der Active Directory Synchronisation fortfahren.<\/p>\n","protected":false},"excerpt":{"rendered":"<p>Mit den Public Services der Telekom Plattform haben Sie die M\u00f6glichkeit Ihr Microsoft Active Directory mit dem Cloud Manager dauerhaft zu synchronisieren. Nach Buchung der entsprechenden Produktoption muss zun\u00e4chst eine VPN-Verbindung (Virtual Private Network Verbindung) zwischen Ihrer Infrastruktur und der Telekom Plattform aufgebaut werden. Anschlie\u00dfend k\u00f6nnen Sie die zu synchronisierenden Elemente (Container) im Cloud Manager&#8230; <a href=\"https:\/\/hilfe.telekom-cloudcenter.de\/index.php\/nutzerverwaltung\/active-directory-synchronisation\/\">read more &raquo;<\/a><\/p>\n","protected":false},"author":1,"featured_media":0,"parent":33,"menu_order":0,"comment_status":"closed","ping_status":"closed","template":"","meta":{"footnotes":""},"_links":{"self":[{"href":"https:\/\/hilfe.telekom-cloudcenter.de\/index.php\/wp-json\/wp\/v2\/pages\/400"}],"collection":[{"href":"https:\/\/hilfe.telekom-cloudcenter.de\/index.php\/wp-json\/wp\/v2\/pages"}],"about":[{"href":"https:\/\/hilfe.telekom-cloudcenter.de\/index.php\/wp-json\/wp\/v2\/types\/page"}],"author":[{"embeddable":true,"href":"https:\/\/hilfe.telekom-cloudcenter.de\/index.php\/wp-json\/wp\/v2\/users\/1"}],"replies":[{"embeddable":true,"href":"https:\/\/hilfe.telekom-cloudcenter.de\/index.php\/wp-json\/wp\/v2\/comments?post=400"}],"version-history":[{"count":4,"href":"https:\/\/hilfe.telekom-cloudcenter.de\/index.php\/wp-json\/wp\/v2\/pages\/400\/revisions"}],"predecessor-version":[{"id":5927,"href":"https:\/\/hilfe.telekom-cloudcenter.de\/index.php\/wp-json\/wp\/v2\/pages\/400\/revisions\/5927"}],"up":[{"embeddable":true,"href":"https:\/\/hilfe.telekom-cloudcenter.de\/index.php\/wp-json\/wp\/v2\/pages\/33"}],"wp:attachment":[{"href":"https:\/\/hilfe.telekom-cloudcenter.de\/index.php\/wp-json\/wp\/v2\/media?parent=400"}],"curies":[{"name":"wp","href":"https:\/\/api.w.org\/{rel}","templated":true}]}}