{"id":412,"date":"2016-11-18T10:40:01","date_gmt":"2016-11-18T10:40:01","guid":{"rendered":"https:\/\/hilfe.telekom-cloudcenter.de\/?page_id=412"},"modified":"2016-11-18T14:13:54","modified_gmt":"2016-11-18T14:13:54","slug":"active-directory-synchronisation-bearbeiten-beenden","status":"publish","type":"page","link":"https:\/\/hilfe.telekom-cloudcenter.de\/index.php\/nutzerverwaltung\/active-directory-synchronisation\/active-directory-synchronisation-bearbeiten-beenden\/","title":{"rendered":"Active Directory Synchronisation bearbeiten\/beenden"},"content":{"rendered":"<p><strong>Active Directory Synchronisation bearbeiten<\/strong><\/p>\n<p>Um die Verbindungs- und Synchronisierungsdaten zu bearbeiten, w\u00e4hlen Sie in der \u00dcbersichtsseite der Active Directory Synchronisierung die Schaltfl\u00e4che <strong>&#8220;Synchronisierung bearbeiten&#8221;<\/strong> und best\u00e4tigen die anschlie\u00dfende Sicherheitsabfrage mit <strong>&#8220;Ok&#8221;<\/strong>.<\/p>\n<p>Anschlie\u00dfend gelangen Sie in die Formularansicht zur Eingabe Ihrer Verbindungs- und Synchronisierungsdaten, in welcher Sie die entsprechenden Daten eingeben.<\/p>\n<p>Nach erfolgreichem Verbindungsaufbau zu Ihrem Active Directory w\u00e4hlen Sie in der Anzeige der AD-Verzeichnisstruktur die zu synchronisierenden AD-Container aus und best\u00e4tigen Ihre Eingaben durch Auswahl der Schaltfl\u00e4che <strong>&#8220;Speichern&#8221;<\/strong>.<\/p>\n<p>Nach Speicherung der Daten wird Ihnen eine Statusseite angezeigt, die Sie \u00fcber den Abschluss der Einrichtung informiert.<\/p>\n<p>Der Abschluss der Synchronisationseinrichtung erfolgt werktags innerhalb von 24 Stunden. Sie werden nach Abschluss der Einrichtung per E-Mail informiert. Synchronisierte Nutzer werden ab diesem Zeitpunkt mit dem Zusatz <em><strong>[sync]<\/strong><\/em> in der Nutzerverwaltung angezeigt.<\/p>\n<p><strong>Hinweis:<\/strong><\/p>\n<p>Wenn Sie bei der Bearbeitung der Synchronisierungsdaten bisher synchronisierte Container abw\u00e4hlen bzw. nicht wieder ausw\u00e4hlen, wird allen Nutzern, die sich in diesen Containern befinden, der Synchronisierungsstatus im Cloud Manager entzogen.\u00a0 Diese Nutzer werden jedoch nicht gel\u00f6scht!<\/p>\n<p><strong>Active Directory Synchronisation beenden<\/strong><\/p>\n<p>Um die Active Directory Synchronisierung zu beenden, w\u00e4hlen Sie in der \u00dcbersichtsseite der Active Directory Synchronisierung die Schaltfl\u00e4che <strong>&#8220;Synchronisierung beenden&#8221;<\/strong> und best\u00e4tigen die nachfolgende Sicherheitsabfrage mit <strong>&#8220;Ok&#8221;<\/strong>.\u00a0Nach erfolgreichem Beenden der Synchronisierung wird allen bisher synchronisierten Nutzern der Synchronisierungsstatus entzogen, wobei keine L\u00f6schung der Nutzer erfolgt.<\/p>\n","protected":false},"excerpt":{"rendered":"<p>Active Directory Synchronisation bearbeiten Um die Verbindungs- und Synchronisierungsdaten zu bearbeiten, w\u00e4hlen Sie in der \u00dcbersichtsseite der Active Directory Synchronisierung die Schaltfl\u00e4che &#8220;Synchronisierung bearbeiten&#8221; und best\u00e4tigen die anschlie\u00dfende Sicherheitsabfrage mit &#8220;Ok&#8221;. Anschlie\u00dfend gelangen Sie in die Formularansicht zur Eingabe Ihrer Verbindungs- und Synchronisierungsdaten, in welcher Sie die entsprechenden Daten eingeben. Nach erfolgreichem Verbindungsaufbau zu Ihrem&#8230; <a href=\"https:\/\/hilfe.telekom-cloudcenter.de\/index.php\/nutzerverwaltung\/active-directory-synchronisation\/active-directory-synchronisation-bearbeiten-beenden\/\">read more &raquo;<\/a><\/p>\n","protected":false},"author":1,"featured_media":0,"parent":400,"menu_order":0,"comment_status":"closed","ping_status":"closed","template":"","meta":{"footnotes":""},"_links":{"self":[{"href":"https:\/\/hilfe.telekom-cloudcenter.de\/index.php\/wp-json\/wp\/v2\/pages\/412"}],"collection":[{"href":"https:\/\/hilfe.telekom-cloudcenter.de\/index.php\/wp-json\/wp\/v2\/pages"}],"about":[{"href":"https:\/\/hilfe.telekom-cloudcenter.de\/index.php\/wp-json\/wp\/v2\/types\/page"}],"author":[{"embeddable":true,"href":"https:\/\/hilfe.telekom-cloudcenter.de\/index.php\/wp-json\/wp\/v2\/users\/1"}],"replies":[{"embeddable":true,"href":"https:\/\/hilfe.telekom-cloudcenter.de\/index.php\/wp-json\/wp\/v2\/comments?post=412"}],"version-history":[{"count":4,"href":"https:\/\/hilfe.telekom-cloudcenter.de\/index.php\/wp-json\/wp\/v2\/pages\/412\/revisions"}],"predecessor-version":[{"id":416,"href":"https:\/\/hilfe.telekom-cloudcenter.de\/index.php\/wp-json\/wp\/v2\/pages\/412\/revisions\/416"}],"up":[{"embeddable":true,"href":"https:\/\/hilfe.telekom-cloudcenter.de\/index.php\/wp-json\/wp\/v2\/pages\/400"}],"wp:attachment":[{"href":"https:\/\/hilfe.telekom-cloudcenter.de\/index.php\/wp-json\/wp\/v2\/media?parent=412"}],"curies":[{"name":"wp","href":"https:\/\/api.w.org\/{rel}","templated":true}]}}