{"id":423,"date":"2016-11-21T09:37:23","date_gmt":"2016-11-21T09:37:23","guid":{"rendered":"https:\/\/hilfe.telekom-cloudcenter.de\/?page_id=423"},"modified":"2016-11-21T15:03:03","modified_gmt":"2016-11-21T15:03:03","slug":"externe-kontakte","status":"publish","type":"page","link":"https:\/\/hilfe.telekom-cloudcenter.de\/index.php\/produkte\/microsoft-exchange\/externe-kontakte\/","title":{"rendered":"Externe Kontakte"},"content":{"rendered":"<p>F\u00fcr die Verwaltung von externen Kontakten w\u00e4hlen Sie den Men\u00fcpunkt <strong>&#8220;Externe Kontakte&#8221;<\/strong> in der Hauptnavigation. Anschlie\u00dfend werden Ihnen die f\u00fcr Ihre Organisation vorhandenen externen Kontakte angezeigt. Alle hier erfassten Kontakte erscheinen zus\u00e4tzlich zu den vorhandenen Mailbox-Nutzern im zentralen Adressbuch Ihres Outlook Clients bzw. Ihres Outlook Web Access.<\/p>\n<p>In die <a href=\"https:\/\/hilfe.telekom-cloudcenter.de\/index.php\/produkte\/microsoft-exchange\/externe-kontakte\/kontaktdetails\/\"><strong>Detailansicht eines Kontakts<\/strong><\/a> wechseln Sie, indem Sie per Mouse-Klick einen Kontakt\u00a0in der Liste ausw\u00e4hlen.<\/p>\n<p>Zus\u00e4tzlich stehen folgende Funktionen zur Verf\u00fcgung:<\/p>\n<ul>\n<li><a href=\"https:\/\/hilfe.telekom-cloudcenter.de\/index.php\/produkte\/microsoft-exchange\/externe-kontakte\/kontakt-anlegen\/\"><strong>&#8220;Kontakt anlegen&#8221;<\/strong><\/a> zum Anlegen eines neuen Kontakts<\/li>\n<li><a href=\"https:\/\/hilfe.telekom-cloudcenter.de\/index.php\/produkte\/microsoft-exchange\/externe-kontakte\/kontakt-loschen\/\"><strong>&#8220;Kontakt l\u00f6schen&#8221;<\/strong><\/a> zum L\u00f6schen eines oder mehrerer Kontakte<\/li>\n<\/ul>\n","protected":false},"excerpt":{"rendered":"<p>F\u00fcr die Verwaltung von externen Kontakten w\u00e4hlen Sie den Men\u00fcpunkt &#8220;Externe Kontakte&#8221; in der Hauptnavigation. Anschlie\u00dfend werden Ihnen die f\u00fcr Ihre Organisation vorhandenen externen Kontakte angezeigt. Alle hier erfassten Kontakte erscheinen zus\u00e4tzlich zu den vorhandenen Mailbox-Nutzern im zentralen Adressbuch Ihres Outlook Clients bzw. Ihres Outlook Web Access. In die Detailansicht eines Kontakts wechseln Sie, indem&#8230; <a href=\"https:\/\/hilfe.telekom-cloudcenter.de\/index.php\/produkte\/microsoft-exchange\/externe-kontakte\/\">read more &raquo;<\/a><\/p>\n","protected":false},"author":1,"featured_media":0,"parent":256,"menu_order":0,"comment_status":"closed","ping_status":"closed","template":"","meta":{"footnotes":""},"_links":{"self":[{"href":"https:\/\/hilfe.telekom-cloudcenter.de\/index.php\/wp-json\/wp\/v2\/pages\/423"}],"collection":[{"href":"https:\/\/hilfe.telekom-cloudcenter.de\/index.php\/wp-json\/wp\/v2\/pages"}],"about":[{"href":"https:\/\/hilfe.telekom-cloudcenter.de\/index.php\/wp-json\/wp\/v2\/types\/page"}],"author":[{"embeddable":true,"href":"https:\/\/hilfe.telekom-cloudcenter.de\/index.php\/wp-json\/wp\/v2\/users\/1"}],"replies":[{"embeddable":true,"href":"https:\/\/hilfe.telekom-cloudcenter.de\/index.php\/wp-json\/wp\/v2\/comments?post=423"}],"version-history":[{"count":3,"href":"https:\/\/hilfe.telekom-cloudcenter.de\/index.php\/wp-json\/wp\/v2\/pages\/423\/revisions"}],"predecessor-version":[{"id":509,"href":"https:\/\/hilfe.telekom-cloudcenter.de\/index.php\/wp-json\/wp\/v2\/pages\/423\/revisions\/509"}],"up":[{"embeddable":true,"href":"https:\/\/hilfe.telekom-cloudcenter.de\/index.php\/wp-json\/wp\/v2\/pages\/256"}],"wp:attachment":[{"href":"https:\/\/hilfe.telekom-cloudcenter.de\/index.php\/wp-json\/wp\/v2\/media?parent=423"}],"curies":[{"name":"wp","href":"https:\/\/api.w.org\/{rel}","templated":true}]}}